{"id":6305,"date":"2025-12-04T10:26:39","date_gmt":"2025-12-04T09:26:39","guid":{"rendered":"https:\/\/tallbergsgarden.se\/?page_id=6305"},"modified":"2025-12-04T10:26:51","modified_gmt":"2025-12-04T09:26:51","slug":"storhelger","status":"publish","type":"page","link":"https:\/\/tallbergsgarden.se\/en\/storhelger\/","title":{"rendered":"Storhelger"},"content":{"rendered":"\n  <div class=\"banner has-hover\" id=\"banner-445965656\">\n          <div class=\"banner-inner fill\">\n        <div class=\"banner-bg fill\" >\n            <img loading=\"lazy\" decoding=\"async\" width=\"1020\" height=\"682\" src=\"https:\/\/tallbergsgarden.se\/wp-content\/uploads\/2024\/05\/2008-05-30-211-1024x685.jpg\" class=\"bg attachment-large size-large\" alt=\"\" \/>                                    \n                    <\/div>\n\t\t\n        <div class=\"banner-layers container\">\n            <div class=\"fill banner-link\"><\/div>            \n   <div id=\"text-box-601814363\" class=\"text-box banner-layer x50 md-x50 lg-x50 y50 md-y50 lg-y50 res-text\">\n                                <div class=\"text-box-content text dark text-shadow-2\">\n              \n              <div class=\"text-inner text-center\">\n                  \n<h1 class=\"uppercase\"><strong data-start=\"1175\" data-end=\"1247\">Holiday Packages at T\u00e4llbergsg\u00e5rden<\/strong><br data-start=\"1247\" data-end=\"1250\" \/><br \/><\/h1>\n              <\/div>\n           <\/div>\n                            \n<style>\n#text-box-601814363 {\n  width: 79%;\n}\n#text-box-601814363 .text-box-content {\n  font-size: 80%;\n}\n@media (min-width:550px) {\n  #text-box-601814363 {\n    width: 60%;\n  }\n  #text-box-601814363 .text-box-content {\n    font-size: 100%;\n  }\n}\n<\/style>\n    <\/div>\n \n        <\/div>\n      <\/div>\n\n            \n<style>\n#banner-445965656 {\n  padding-top: 200px;\n}\n@media (min-width:550px) {\n  #banner-445965656 {\n    padding-top: 350px;\n  }\n}\n<\/style>\n  <\/div>\n\n\n\n\t<section class=\"section\" id=\"section_1116926348\">\n\t\t<div class=\"section-bg fill\" >\n\t\t\t\t\t\t\t\t\t\n\t\t\t\n\n\t\t<\/div>\n\n\t\t\n\n\t\t<div class=\"section-content relative\">\n\t\t\t\n<div class=\"row\"  id=\"row-945290738\">\n\n\t<div id=\"col-1430597586\" class=\"col medium-6 small-12 large-6\"  >\n\t\t\t\t<div class=\"col-inner\"  >\n\t\t\t\n\t\t\t\n<h2 style=\"text-align: center;\"><strong data-start=\"1403\" data-end=\"1424\">Christmas Package<\/strong> <br \/>3 or 4 nights<\/h2>\n\t<div class=\"img has-hover x md-x lg-x y md-y lg-y\" id=\"image_565357046\">\n\t\t\t\t\t\t\t\t<div class=\"img-inner image-cover dark\" style=\"padding-top:56.25%;\">\n\t\t\t<img loading=\"lazy\" decoding=\"async\" width=\"1020\" height=\"680\" src=\"https:\/\/tallbergsgarden.se\/wp-content\/uploads\/2024\/03\/nolog-Tallbergsgarden-dec-23-8207-1024x683.jpg\" class=\"attachment-large size-large\" alt=\"\" srcset=\"https:\/\/tallbergsgarden.se\/wp-content\/uploads\/2024\/03\/nolog-Tallbergsgarden-dec-23-8207-1024x683.jpg 1024w, https:\/\/tallbergsgarden.se\/wp-content\/uploads\/2024\/03\/nolog-Tallbergsgarden-dec-23-8207-300x200.jpg 300w, https:\/\/tallbergsgarden.se\/wp-content\/uploads\/2024\/03\/nolog-Tallbergsgarden-dec-23-8207-768x512.jpg 768w, https:\/\/tallbergsgarden.se\/wp-content\/uploads\/2024\/03\/nolog-Tallbergsgarden-dec-23-8207-1536x1024.jpg 1536w, https:\/\/tallbergsgarden.se\/wp-content\/uploads\/2024\/03\/nolog-Tallbergsgarden-dec-23-8207-2048x1365.jpg 2048w\" sizes=\"auto, (max-width: 1020px) 100vw, 1020px\" \/>\t\t\t\t\t\t\n\t\t\t\t\t<\/div>\n\t\t\t\t\t\t\t\t\n<style>\n#image_565357046 {\n  width: 90%;\n}\n<\/style>\n\t<\/div>\n\t\n<p data-start=\"104\" data-end=\"148\"><span style=\"font-size: 100%;\"><strong data-start=\"104\" data-end=\"146\">Celebrate Christmas at T\u00e4llbergsg\u00e5rden<\/strong><\/span><\/p>\n<p data-start=\"150\" data-end=\"370\"><span style=\"font-size: 100%;\">Warmly welcome to book your Christmas Package with us at T\u00e4llbergsg\u00e5rden Hotel. Let us take care of everything this Christmas, so you can sit back, relax, and enjoy cozy moments and festive meals in beautiful T\u00e4llberg.<\/span><\/p>\n<p data-start=\"372\" data-end=\"405\"><span style=\"font-size: 100%;\"><strong data-start=\"372\" data-end=\"403\">Christmas Package includes:<\/strong><\/span><\/p>\n<p data-start=\"408\" data-end=\"437\"><span style=\"font-size: 100%;\">3 or 4 nights accommodation<\/span><br \/><span style=\"font-size: 100%;\">3 or 4 breakfast buffets<br \/>1 x Christmas buffet on Christmas Eve<br \/>1 x Christmas lunch on December 25th<br \/>1 x Christmas dinner on Christmas Eve<br \/>2 or 3 x 3-course dinners<\/span><\/p>\n<p data-start=\"623\" data-end=\"636\"><span style=\"font-size: 100%;\"><strong data-start=\"623\" data-end=\"634\">Prices:<\/strong><\/span><\/p>\n<p data-start=\"639\" data-end=\"709\"><span style=\"font-size: 100%;\">4-night Christmas Package from SEK 8 295:- per person in a double room<\/span><br \/><span style=\"font-size: 100%;\">3-night Christmas Package from SEK 6 800:- per person in a double room<\/span><\/p>\n\t\t<\/div>\n\t\t\t\t\t<\/div>\n\n\t\n\n\t<div id=\"col-782147852\" class=\"col medium-6 small-12 large-6\"  >\n\t\t\t\t<div class=\"col-inner\"  >\n\t\t\t\n\t\t\t\n\t<div id=\"text-1404934124\" class=\"text\">\n\t\t\n<h2><strong data-start=\"1512\" data-end=\"1532\">New Year Package<br \/><\/strong>2 or 3 nights<\/h2>\n\t\t\n<style>\n#text-1404934124 {\n  text-align: center;\n}\n<\/style>\n\t<\/div>\n\t\n\t<div class=\"img has-hover x md-x lg-x y md-y lg-y\" id=\"image_555117148\">\n\t\t\t\t\t\t\t\t<div class=\"img-inner image-cover dark\" style=\"padding-top:56.25%;\">\n\t\t\t<img loading=\"lazy\" decoding=\"async\" width=\"700\" height=\"467\" src=\"https:\/\/tallbergsgarden.se\/wp-content\/uploads\/2019\/07\/nyarspaket.jpg\" class=\"attachment-large size-large\" alt=\"Fira ny\u00e5r i T\u00e4llberg\" srcset=\"https:\/\/tallbergsgarden.se\/wp-content\/uploads\/2019\/07\/nyarspaket.jpg 700w, https:\/\/tallbergsgarden.se\/wp-content\/uploads\/2019\/07\/nyarspaket-300x200.jpg 300w\" sizes=\"auto, (max-width: 700px) 100vw, 700px\" \/>\t\t\t\t\t\t\n\t\t\t\t\t<\/div>\n\t\t\t\t\t\t\t\t\n<style>\n#image_555117148 {\n  width: 90%;\n}\n<\/style>\n\t<\/div>\n\t\n<p data-start=\"143\" data-end=\"197\"><span style=\"font-size: 100%;\"><strong data-start=\"143\" data-end=\"195\">Celebrate New Year\u2019s in Style at T\u00e4llbergsg\u00e5rden<\/strong><\/span><\/p>\n<p data-start=\"199\" data-end=\"484\"><span style=\"font-size: 100%;\">End 2025 in total relaxation before stepping into 2026 with a toast! Our New Year\u2019s Package invites you to enjoy 2 or 3 nights of comfort and festive celebrations at T\u00e4llbergsg\u00e5rden, complete with gourmet dining, sparkling drinks, and cozy moments in the heart of beautiful T\u00e4llberg.<\/span><\/p>\n<p data-start=\"486\" data-end=\"525\"><span style=\"font-size: 100%;\"><strong data-start=\"486\" data-end=\"523\">Your New Year\u2019s Package includes:<\/strong><\/span><\/p>\n<p data-start=\"418\" data-end=\"447\"><span style=\"font-size: 100%;\">2 or 3 nights accommodation<\/span><br \/><span style=\"font-size: 100%;\">2 or 3 breakfast buffets<br \/>1 x lunch on New Year\u2019s Eve (included in 3-night package; optional for 2-night package)<br \/>1 or 2 x 3-course dinners<br \/>1 x New Year\u2019s Eve supper served at a long table in the dining room at 19:00<\/span><\/p>\n<p data-start=\"72\" data-end=\"85\"><strong data-start=\"72\" data-end=\"83\">Prices:<br \/><\/strong>3-night package from SEK 6,350 per person in a double room<br \/><span style=\"font-size: 14.4px;\">2-night package from SEK 4,850 per person in a double room<\/span><\/p>\n\t\t<\/div>\n\t\t\t\t\t<\/div>\n\n\t\n\n\t<div id=\"col-1773533164\" class=\"col medium-5 small-12 large-5\"  >\n\t\t\t\t<div class=\"col-inner\"  >\n\t\t\t\n\t\t\t\n\t<div id=\"text-1600999170\" class=\"text\">\n\t\t\n<h2><strong data-start=\"1603\" data-end=\"1621\">Easter Package<br \/><\/strong>2 nights<\/h2>\n\t\t\n<style>\n#text-1600999170 {\n  text-align: center;\n}\n<\/style>\n\t<\/div>\n\t\n\t\t<\/div>\n\t\t\t\t\t<\/div>\n\n\t\n\n\t<div id=\"col-1805499389\" class=\"col medium-7 small-12 large-7\"  >\n\t\t\t\t<div class=\"col-inner\"  >\n\t\t\t\n\t\t\t\n<h2 style=\"text-align: center;\"><strong data-start=\"1686\" data-end=\"1707\">Midsummer Package<\/strong> <br \/>3 nights<\/h2>\n\t\t<\/div>\n\t\t\t\t\t<\/div>\n\n\t\n\n\t<div id=\"col-1594958236\" class=\"col medium-6 small-12 large-6\"  >\n\t\t\t\t<div class=\"col-inner\"  >\n\t\t\t\n\t\t\t\n\t<div class=\"img has-hover x md-x lg-x y md-y lg-y\" id=\"image_2111994660\">\n\t\t\t\t\t\t\t\t<div class=\"img-inner dark\" >\n\t\t\t<img loading=\"lazy\" decoding=\"async\" width=\"300\" height=\"188\" src=\"https:\/\/tallbergsgarden.se\/wp-content\/uploads\/2022\/03\/easter-1024x640-1-300x188.jpg\" class=\"attachment-medium size-medium\" alt=\"\" srcset=\"https:\/\/tallbergsgarden.se\/wp-content\/uploads\/2022\/03\/easter-1024x640-1-300x188.jpg 300w, https:\/\/tallbergsgarden.se\/wp-content\/uploads\/2022\/03\/easter-1024x640-1-768x480.jpg 768w, https:\/\/tallbergsgarden.se\/wp-content\/uploads\/2022\/03\/easter-1024x640-1.jpg 1024w\" sizes=\"auto, (max-width: 300px) 100vw, 300px\" \/>\t\t\t\t\t\t\n\t\t\t\t\t<\/div>\n\t\t\t\t\t\t\t\t\n<style>\n#image_2111994660 {\n  width: 80%;\n}\n<\/style>\n\t<\/div>\n\t\n\t\t<\/div>\n\t\t\t\t\t<\/div>\n\n\t\n\n\t<div id=\"col-1180804225\" class=\"col medium-6 small-12 large-6\"  >\n\t\t\t\t<div class=\"col-inner\"  >\n\t\t\t\n\t\t\t\n\t<div class=\"img has-hover x md-x lg-x y md-y lg-y\" id=\"image_1985427900\">\n\t\t\t\t\t\t\t\t<div class=\"img-inner dark\" >\n\t\t\t<img loading=\"lazy\" decoding=\"async\" width=\"300\" height=\"200\" src=\"https:\/\/tallbergsgarden.se\/wp-content\/uploads\/2019\/07\/midsommar-300x200.jpg\" class=\"attachment-medium size-medium\" alt=\"Midsommar i T\u00e4llberg\" srcset=\"https:\/\/tallbergsgarden.se\/wp-content\/uploads\/2019\/07\/midsommar-300x200.jpg 300w, https:\/\/tallbergsgarden.se\/wp-content\/uploads\/2019\/07\/midsommar.jpg 700w\" sizes=\"auto, (max-width: 300px) 100vw, 300px\" \/>\t\t\t\t\t\t\n\t\t\t\t\t<\/div>\n\t\t\t\t\t\t\t\t\n<style>\n#image_1985427900 {\n  width: 80%;\n}\n<\/style>\n\t<\/div>\n\t\n\t\t<\/div>\n\t\t\t\t\t<\/div>\n\n\t\n\n\t<div id=\"col-1534848400\" class=\"col medium-6 small-12 large-6\"  >\n\t\t\t\t<div class=\"col-inner\"  >\n\t\t\t\n\t\t\t\n<p data-start=\"126\" data-end=\"284\">Celebrate Easter with a relaxing getaway in beautiful T\u00e4llberg. Our Easter Package is available for arrivals on Good Friday and departures on Easter Sunday.<\/p>\n<p data-start=\"286\" data-end=\"316\"><strong data-start=\"286\" data-end=\"314\">Easter Package includes:<br \/><\/strong><span style=\"font-size: 14.4px;\">Afternoon coffee with pastries upon arrival<br \/><\/span><span style=\"font-size: 14.4px;\">2 x 3-course dinners<br \/><\/span><span style=\"font-size: 14.4px;\">1 x Easter lunch on Saturday (12:30\u201315:00)<br \/><\/span><span style=\"font-size: 14.4px;\">2 x overnight stays<br \/><\/span><span style=\"font-size: 14.4px;\">2 x breakfast buffets<\/span><\/p>\n<p data-start=\"488\" data-end=\"546\"><strong data-start=\"488\" data-end=\"499\">Prices:<\/strong><br data-start=\"499\" data-end=\"502\" \/>From SEK 2 895:- per person in a double room<\/p>\n<p data-start=\"548\" data-end=\"584\"><strong data-start=\"548\" data-end=\"582\">Book Your Easter Package Today<\/strong><\/p>\n<p data-start=\"586\" data-end=\"713\">For bookings including children, please contact us directly by phone at +46 247 50850 or by email at <a class=\"decorated-link cursor-pointer\" rel=\"noopener\" data-start=\"687\" data-end=\"710\">info@tallbergsgarden.se<\/a>.<\/p>\n\t\t<\/div>\n\t\t\t\t\t<\/div>\n\n\t\n\n\t<div id=\"col-1025809042\" class=\"col medium-6 small-12 large-6\"  >\n\t\t\t\t<div class=\"col-inner\"  >\n\t\t\t\n\t\t\t\n<p data-start=\"127\" data-end=\"467\">Nowhere in Sweden is Midsummer celebrated quite like in Dalarna! Dress in your finest traditional attire, sing and dance around the maypole, and experience customs that have been cherished for generations. T\u00e4llbergsg\u00e5rden is just a stone\u2019s throw from the village\u2019s maypole and within walking distance of many festive Midsummer activities.<\/p>\n<p data-start=\"469\" data-end=\"502\"><strong data-start=\"469\" data-end=\"500\">Midsummer Package includes:<br \/><\/strong><span style=\"font-size: 14.4px;\">3 nights in one of our individually decorated rooms<br \/><\/span><span style=\"font-size: 14.4px;\">3 breakfast buffets<br \/><\/span><span style=\"font-size: 14.4px;\">3 x 3-course dinners<\/span><\/p>\n<p data-start=\"609\" data-end=\"651\"><strong data-start=\"609\" data-end=\"649\">Additional Midsummer Options:<br \/><\/strong>Midsummer Eve lunch buffet: SEK 595 per person<br \/><span style=\"font-size: 14.4px;\">Midsummer Day lunch buffet: SEK 495 per person<\/span><\/p>\n<p data-start=\"755\" data-end=\"820\"><strong data-start=\"755\" data-end=\"773\">Package Price:<\/strong><br data-start=\"773\" data-end=\"776\" \/>From SEK 6 250:- per person in a double room<\/p>\n<p data-start=\"822\" data-end=\"915\">Celebrate Midsummer with us and immerse yourself in one of Sweden\u2019s most iconic traditions!<\/p>\n\t\t<\/div>\n\t\t\t\t\t<\/div>\n\n\t\n<\/div>\n\t\t<\/div>\n\n\t\t\n<style>\n#section_1116926348 {\n  padding-top: 60px;\n  padding-bottom: 60px;\n}\n<\/style>\n\t<\/section>\n\t\n<div class=\"is-divider divider clearfix\" ><\/div>\n","protected":false},"excerpt":{"rendered":"","protected":false},"author":3,"featured_media":0,"parent":0,"menu_order":0,"comment_status":"closed","ping_status":"closed","template":"page-blank.php","meta":{"footnotes":""},"class_list":["post-6305","page","type-page","status-publish","hentry"],"yoast_head":"<!-- This site is optimized with the Yoast SEO plugin v27.5 - https:\/\/yoast.com\/product\/yoast-seo-wordpress\/ -->\n<title>Boka hotell i Dalarna - v\u00e5ra Storhelger - T\u00e4llbergsg\u00e5rden<\/title>\n<meta name=\"description\" content=\"Boka hotell i idylliska T\u00e4llberg. Upplev det \u00e4kta Dalarna, invid vackra Siljan. \u00c4t v\u00e5r prisbel\u00f6nta mat i restaurangen. V\u00e4lkommen!\" \/>\n<meta name=\"robots\" content=\"index, follow, max-snippet:-1, max-image-preview:large, max-video-preview:-1\" \/>\n<link rel=\"canonical\" href=\"https:\/\/tallbergsgarden.se\/en\/storhelger\/\" \/>\n<meta property=\"og:locale\" content=\"en_US\" \/>\n<meta property=\"og:type\" content=\"article\" \/>\n<meta property=\"og:title\" content=\"Boka hotell i Dalarna - v\u00e5ra Storhelger - T\u00e4llbergsg\u00e5rden\" \/>\n<meta property=\"og:description\" content=\"Boka hotell i idylliska T\u00e4llberg. Upplev det \u00e4kta Dalarna, invid vackra Siljan. \u00c4t v\u00e5r prisbel\u00f6nta mat i restaurangen. V\u00e4lkommen!\" \/>\n<meta property=\"og:url\" content=\"https:\/\/tallbergsgarden.se\/en\/storhelger\/\" \/>\n<meta property=\"og:site_name\" content=\"T\u00e4llbergsg\u00e5rden\" \/>\n<meta property=\"article:modified_time\" content=\"2025-12-04T09:26:51+00:00\" \/>\n<meta name=\"twitter:card\" content=\"summary_large_image\" \/>\n<meta name=\"twitter:label1\" content=\"Est. reading time\" \/>\n\t<meta name=\"twitter:data1\" content=\"7 minutes\" \/>\n<script type=\"application\/ld+json\" class=\"yoast-schema-graph\">{\"@context\":\"https:\\\/\\\/schema.org\",\"@graph\":[{\"@type\":\"WebPage\",\"@id\":\"https:\\\/\\\/tallbergsgarden.se\\\/en\\\/storhelger\\\/\",\"url\":\"https:\\\/\\\/tallbergsgarden.se\\\/en\\\/storhelger\\\/\",\"name\":\"Boka hotell i Dalarna - v\u00e5ra Storhelger - T\u00e4llbergsg\u00e5rden\",\"isPartOf\":{\"@id\":\"https:\\\/\\\/tallbergsgarden.se\\\/en\\\/#website\"},\"datePublished\":\"2025-12-04T09:26:39+00:00\",\"dateModified\":\"2025-12-04T09:26:51+00:00\",\"description\":\"Boka hotell i idylliska T\u00e4llberg. Upplev det \u00e4kta Dalarna, invid vackra Siljan. \u00c4t v\u00e5r prisbel\u00f6nta mat i restaurangen. V\u00e4lkommen!\",\"breadcrumb\":{\"@id\":\"https:\\\/\\\/tallbergsgarden.se\\\/en\\\/storhelger\\\/#breadcrumb\"},\"inLanguage\":\"en-US\",\"potentialAction\":[{\"@type\":\"ReadAction\",\"target\":[\"https:\\\/\\\/tallbergsgarden.se\\\/en\\\/storhelger\\\/\"]}]},{\"@type\":\"BreadcrumbList\",\"@id\":\"https:\\\/\\\/tallbergsgarden.se\\\/en\\\/storhelger\\\/#breadcrumb\",\"itemListElement\":[{\"@type\":\"ListItem\",\"position\":1,\"name\":\"Home\",\"item\":\"https:\\\/\\\/tallbergsgarden.se\\\/en\\\/\"},{\"@type\":\"ListItem\",\"position\":2,\"name\":\"Storhelger\"}]},{\"@type\":\"WebSite\",\"@id\":\"https:\\\/\\\/tallbergsgarden.se\\\/en\\\/#website\",\"url\":\"https:\\\/\\\/tallbergsgarden.se\\\/en\\\/\",\"name\":\"T\u00e4llbergsg\u00e5rden\",\"description\":\"Ett hotell med gamla anor som lyser med riktig dalaatmosf\u00e4r\",\"publisher\":{\"@id\":\"https:\\\/\\\/tallbergsgarden.se\\\/en\\\/#organization\"},\"potentialAction\":[{\"@type\":\"SearchAction\",\"target\":{\"@type\":\"EntryPoint\",\"urlTemplate\":\"https:\\\/\\\/tallbergsgarden.se\\\/en\\\/?s={search_term_string}\"},\"query-input\":{\"@type\":\"PropertyValueSpecification\",\"valueRequired\":true,\"valueName\":\"search_term_string\"}}],\"inLanguage\":\"en-US\"},{\"@type\":\"Organization\",\"@id\":\"https:\\\/\\\/tallbergsgarden.se\\\/en\\\/#organization\",\"name\":\"T\u00e4llbergsg\u00e5rden\",\"url\":\"https:\\\/\\\/tallbergsgarden.se\\\/en\\\/\",\"logo\":{\"@type\":\"ImageObject\",\"inLanguage\":\"en-US\",\"@id\":\"https:\\\/\\\/tallbergsgarden.se\\\/en\\\/#\\\/schema\\\/logo\\\/image\\\/\",\"url\":\"https:\\\/\\\/tallbergsgarden.se\\\/wp-content\\\/uploads\\\/2019\\\/06\\\/tallberg-logo.png\",\"contentUrl\":\"https:\\\/\\\/tallbergsgarden.se\\\/wp-content\\\/uploads\\\/2019\\\/06\\\/tallberg-logo.png\",\"width\":2750,\"height\":661,\"caption\":\"T\u00e4llbergsg\u00e5rden\"},\"image\":{\"@id\":\"https:\\\/\\\/tallbergsgarden.se\\\/en\\\/#\\\/schema\\\/logo\\\/image\\\/\"}}]}<\/script>\n<!-- \/ Yoast SEO plugin. -->","yoast_head_json":{"title":"Boka hotell i Dalarna - v\u00e5ra Storhelger - T\u00e4llbergsg\u00e5rden","description":"Boka hotell i idylliska T\u00e4llberg. Upplev det \u00e4kta Dalarna, invid vackra Siljan. \u00c4t v\u00e5r prisbel\u00f6nta mat i restaurangen. V\u00e4lkommen!","robots":{"index":"index","follow":"follow","max-snippet":"max-snippet:-1","max-image-preview":"max-image-preview:large","max-video-preview":"max-video-preview:-1"},"canonical":"https:\/\/tallbergsgarden.se\/en\/storhelger\/","og_locale":"en_US","og_type":"article","og_title":"Boka hotell i Dalarna - v\u00e5ra Storhelger - T\u00e4llbergsg\u00e5rden","og_description":"Boka hotell i idylliska T\u00e4llberg. Upplev det \u00e4kta Dalarna, invid vackra Siljan. \u00c4t v\u00e5r prisbel\u00f6nta mat i restaurangen. V\u00e4lkommen!","og_url":"https:\/\/tallbergsgarden.se\/en\/storhelger\/","og_site_name":"T\u00e4llbergsg\u00e5rden","article_modified_time":"2025-12-04T09:26:51+00:00","twitter_card":"summary_large_image","twitter_misc":{"Est. reading time":"7 minutes"},"schema":{"@context":"https:\/\/schema.org","@graph":[{"@type":"WebPage","@id":"https:\/\/tallbergsgarden.se\/en\/storhelger\/","url":"https:\/\/tallbergsgarden.se\/en\/storhelger\/","name":"Boka hotell i Dalarna - v\u00e5ra Storhelger - T\u00e4llbergsg\u00e5rden","isPartOf":{"@id":"https:\/\/tallbergsgarden.se\/en\/#website"},"datePublished":"2025-12-04T09:26:39+00:00","dateModified":"2025-12-04T09:26:51+00:00","description":"Boka hotell i idylliska T\u00e4llberg. Upplev det \u00e4kta Dalarna, invid vackra Siljan. \u00c4t v\u00e5r prisbel\u00f6nta mat i restaurangen. V\u00e4lkommen!","breadcrumb":{"@id":"https:\/\/tallbergsgarden.se\/en\/storhelger\/#breadcrumb"},"inLanguage":"en-US","potentialAction":[{"@type":"ReadAction","target":["https:\/\/tallbergsgarden.se\/en\/storhelger\/"]}]},{"@type":"BreadcrumbList","@id":"https:\/\/tallbergsgarden.se\/en\/storhelger\/#breadcrumb","itemListElement":[{"@type":"ListItem","position":1,"name":"Home","item":"https:\/\/tallbergsgarden.se\/en\/"},{"@type":"ListItem","position":2,"name":"Storhelger"}]},{"@type":"WebSite","@id":"https:\/\/tallbergsgarden.se\/en\/#website","url":"https:\/\/tallbergsgarden.se\/en\/","name":"T\u00e4llbergsg\u00e5rden","description":"Ett hotell med gamla anor som lyser med riktig dalaatmosf\u00e4r","publisher":{"@id":"https:\/\/tallbergsgarden.se\/en\/#organization"},"potentialAction":[{"@type":"SearchAction","target":{"@type":"EntryPoint","urlTemplate":"https:\/\/tallbergsgarden.se\/en\/?s={search_term_string}"},"query-input":{"@type":"PropertyValueSpecification","valueRequired":true,"valueName":"search_term_string"}}],"inLanguage":"en-US"},{"@type":"Organization","@id":"https:\/\/tallbergsgarden.se\/en\/#organization","name":"T\u00e4llbergsg\u00e5rden","url":"https:\/\/tallbergsgarden.se\/en\/","logo":{"@type":"ImageObject","inLanguage":"en-US","@id":"https:\/\/tallbergsgarden.se\/en\/#\/schema\/logo\/image\/","url":"https:\/\/tallbergsgarden.se\/wp-content\/uploads\/2019\/06\/tallberg-logo.png","contentUrl":"https:\/\/tallbergsgarden.se\/wp-content\/uploads\/2019\/06\/tallberg-logo.png","width":2750,"height":661,"caption":"T\u00e4llbergsg\u00e5rden"},"image":{"@id":"https:\/\/tallbergsgarden.se\/en\/#\/schema\/logo\/image\/"}}]}},"_links":{"self":[{"href":"https:\/\/tallbergsgarden.se\/en\/wp-json\/wp\/v2\/pages\/6305","targetHints":{"allow":["GET"]}}],"collection":[{"href":"https:\/\/tallbergsgarden.se\/en\/wp-json\/wp\/v2\/pages"}],"about":[{"href":"https:\/\/tallbergsgarden.se\/en\/wp-json\/wp\/v2\/types\/page"}],"author":[{"embeddable":true,"href":"https:\/\/tallbergsgarden.se\/en\/wp-json\/wp\/v2\/users\/3"}],"replies":[{"embeddable":true,"href":"https:\/\/tallbergsgarden.se\/en\/wp-json\/wp\/v2\/comments?post=6305"}],"version-history":[{"count":3,"href":"https:\/\/tallbergsgarden.se\/en\/wp-json\/wp\/v2\/pages\/6305\/revisions"}],"predecessor-version":[{"id":6308,"href":"https:\/\/tallbergsgarden.se\/en\/wp-json\/wp\/v2\/pages\/6305\/revisions\/6308"}],"wp:attachment":[{"href":"https:\/\/tallbergsgarden.se\/en\/wp-json\/wp\/v2\/media?parent=6305"}],"curies":[{"name":"wp","href":"https:\/\/api.w.org\/{rel}","templated":true}]}}