{"id":4514,"date":"2024-07-06T14:45:12","date_gmt":"2024-07-06T12:45:12","guid":{"rendered":"https:\/\/tallbergsgarden.se\/?page_id=4514"},"modified":"2024-07-06T18:46:49","modified_gmt":"2024-07-06T16:46:49","slug":"gifting-card","status":"publish","type":"page","link":"https:\/\/tallbergsgarden.se\/en\/gifting-card\/","title":{"rendered":"Gifting card"},"content":{"rendered":"\n  <div class=\"banner has-hover\" id=\"banner-836111683\">\n          <div class=\"banner-inner fill\">\n        <div class=\"banner-bg fill\" >\n            <img loading=\"lazy\" decoding=\"async\" width=\"1020\" height=\"357\" src=\"https:\/\/tallbergsgarden.se\/wp-content\/uploads\/2019\/10\/Presentkort1-1024x358.jpg\" class=\"bg attachment-large size-large\" alt=\"Presentkort T\u00e4llbergsg\u00e5rden\" \/>                        <div class=\"overlay\"><\/div>            \n                    <\/div>\n\t\t\n        <div class=\"banner-layers container\">\n            <div class=\"fill banner-link\"><\/div>            \n   <div id=\"text-box-1581070650\" class=\"text-box banner-layer x15 md-x15 lg-x15 y50 md-y50 lg-y50 res-text\">\n                                <div class=\"text-box-content text dark\">\n              \n              <div class=\"text-inner text-center\">\n                  \n<h3 class=\"uppercase\">GIFTING CARD<\/h3>\n<p>Gift cards are a nice present or surprise. You can buy a gift card online below. If you would like a more customized option, please contact us. The choice is yours!<\/p>\n<p>If you have the opportunity, you can also visit us at T\u00e4llbergsg\u00e5rden and we will solve it on the spot!<\/p>\n<a data-animate=\"fadeInLeft\" href=\"https:\/\/booking.tallbergsgarden.se\/se\/voucher\" target=\"_blank\" class=\"button white is-shade is-larger\" rel=\"noopener\" >\n\t\t<span>Buy a gifting card<\/span>\n\t<i class=\"icon-gift\" aria-hidden=\"true\"><\/i><\/a>\n\n<a data-animate=\"fadeInRight\" href=\"http:\/\/online.bookvisit.com\/package\/entervouchernumber?channelId=c4e59dd4-76fe-4c3b-a630-29e37a9bf1e2\" target=\"_blank\" class=\"button white is-shade is-larger\" rel=\"noopener\" >\n\t\t<span>I have a gifting card<\/span>\n\t<i class=\"icon-gift\" aria-hidden=\"true\"><\/i><\/a>\n\n              <\/div>\n           <\/div>\n                            \n<style>\n#text-box-1581070650 {\n  width: 89%;\n}\n#text-box-1581070650 .text-box-content {\n  font-size: 100%;\n}\n@media (min-width:550px) {\n  #text-box-1581070650 {\n    width: 69%;\n  }\n}\n<\/style>\n    <\/div>\n \n        <\/div>\n      <\/div>\n\n            \n<style>\n#banner-836111683 {\n  padding-top: 350px;\n}\n#banner-836111683 .overlay {\n  background-color: rgba(255,255,255,.5);\n}\n@media (min-width:550px) {\n  #banner-836111683 {\n    padding-top: 350px;\n  }\n}\n<\/style>\n  <\/div>\n\n\n<div class=\"row\"  id=\"row-1135857442\">\n\n\t<div id=\"col-1668596097\" class=\"col small-12 large-12\"  >\n\t\t\t\t<div class=\"col-inner\"  >\n\t\t\t\n\t\t\t\n\t\t<\/div>\n\t\t\t\t\t<\/div>\n\n\t\n<\/div>\n","protected":false},"excerpt":{"rendered":"","protected":false},"author":3,"featured_media":0,"parent":0,"menu_order":0,"comment_status":"closed","ping_status":"closed","template":"page-blank.php","meta":{"footnotes":""},"class_list":["post-4514","page","type-page","status-publish","hentry"],"yoast_head":"<!-- This site is optimized with the Yoast SEO plugin v27.1.1 - https:\/\/yoast.com\/product\/yoast-seo-wordpress\/ -->\n<title>Gifting card - T\u00e4llbergsg\u00e5rden<\/title>\n<meta name=\"robots\" content=\"index, follow, max-snippet:-1, max-image-preview:large, max-video-preview:-1\" \/>\n<link rel=\"canonical\" href=\"https:\/\/tallbergsgarden.se\/en\/gifting-card\/\" \/>\n<meta property=\"og:locale\" content=\"en_US\" \/>\n<meta property=\"og:type\" content=\"article\" \/>\n<meta property=\"og:title\" content=\"Gifting card - T\u00e4llbergsg\u00e5rden\" \/>\n<meta property=\"og:url\" content=\"https:\/\/tallbergsgarden.se\/en\/gifting-card\/\" \/>\n<meta property=\"og:site_name\" content=\"T\u00e4llbergsg\u00e5rden\" \/>\n<meta property=\"article:modified_time\" content=\"2024-07-06T16:46:49+00:00\" \/>\n<meta name=\"twitter:card\" content=\"summary_large_image\" \/>\n<script type=\"application\/ld+json\" class=\"yoast-schema-graph\">{\"@context\":\"https:\/\/schema.org\",\"@graph\":[{\"@type\":\"WebPage\",\"@id\":\"https:\/\/tallbergsgarden.se\/en\/gifting-card\/\",\"url\":\"https:\/\/tallbergsgarden.se\/en\/gifting-card\/\",\"name\":\"Gifting card - T\u00e4llbergsg\u00e5rden\",\"isPartOf\":{\"@id\":\"https:\/\/tallbergsgarden.se\/en\/#website\"},\"datePublished\":\"2024-07-06T12:45:12+00:00\",\"dateModified\":\"2024-07-06T16:46:49+00:00\",\"breadcrumb\":{\"@id\":\"https:\/\/tallbergsgarden.se\/en\/gifting-card\/#breadcrumb\"},\"inLanguage\":\"en-US\",\"potentialAction\":[{\"@type\":\"ReadAction\",\"target\":[\"https:\/\/tallbergsgarden.se\/en\/gifting-card\/\"]}]},{\"@type\":\"BreadcrumbList\",\"@id\":\"https:\/\/tallbergsgarden.se\/en\/gifting-card\/#breadcrumb\",\"itemListElement\":[{\"@type\":\"ListItem\",\"position\":1,\"name\":\"Home\",\"item\":\"https:\/\/tallbergsgarden.se\/en\/\"},{\"@type\":\"ListItem\",\"position\":2,\"name\":\"Gifting card\"}]},{\"@type\":\"WebSite\",\"@id\":\"https:\/\/tallbergsgarden.se\/en\/#website\",\"url\":\"https:\/\/tallbergsgarden.se\/en\/\",\"name\":\"T\u00e4llbergsg\u00e5rden\",\"description\":\"Ett hotell med gamla anor som lyser med riktig dalaatmosf\u00e4r\",\"publisher\":{\"@id\":\"https:\/\/tallbergsgarden.se\/en\/#organization\"},\"potentialAction\":[{\"@type\":\"SearchAction\",\"target\":{\"@type\":\"EntryPoint\",\"urlTemplate\":\"https:\/\/tallbergsgarden.se\/en\/?s={search_term_string}\"},\"query-input\":{\"@type\":\"PropertyValueSpecification\",\"valueRequired\":true,\"valueName\":\"search_term_string\"}}],\"inLanguage\":\"en-US\"},{\"@type\":\"Organization\",\"@id\":\"https:\/\/tallbergsgarden.se\/en\/#organization\",\"name\":\"T\u00e4llbergsg\u00e5rden\",\"url\":\"https:\/\/tallbergsgarden.se\/en\/\",\"logo\":{\"@type\":\"ImageObject\",\"inLanguage\":\"en-US\",\"@id\":\"https:\/\/tallbergsgarden.se\/en\/#\/schema\/logo\/image\/\",\"url\":\"https:\/\/tallbergsgarden.se\/wp-content\/uploads\/2019\/06\/tallberg-logo.png\",\"contentUrl\":\"https:\/\/tallbergsgarden.se\/wp-content\/uploads\/2019\/06\/tallberg-logo.png\",\"width\":2750,\"height\":661,\"caption\":\"T\u00e4llbergsg\u00e5rden\"},\"image\":{\"@id\":\"https:\/\/tallbergsgarden.se\/en\/#\/schema\/logo\/image\/\"}}]}<\/script>\n<!-- \/ Yoast SEO plugin. -->","yoast_head_json":{"title":"Gifting card - T\u00e4llbergsg\u00e5rden","robots":{"index":"index","follow":"follow","max-snippet":"max-snippet:-1","max-image-preview":"max-image-preview:large","max-video-preview":"max-video-preview:-1"},"canonical":"https:\/\/tallbergsgarden.se\/en\/gifting-card\/","og_locale":"en_US","og_type":"article","og_title":"Gifting card - T\u00e4llbergsg\u00e5rden","og_url":"https:\/\/tallbergsgarden.se\/en\/gifting-card\/","og_site_name":"T\u00e4llbergsg\u00e5rden","article_modified_time":"2024-07-06T16:46:49+00:00","twitter_card":"summary_large_image","schema":{"@context":"https:\/\/schema.org","@graph":[{"@type":"WebPage","@id":"https:\/\/tallbergsgarden.se\/en\/gifting-card\/","url":"https:\/\/tallbergsgarden.se\/en\/gifting-card\/","name":"Gifting card - T\u00e4llbergsg\u00e5rden","isPartOf":{"@id":"https:\/\/tallbergsgarden.se\/en\/#website"},"datePublished":"2024-07-06T12:45:12+00:00","dateModified":"2024-07-06T16:46:49+00:00","breadcrumb":{"@id":"https:\/\/tallbergsgarden.se\/en\/gifting-card\/#breadcrumb"},"inLanguage":"en-US","potentialAction":[{"@type":"ReadAction","target":["https:\/\/tallbergsgarden.se\/en\/gifting-card\/"]}]},{"@type":"BreadcrumbList","@id":"https:\/\/tallbergsgarden.se\/en\/gifting-card\/#breadcrumb","itemListElement":[{"@type":"ListItem","position":1,"name":"Home","item":"https:\/\/tallbergsgarden.se\/en\/"},{"@type":"ListItem","position":2,"name":"Gifting card"}]},{"@type":"WebSite","@id":"https:\/\/tallbergsgarden.se\/en\/#website","url":"https:\/\/tallbergsgarden.se\/en\/","name":"T\u00e4llbergsg\u00e5rden","description":"Ett hotell med gamla anor som lyser med riktig dalaatmosf\u00e4r","publisher":{"@id":"https:\/\/tallbergsgarden.se\/en\/#organization"},"potentialAction":[{"@type":"SearchAction","target":{"@type":"EntryPoint","urlTemplate":"https:\/\/tallbergsgarden.se\/en\/?s={search_term_string}"},"query-input":{"@type":"PropertyValueSpecification","valueRequired":true,"valueName":"search_term_string"}}],"inLanguage":"en-US"},{"@type":"Organization","@id":"https:\/\/tallbergsgarden.se\/en\/#organization","name":"T\u00e4llbergsg\u00e5rden","url":"https:\/\/tallbergsgarden.se\/en\/","logo":{"@type":"ImageObject","inLanguage":"en-US","@id":"https:\/\/tallbergsgarden.se\/en\/#\/schema\/logo\/image\/","url":"https:\/\/tallbergsgarden.se\/wp-content\/uploads\/2019\/06\/tallberg-logo.png","contentUrl":"https:\/\/tallbergsgarden.se\/wp-content\/uploads\/2019\/06\/tallberg-logo.png","width":2750,"height":661,"caption":"T\u00e4llbergsg\u00e5rden"},"image":{"@id":"https:\/\/tallbergsgarden.se\/en\/#\/schema\/logo\/image\/"}}]}},"_links":{"self":[{"href":"https:\/\/tallbergsgarden.se\/en\/wp-json\/wp\/v2\/pages\/4514","targetHints":{"allow":["GET"]}}],"collection":[{"href":"https:\/\/tallbergsgarden.se\/en\/wp-json\/wp\/v2\/pages"}],"about":[{"href":"https:\/\/tallbergsgarden.se\/en\/wp-json\/wp\/v2\/types\/page"}],"author":[{"embeddable":true,"href":"https:\/\/tallbergsgarden.se\/en\/wp-json\/wp\/v2\/users\/3"}],"replies":[{"embeddable":true,"href":"https:\/\/tallbergsgarden.se\/en\/wp-json\/wp\/v2\/comments?post=4514"}],"version-history":[{"count":5,"href":"https:\/\/tallbergsgarden.se\/en\/wp-json\/wp\/v2\/pages\/4514\/revisions"}],"predecessor-version":[{"id":4562,"href":"https:\/\/tallbergsgarden.se\/en\/wp-json\/wp\/v2\/pages\/4514\/revisions\/4562"}],"wp:attachment":[{"href":"https:\/\/tallbergsgarden.se\/en\/wp-json\/wp\/v2\/media?parent=4514"}],"curies":[{"name":"wp","href":"https:\/\/api.w.org\/{rel}","templated":true}]}}