{"id":4503,"date":"2024-07-06T14:27:06","date_gmt":"2024-07-06T12:27:06","guid":{"rendered":"https:\/\/tallbergsgarden.se\/?page_id=4503"},"modified":"2024-07-06T18:42:54","modified_gmt":"2024-07-06T16:42:54","slug":"minibar-price-list","status":"publish","type":"page","link":"https:\/\/tallbergsgarden.se\/en\/minibar-price-list\/","title":{"rendered":"Minibar price list"},"content":{"rendered":"\n  <div class=\"banner has-hover\" id=\"banner-245043516\">\n          <div class=\"banner-inner fill\">\n        <div class=\"banner-bg fill\" >\n            <img loading=\"lazy\" decoding=\"async\" width=\"1020\" height=\"357\" src=\"https:\/\/tallbergsgarden.se\/wp-content\/uploads\/2020\/10\/Presentkort1-1024x358.jpg\" class=\"bg attachment-large size-large\" alt=\"Presentkort T\u00e4llbergsg\u00e5rden\" \/>                        <div class=\"overlay\"><\/div>            \n                    <\/div>\n\t\t\n        <div class=\"banner-layers container\">\n            <div class=\"fill banner-link\"><\/div>            \n   <div id=\"text-box-59150144\" class=\"text-box banner-layer x50 md-x50 lg-x50 y50 md-y50 lg-y50 res-text\">\n                                <div class=\"text-box-content text dark text-shadow-1\">\n              \n              <div class=\"text-inner text-center\">\n                  \n<h1 class=\"uppercase\">Minibar<\/h1>\n<h2>Price list<\/h2>\n              <\/div>\n           <\/div>\n                            \n<style>\n#text-box-59150144 {\n  width: 100%;\n}\n#text-box-59150144 .text-box-content {\n  font-size: 100%;\n}\n@media (min-width:550px) {\n  #text-box-59150144 {\n    width: 60%;\n  }\n}\n<\/style>\n    <\/div>\n \n        <\/div>\n      <\/div>\n\n            \n<style>\n#banner-245043516 {\n  padding-top: 200px;\n}\n#banner-245043516 .overlay {\n  background-color: rgba(206, 157, 75, 0.8);\n}\n@media (min-width:550px) {\n  #banner-245043516 {\n    padding-top: 500px;\n  }\n}\n<\/style>\n  <\/div>\n\n\n\n\t<section class=\"section\" id=\"section_695924090\">\n\t\t<div class=\"section-bg fill\" >\n\t\t\t\t\t\t\t\t\t\n\t\t\t\n\n\t\t<\/div>\n\n\t\t\n\n\t\t<div class=\"section-content relative\">\n\t\t\t\n<div class=\"row\"  id=\"row-1977500140\">\n\n\t<div id=\"col-581779569\" class=\"col small-12 large-12\"  >\n\t\t\t\t<div class=\"col-inner text-center\"  >\n\t\t\t\n\t\t\t\n\t<div id=\"text-734421966\" class=\"text\">\n\t\t\n<p>\u00a0<\/p>\n<h1 style=\"text-align: center;\">M I N I B A R<\/h1>\n<p style=\"text-align: center;\">\u00a0<\/p>\n<h3 style=\"text-align: center;\">DRYCK\/<em>Beverages<\/em><\/h3>\n<p style=\"text-align: center;\">Vitt vin, fl 37,5cl\u00a0 \u00a0 \u00a0 \u00a0 \u00a0 \u00a0 \u00a0 \u00a0 \u00a0 \u00a0 \u00a0 \u00a0 \u00a0 \u00a0 200kr<br \/><em>White Wine\u00a0 \u00a0 \u00a0 \u00a0 \u00a0 \u00a0 \u00a0 \u00a0 \u00a0 \u00a0 \u00a0 \u00a0 \u00a0 \u00a0 \u00a0 \u00a0 \u00a0 \u00a0 \u00a0 \u00a0 \u00a0 \u00a0 \u00a0 \u00a0\u00a0<\/em><\/p>\n<p style=\"text-align: center;\">R\u00f6tt vin, fl 37,5cl\u00a0 \u00a0 \u00a0 \u00a0 \u00a0 \u00a0 \u00a0 \u00a0 \u00a0 \u00a0 \u00a0 \u00a0 \u00a0 200kr <br \/><em>Red Wine\u00a0 \u00a0 \u00a0 \u00a0 \u00a0 \u00a0 \u00a0 \u00a0 \u00a0 \u00a0 \u00a0 \u00a0 \u00a0 \u00a0 \u00a0 \u00a0 \u00a0 \u00a0 \u00a0 \u00a0 \u00a0 \u00a0 \u00a0 \u00a0 \u00a0 \u00a0<\/em><\/p>\n<p style=\"text-align: center;\">Mousserande vin, fl 37,5cl\u00a0 \u00a0 \u00a0 \u00a0 \u00a0250kr<br \/><em>Sparkling wine\u00a0 \u00a0 \u00a0 \u00a0 \u00a0 \u00a0 \u00a0 \u00a0 \u00a0 \u00a0 \u00a0 \u00a0 \u00a0 \u00a0 \u00a0 \u00a0 \u00a0 \u00a0 \u00a0 \u00a0 \u00a0<\/em><\/p>\n<p style=\"text-align: center;\">Lager\u00f6l, fl 33cl\u00a0 \u00a0 \u00a0 \u00a0 \u00a0 \u00a0 \u00a0 \u00a0 \u00a0 \u00a0 \u00a0 \u00a0 \u00a0 \u00a0 \u00a0 \u00a065kr<br \/><em>Lager\u00a0 \u00a0 \u00a0 \u00a0 \u00a0 \u00a0 \u00a0 \u00a0 \u00a0 \u00a0 \u00a0 \u00a0 \u00a0 \u00a0 \u00a0 \u00a0 \u00a0 \u00a0 \u00a0 \u00a0 \u00a0 \u00a0 \u00a0 \u00a0 \u00a0 \u00a0 \u00a0 \u00a0 \u00a0<\/em><\/p>\n<p style=\"text-align: center;\">Cider, fl. 33cl\u00a0 \u00a0 \u00a0 \u00a0 \u00a0 \u00a0 \u00a0 \u00a0 \u00a0 \u00a0 \u00a0 \u00a0 \u00a0 \u00a0 \u00a0 \u00a0 \u00a0 62kr<br \/><em>Cider\u00a0 \u00a0 \u00a0 \u00a0 \u00a0 \u00a0 \u00a0 \u00a0 \u00a0 \u00a0 \u00a0 \u00a0 \u00a0 \u00a0 \u00a0 \u00a0 \u00a0 \u00a0 \u00a0 \u00a0 \u00a0 \u00a0 \u00a0 \u00a0 \u00a0 \u00a0 \u00a0 \u00a0 \u00a0\u00a0<\/em><\/p>\n<p style=\"text-align: center;\">Vatten &amp; l\u00e4sk, fl 50cl\u00a0 \u00a0 \u00a0 \u00a0 \u00a0 \u00a0 \u00a0 \u00a0 \u00a0 \u00a0 \u00a0 30kr<br \/><em>Water &amp; soda\u00a0 \u00a0 \u00a0 \u00a0 \u00a0 \u00a0 \u00a0 \u00a0 \u00a0 \u00a0 \u00a0 \u00a0 \u00a0 \u00a0 \u00a0 \u00a0 \u00a0 \u00a0 \u00a0 \u00a0 \u00a0 \u00a0 \u00a0<\/em><\/p>\n<h3>\u00a0<\/h3>\n<h3 style=\"text-align: center;\">SNACKS<em>\/Snacks<\/em><\/h3>\n<p style=\"text-align: center;\">Chips, p\u00e5se\u00a0 \u00a0 \u00a0 \u00a0 \u00a0 \u00a0 \u00a0 \u00a0 \u00a0 \u00a0 \u00a0 \u00a0 \u00a0 \u00a0 \u00a0 \u00a0 \u00a0 \u00a0 \u00a0 30kr<br \/><em>Potato chips \u00a0 \u00a0 \u00a0 \u00a0 \u00a0 \u00a0 \u00a0 \u00a0 \u00a0 \u00a0 \u00a0 \u00a0 \u00a0 \u00a0 \u00a0 \u00a0 \u00a0 \u00a0<\/em>\u00a0 \u00a0 \u00a0 \u00a0 \u00a0\u00a0<\/p>\n<p style=\"text-align: center;\">N\u00f6tter, burk\u00a0 \u00a0 \u00a0 \u00a0 \u00a0 \u00a0 \u00a0 \u00a0 \u00a0 \u00a0 \u00a0 \u00a0 \u00a0 \u00a0 \u00a0 \u00a0 \u00a0 \u00a0 20kr<br \/><em>Nuts\u00a0 \u00a0 \u00a0 \u00a0 \u00a0 \u00a0 \u00a0 \u00a0 \u00a0 \u00a0 \u00a0 \u00a0 \u00a0 \u00a0 \u00a0 \u00a0 \u00a0 \u00a0 \u00a0 \u00a0 \u00a0 \u00a0 \u00a0 \u00a0 \u00a0 \u00a0 \u00a0 \u00a0 \u00a0 \u00a0<\/em><\/p>\n<p style=\"text-align: center;\">Marabou choklad. 1 st\u00a0 \u00a0 \u00a0 \u00a0 \u00a0 \u00a0 \u00a0 \u00a0 \u00a0 25Kr<br \/><em>Chocolate\u00a0 \u00a0 \u00a0 \u00a0 \u00a0 \u00a0 \u00a0 \u00a0 \u00a0 \u00a0 \u00a0 \u00a0 \u00a0 \u00a0 \u00a0 \u00a0 \u00a0 \u00a0 \u00a0 \u00a0 \u00a0 \u00a0 \u00a0 \u00a0 \u00a0<\/em><\/p>\n<p style=\"text-align: center;\">\u00a0<\/p>\n<p>\u00a0<\/p>\n<p style=\"text-align: center;\"><strong>Priserna \u00e4r per styck.<\/strong><\/p>\n<p style=\"text-align: center;\"><strong>\u00d6nskas p\u00e5fyllning, v\u00e4nligen\u00a0kontakta receptionen<\/strong><\/p>\n<p style=\"text-align: center;\"><em>Prices are quoted per item in SEK.\u00a0<\/em><em>If you wish to have your minibar\u00a0<\/em><em>refilled, please contact front desk<\/em><\/p>\n\t\t\n<style>\n#text-734421966 {\n  text-align: left;\n}\n<\/style>\n\t<\/div>\n\t\n\t\t<\/div>\n\t\t\t\t\t<\/div>\n\n\t\n<\/div>\n\t\t<\/div>\n\n\t\t\n<style>\n#section_695924090 {\n  padding-top: 60px;\n  padding-bottom: 60px;\n}\n<\/style>\n\t<\/section>\n\t\n","protected":false},"excerpt":{"rendered":"","protected":false},"author":3,"featured_media":0,"parent":0,"menu_order":0,"comment_status":"closed","ping_status":"closed","template":"page-blank.php","meta":{"footnotes":""},"class_list":["post-4503","page","type-page","status-publish","hentry"],"yoast_head":"<!-- This site is optimized with the Yoast SEO plugin v27.1.1 - https:\/\/yoast.com\/product\/yoast-seo-wordpress\/ -->\n<title>Minibar price list - T\u00e4llbergsg\u00e5rden<\/title>\n<meta name=\"robots\" content=\"index, follow, max-snippet:-1, max-image-preview:large, max-video-preview:-1\" \/>\n<link rel=\"canonical\" href=\"https:\/\/tallbergsgarden.se\/en\/minibar-price-list\/\" \/>\n<meta property=\"og:locale\" content=\"en_US\" \/>\n<meta property=\"og:type\" content=\"article\" \/>\n<meta property=\"og:title\" content=\"Minibar price list - T\u00e4llbergsg\u00e5rden\" \/>\n<meta property=\"og:url\" content=\"https:\/\/tallbergsgarden.se\/en\/minibar-price-list\/\" \/>\n<meta property=\"og:site_name\" content=\"T\u00e4llbergsg\u00e5rden\" \/>\n<meta property=\"article:modified_time\" content=\"2024-07-06T16:42:54+00:00\" \/>\n<meta name=\"twitter:card\" content=\"summary_large_image\" \/>\n<script type=\"application\/ld+json\" class=\"yoast-schema-graph\">{\"@context\":\"https:\/\/schema.org\",\"@graph\":[{\"@type\":\"WebPage\",\"@id\":\"https:\/\/tallbergsgarden.se\/en\/minibar-price-list\/\",\"url\":\"https:\/\/tallbergsgarden.se\/en\/minibar-price-list\/\",\"name\":\"Minibar price list - T\u00e4llbergsg\u00e5rden\",\"isPartOf\":{\"@id\":\"https:\/\/tallbergsgarden.se\/en\/#website\"},\"datePublished\":\"2024-07-06T12:27:06+00:00\",\"dateModified\":\"2024-07-06T16:42:54+00:00\",\"breadcrumb\":{\"@id\":\"https:\/\/tallbergsgarden.se\/en\/minibar-price-list\/#breadcrumb\"},\"inLanguage\":\"en-US\",\"potentialAction\":[{\"@type\":\"ReadAction\",\"target\":[\"https:\/\/tallbergsgarden.se\/en\/minibar-price-list\/\"]}]},{\"@type\":\"BreadcrumbList\",\"@id\":\"https:\/\/tallbergsgarden.se\/en\/minibar-price-list\/#breadcrumb\",\"itemListElement\":[{\"@type\":\"ListItem\",\"position\":1,\"name\":\"Home\",\"item\":\"https:\/\/tallbergsgarden.se\/en\/\"},{\"@type\":\"ListItem\",\"position\":2,\"name\":\"Minibar price list\"}]},{\"@type\":\"WebSite\",\"@id\":\"https:\/\/tallbergsgarden.se\/en\/#website\",\"url\":\"https:\/\/tallbergsgarden.se\/en\/\",\"name\":\"T\u00e4llbergsg\u00e5rden\",\"description\":\"Ett hotell med gamla anor som lyser med riktig dalaatmosf\u00e4r\",\"publisher\":{\"@id\":\"https:\/\/tallbergsgarden.se\/en\/#organization\"},\"potentialAction\":[{\"@type\":\"SearchAction\",\"target\":{\"@type\":\"EntryPoint\",\"urlTemplate\":\"https:\/\/tallbergsgarden.se\/en\/?s={search_term_string}\"},\"query-input\":{\"@type\":\"PropertyValueSpecification\",\"valueRequired\":true,\"valueName\":\"search_term_string\"}}],\"inLanguage\":\"en-US\"},{\"@type\":\"Organization\",\"@id\":\"https:\/\/tallbergsgarden.se\/en\/#organization\",\"name\":\"T\u00e4llbergsg\u00e5rden\",\"url\":\"https:\/\/tallbergsgarden.se\/en\/\",\"logo\":{\"@type\":\"ImageObject\",\"inLanguage\":\"en-US\",\"@id\":\"https:\/\/tallbergsgarden.se\/en\/#\/schema\/logo\/image\/\",\"url\":\"https:\/\/tallbergsgarden.se\/wp-content\/uploads\/2019\/06\/tallberg-logo.png\",\"contentUrl\":\"https:\/\/tallbergsgarden.se\/wp-content\/uploads\/2019\/06\/tallberg-logo.png\",\"width\":2750,\"height\":661,\"caption\":\"T\u00e4llbergsg\u00e5rden\"},\"image\":{\"@id\":\"https:\/\/tallbergsgarden.se\/en\/#\/schema\/logo\/image\/\"}}]}<\/script>\n<!-- \/ Yoast SEO plugin. -->","yoast_head_json":{"title":"Minibar price list - T\u00e4llbergsg\u00e5rden","robots":{"index":"index","follow":"follow","max-snippet":"max-snippet:-1","max-image-preview":"max-image-preview:large","max-video-preview":"max-video-preview:-1"},"canonical":"https:\/\/tallbergsgarden.se\/en\/minibar-price-list\/","og_locale":"en_US","og_type":"article","og_title":"Minibar price list - T\u00e4llbergsg\u00e5rden","og_url":"https:\/\/tallbergsgarden.se\/en\/minibar-price-list\/","og_site_name":"T\u00e4llbergsg\u00e5rden","article_modified_time":"2024-07-06T16:42:54+00:00","twitter_card":"summary_large_image","schema":{"@context":"https:\/\/schema.org","@graph":[{"@type":"WebPage","@id":"https:\/\/tallbergsgarden.se\/en\/minibar-price-list\/","url":"https:\/\/tallbergsgarden.se\/en\/minibar-price-list\/","name":"Minibar price list - T\u00e4llbergsg\u00e5rden","isPartOf":{"@id":"https:\/\/tallbergsgarden.se\/en\/#website"},"datePublished":"2024-07-06T12:27:06+00:00","dateModified":"2024-07-06T16:42:54+00:00","breadcrumb":{"@id":"https:\/\/tallbergsgarden.se\/en\/minibar-price-list\/#breadcrumb"},"inLanguage":"en-US","potentialAction":[{"@type":"ReadAction","target":["https:\/\/tallbergsgarden.se\/en\/minibar-price-list\/"]}]},{"@type":"BreadcrumbList","@id":"https:\/\/tallbergsgarden.se\/en\/minibar-price-list\/#breadcrumb","itemListElement":[{"@type":"ListItem","position":1,"name":"Home","item":"https:\/\/tallbergsgarden.se\/en\/"},{"@type":"ListItem","position":2,"name":"Minibar price list"}]},{"@type":"WebSite","@id":"https:\/\/tallbergsgarden.se\/en\/#website","url":"https:\/\/tallbergsgarden.se\/en\/","name":"T\u00e4llbergsg\u00e5rden","description":"Ett hotell med gamla anor som lyser med riktig dalaatmosf\u00e4r","publisher":{"@id":"https:\/\/tallbergsgarden.se\/en\/#organization"},"potentialAction":[{"@type":"SearchAction","target":{"@type":"EntryPoint","urlTemplate":"https:\/\/tallbergsgarden.se\/en\/?s={search_term_string}"},"query-input":{"@type":"PropertyValueSpecification","valueRequired":true,"valueName":"search_term_string"}}],"inLanguage":"en-US"},{"@type":"Organization","@id":"https:\/\/tallbergsgarden.se\/en\/#organization","name":"T\u00e4llbergsg\u00e5rden","url":"https:\/\/tallbergsgarden.se\/en\/","logo":{"@type":"ImageObject","inLanguage":"en-US","@id":"https:\/\/tallbergsgarden.se\/en\/#\/schema\/logo\/image\/","url":"https:\/\/tallbergsgarden.se\/wp-content\/uploads\/2019\/06\/tallberg-logo.png","contentUrl":"https:\/\/tallbergsgarden.se\/wp-content\/uploads\/2019\/06\/tallberg-logo.png","width":2750,"height":661,"caption":"T\u00e4llbergsg\u00e5rden"},"image":{"@id":"https:\/\/tallbergsgarden.se\/en\/#\/schema\/logo\/image\/"}}]}},"_links":{"self":[{"href":"https:\/\/tallbergsgarden.se\/en\/wp-json\/wp\/v2\/pages\/4503","targetHints":{"allow":["GET"]}}],"collection":[{"href":"https:\/\/tallbergsgarden.se\/en\/wp-json\/wp\/v2\/pages"}],"about":[{"href":"https:\/\/tallbergsgarden.se\/en\/wp-json\/wp\/v2\/types\/page"}],"author":[{"embeddable":true,"href":"https:\/\/tallbergsgarden.se\/en\/wp-json\/wp\/v2\/users\/3"}],"replies":[{"embeddable":true,"href":"https:\/\/tallbergsgarden.se\/en\/wp-json\/wp\/v2\/comments?post=4503"}],"version-history":[{"count":3,"href":"https:\/\/tallbergsgarden.se\/en\/wp-json\/wp\/v2\/pages\/4503\/revisions"}],"predecessor-version":[{"id":4559,"href":"https:\/\/tallbergsgarden.se\/en\/wp-json\/wp\/v2\/pages\/4503\/revisions\/4559"}],"wp:attachment":[{"href":"https:\/\/tallbergsgarden.se\/en\/wp-json\/wp\/v2\/media?parent=4503"}],"curies":[{"name":"wp","href":"https:\/\/api.w.org\/{rel}","templated":true}]}}