{"id":4496,"date":"2024-07-06T14:15:06","date_gmt":"2024-07-06T12:15:06","guid":{"rendered":"https:\/\/tallbergsgarden.se\/?page_id=4496"},"modified":"2026-03-08T09:27:02","modified_gmt":"2026-03-08T08:27:02","slug":"lunch-at-tallbergsgarden","status":"publish","type":"page","link":"https:\/\/tallbergsgarden.se\/en\/lunch-at-tallbergsgarden\/","title":{"rendered":"Lunch at T\u00e4llbergsg\u00e5rden"},"content":{"rendered":"\n  <div class=\"banner has-hover\" id=\"banner-645644996\">\n          <div class=\"banner-inner fill\">\n        <div class=\"banner-bg fill\" >\n            <img loading=\"lazy\" decoding=\"async\" width=\"200\" height=\"300\" src=\"https:\/\/tallbergsgarden.se\/wp-content\/uploads\/2019\/11\/Tallbergsgarden004_mini-e1751191821884.jpg\" class=\"bg attachment-original size-original\" alt=\"\" \/>                        <div class=\"overlay\"><\/div>            \n                    <\/div>\n\t\t\n        <div class=\"banner-layers container\">\n            <div class=\"fill banner-link\"><\/div>            \n   <div id=\"text-box-929588545\" class=\"text-box banner-layer x50 md-x50 lg-x50 y50 md-y50 lg-y50 res-text\">\n                                <div class=\"text-box-content text dark\">\n              \n              <div class=\"text-inner text-center\">\n                  \n<h3 class=\"uppercase\">Lunch<br \/>\nat t\u00e4llbergsg\u00e5rden<\/h3>\n              <\/div>\n           <\/div>\n                            \n<style>\n#text-box-929588545 {\n  width: 60%;\n}\n#text-box-929588545 .text-box-content {\n  font-size: 100%;\n}\n<\/style>\n    <\/div>\n \n        <\/div>\n      <\/div>\n\n            \n<style>\n#banner-645644996 {\n  padding-top: 250px;\n}\n#banner-645644996 .overlay {\n  background-color: rgba(0, 0, 0, 0.17);\n}\n#banner-645644996 .banner-bg img {\n  object-position: 0% 55%;\n}\n<\/style>\n  <\/div>\n\n\n<p style=\"text-align: center;\">\n<p style=\"text-align: center;\">Warmly welcome with questions at 0247 50850 or info@tallbergsgarden.se<br \/>\nWarmly welcome with table reservations<\/p>\n<p style=\"text-align: center;\">\n","protected":false},"excerpt":{"rendered":"<p>Warmly welcome with questions at 0247 50850 or info@tallbergsgarden.se Warmly welcome with table reservations<\/p>\n","protected":false},"author":3,"featured_media":0,"parent":0,"menu_order":0,"comment_status":"closed","ping_status":"closed","template":"","meta":{"footnotes":""},"class_list":["post-4496","page","type-page","status-publish","hentry"],"yoast_head":"<!-- This site is optimized with the Yoast SEO plugin v27.1.1 - https:\/\/yoast.com\/product\/yoast-seo-wordpress\/ -->\n<title>Lunch at T\u00e4llbergsg\u00e5rden - T\u00e4llbergsg\u00e5rden<\/title>\n<meta name=\"robots\" content=\"index, follow, max-snippet:-1, max-image-preview:large, max-video-preview:-1\" \/>\n<link rel=\"canonical\" href=\"https:\/\/tallbergsgarden.se\/en\/lunch-at-tallbergsgarden\/\" \/>\n<meta property=\"og:locale\" content=\"en_US\" \/>\n<meta property=\"og:type\" content=\"article\" \/>\n<meta property=\"og:title\" content=\"Lunch at T\u00e4llbergsg\u00e5rden - T\u00e4llbergsg\u00e5rden\" \/>\n<meta property=\"og:description\" content=\"Warmly welcome with questions at 0247 50850 or info@tallbergsgarden.se Warmly welcome with table reservations\" \/>\n<meta property=\"og:url\" content=\"https:\/\/tallbergsgarden.se\/en\/lunch-at-tallbergsgarden\/\" \/>\n<meta property=\"og:site_name\" content=\"T\u00e4llbergsg\u00e5rden\" \/>\n<meta property=\"article:modified_time\" content=\"2026-03-08T08:27:02+00:00\" \/>\n<meta name=\"twitter:card\" content=\"summary_large_image\" \/>\n<meta name=\"twitter:label1\" content=\"Est. reading time\" \/>\n\t<meta name=\"twitter:data1\" content=\"1 minute\" \/>\n<script type=\"application\/ld+json\" class=\"yoast-schema-graph\">{\"@context\":\"https:\/\/schema.org\",\"@graph\":[{\"@type\":\"WebPage\",\"@id\":\"https:\/\/tallbergsgarden.se\/en\/lunch-at-tallbergsgarden\/\",\"url\":\"https:\/\/tallbergsgarden.se\/en\/lunch-at-tallbergsgarden\/\",\"name\":\"Lunch at T\u00e4llbergsg\u00e5rden - T\u00e4llbergsg\u00e5rden\",\"isPartOf\":{\"@id\":\"https:\/\/tallbergsgarden.se\/en\/#website\"},\"datePublished\":\"2024-07-06T12:15:06+00:00\",\"dateModified\":\"2026-03-08T08:27:02+00:00\",\"breadcrumb\":{\"@id\":\"https:\/\/tallbergsgarden.se\/en\/lunch-at-tallbergsgarden\/#breadcrumb\"},\"inLanguage\":\"en-US\",\"potentialAction\":[{\"@type\":\"ReadAction\",\"target\":[\"https:\/\/tallbergsgarden.se\/en\/lunch-at-tallbergsgarden\/\"]}]},{\"@type\":\"BreadcrumbList\",\"@id\":\"https:\/\/tallbergsgarden.se\/en\/lunch-at-tallbergsgarden\/#breadcrumb\",\"itemListElement\":[{\"@type\":\"ListItem\",\"position\":1,\"name\":\"Home\",\"item\":\"https:\/\/tallbergsgarden.se\/en\/\"},{\"@type\":\"ListItem\",\"position\":2,\"name\":\"Lunch at T\u00e4llbergsg\u00e5rden\"}]},{\"@type\":\"WebSite\",\"@id\":\"https:\/\/tallbergsgarden.se\/en\/#website\",\"url\":\"https:\/\/tallbergsgarden.se\/en\/\",\"name\":\"T\u00e4llbergsg\u00e5rden\",\"description\":\"Ett hotell med gamla anor som lyser med riktig dalaatmosf\u00e4r\",\"publisher\":{\"@id\":\"https:\/\/tallbergsgarden.se\/en\/#organization\"},\"potentialAction\":[{\"@type\":\"SearchAction\",\"target\":{\"@type\":\"EntryPoint\",\"urlTemplate\":\"https:\/\/tallbergsgarden.se\/en\/?s={search_term_string}\"},\"query-input\":{\"@type\":\"PropertyValueSpecification\",\"valueRequired\":true,\"valueName\":\"search_term_string\"}}],\"inLanguage\":\"en-US\"},{\"@type\":\"Organization\",\"@id\":\"https:\/\/tallbergsgarden.se\/en\/#organization\",\"name\":\"T\u00e4llbergsg\u00e5rden\",\"url\":\"https:\/\/tallbergsgarden.se\/en\/\",\"logo\":{\"@type\":\"ImageObject\",\"inLanguage\":\"en-US\",\"@id\":\"https:\/\/tallbergsgarden.se\/en\/#\/schema\/logo\/image\/\",\"url\":\"https:\/\/tallbergsgarden.se\/wp-content\/uploads\/2019\/06\/tallberg-logo.png\",\"contentUrl\":\"https:\/\/tallbergsgarden.se\/wp-content\/uploads\/2019\/06\/tallberg-logo.png\",\"width\":2750,\"height\":661,\"caption\":\"T\u00e4llbergsg\u00e5rden\"},\"image\":{\"@id\":\"https:\/\/tallbergsgarden.se\/en\/#\/schema\/logo\/image\/\"}}]}<\/script>\n<!-- \/ Yoast SEO plugin. -->","yoast_head_json":{"title":"Lunch at T\u00e4llbergsg\u00e5rden - T\u00e4llbergsg\u00e5rden","robots":{"index":"index","follow":"follow","max-snippet":"max-snippet:-1","max-image-preview":"max-image-preview:large","max-video-preview":"max-video-preview:-1"},"canonical":"https:\/\/tallbergsgarden.se\/en\/lunch-at-tallbergsgarden\/","og_locale":"en_US","og_type":"article","og_title":"Lunch at T\u00e4llbergsg\u00e5rden - T\u00e4llbergsg\u00e5rden","og_description":"Warmly welcome with questions at 0247 50850 or info@tallbergsgarden.se Warmly welcome with table reservations","og_url":"https:\/\/tallbergsgarden.se\/en\/lunch-at-tallbergsgarden\/","og_site_name":"T\u00e4llbergsg\u00e5rden","article_modified_time":"2026-03-08T08:27:02+00:00","twitter_card":"summary_large_image","twitter_misc":{"Est. reading time":"1 minute"},"schema":{"@context":"https:\/\/schema.org","@graph":[{"@type":"WebPage","@id":"https:\/\/tallbergsgarden.se\/en\/lunch-at-tallbergsgarden\/","url":"https:\/\/tallbergsgarden.se\/en\/lunch-at-tallbergsgarden\/","name":"Lunch at T\u00e4llbergsg\u00e5rden - T\u00e4llbergsg\u00e5rden","isPartOf":{"@id":"https:\/\/tallbergsgarden.se\/en\/#website"},"datePublished":"2024-07-06T12:15:06+00:00","dateModified":"2026-03-08T08:27:02+00:00","breadcrumb":{"@id":"https:\/\/tallbergsgarden.se\/en\/lunch-at-tallbergsgarden\/#breadcrumb"},"inLanguage":"en-US","potentialAction":[{"@type":"ReadAction","target":["https:\/\/tallbergsgarden.se\/en\/lunch-at-tallbergsgarden\/"]}]},{"@type":"BreadcrumbList","@id":"https:\/\/tallbergsgarden.se\/en\/lunch-at-tallbergsgarden\/#breadcrumb","itemListElement":[{"@type":"ListItem","position":1,"name":"Home","item":"https:\/\/tallbergsgarden.se\/en\/"},{"@type":"ListItem","position":2,"name":"Lunch at T\u00e4llbergsg\u00e5rden"}]},{"@type":"WebSite","@id":"https:\/\/tallbergsgarden.se\/en\/#website","url":"https:\/\/tallbergsgarden.se\/en\/","name":"T\u00e4llbergsg\u00e5rden","description":"Ett hotell med gamla anor som lyser med riktig dalaatmosf\u00e4r","publisher":{"@id":"https:\/\/tallbergsgarden.se\/en\/#organization"},"potentialAction":[{"@type":"SearchAction","target":{"@type":"EntryPoint","urlTemplate":"https:\/\/tallbergsgarden.se\/en\/?s={search_term_string}"},"query-input":{"@type":"PropertyValueSpecification","valueRequired":true,"valueName":"search_term_string"}}],"inLanguage":"en-US"},{"@type":"Organization","@id":"https:\/\/tallbergsgarden.se\/en\/#organization","name":"T\u00e4llbergsg\u00e5rden","url":"https:\/\/tallbergsgarden.se\/en\/","logo":{"@type":"ImageObject","inLanguage":"en-US","@id":"https:\/\/tallbergsgarden.se\/en\/#\/schema\/logo\/image\/","url":"https:\/\/tallbergsgarden.se\/wp-content\/uploads\/2019\/06\/tallberg-logo.png","contentUrl":"https:\/\/tallbergsgarden.se\/wp-content\/uploads\/2019\/06\/tallberg-logo.png","width":2750,"height":661,"caption":"T\u00e4llbergsg\u00e5rden"},"image":{"@id":"https:\/\/tallbergsgarden.se\/en\/#\/schema\/logo\/image\/"}}]}},"_links":{"self":[{"href":"https:\/\/tallbergsgarden.se\/en\/wp-json\/wp\/v2\/pages\/4496","targetHints":{"allow":["GET"]}}],"collection":[{"href":"https:\/\/tallbergsgarden.se\/en\/wp-json\/wp\/v2\/pages"}],"about":[{"href":"https:\/\/tallbergsgarden.se\/en\/wp-json\/wp\/v2\/types\/page"}],"author":[{"embeddable":true,"href":"https:\/\/tallbergsgarden.se\/en\/wp-json\/wp\/v2\/users\/3"}],"replies":[{"embeddable":true,"href":"https:\/\/tallbergsgarden.se\/en\/wp-json\/wp\/v2\/comments?post=4496"}],"version-history":[{"count":14,"href":"https:\/\/tallbergsgarden.se\/en\/wp-json\/wp\/v2\/pages\/4496\/revisions"}],"predecessor-version":[{"id":6670,"href":"https:\/\/tallbergsgarden.se\/en\/wp-json\/wp\/v2\/pages\/4496\/revisions\/6670"}],"wp:attachment":[{"href":"https:\/\/tallbergsgarden.se\/en\/wp-json\/wp\/v2\/media?parent=4496"}],"curies":[{"name":"wp","href":"https:\/\/api.w.org\/{rel}","templated":true}]}}