{"id":4492,"date":"2024-07-06T14:03:17","date_gmt":"2024-07-06T12:03:17","guid":{"rendered":"https:\/\/tallbergsgarden.se\/?page_id=4492"},"modified":"2024-07-07T13:19:06","modified_gmt":"2024-07-07T11:19:06","slug":"work-with-us","status":"publish","type":"page","link":"https:\/\/tallbergsgarden.se\/en\/work-with-us\/","title":{"rendered":"Work with us"},"content":{"rendered":"\n  <div class=\"banner has-hover\" id=\"banner-2011876294\">\n          <div class=\"banner-inner fill\">\n        <div class=\"banner-bg fill\" >\n                                                \n                    <\/div>\n\t\t\n        <div class=\"banner-layers container\">\n            <div class=\"fill banner-link\"><\/div>            \n   <div id=\"text-box-460854281\" class=\"text-box banner-layer x50 md-x50 lg-x50 y50 md-y50 lg-y50 res-text\">\n                                <div class=\"text-box-content text dark\">\n              \n              <div class=\"text-inner text-center\">\n                  \n<h1 class=\"uppercase\">work at T\u00e4llbergsg\u00e5rden<\/h1>\n<p>Do you want to work at T\u00e4llbergsg\u00e5rdens Hotel? Here you can see which services we currently have available. You can also send us a spontaneous application.<\/p>\n<a href=\"mailto:claes@tallbergsgarden.se\" class=\"button secondary is-outline is-large\" style=\"border-radius:10px;\">\n\t\t<span>spontaneous application<\/span>\n\t<\/a>\n\n              <\/div>\n           <\/div>\n                            \n<style>\n#text-box-460854281 {\n  width: 68%;\n}\n#text-box-460854281 .text-box-content {\n  font-size: 100%;\n}\n@media (min-width:550px) {\n  #text-box-460854281 {\n    width: 100%;\n  }\n}\n<\/style>\n    <\/div>\n \n        <\/div>\n      <\/div>\n\n            \n<style>\n#banner-2011876294 {\n  padding-top: 200px;\n}\n@media (min-width:550px) {\n  #banner-2011876294 {\n    padding-top: 500px;\n  }\n}\n<\/style>\n  <\/div>\n\n\n<div class=\"row\"  id=\"row-700813869\">\n\n\t<div id=\"col-1684844161\" class=\"col small-12 large-12\"  >\n\t\t\t\t<div class=\"col-inner\"  >\n\t\t\t\n\t\t\t\n<div class=\"row\"  id=\"row-801503471\">\n\n\t<div id=\"col-1817469452\" class=\"col medium-6 small-12 large-6\"  >\n\t\t\t\t<div class=\"col-inner\"  >\n\t\t\t\n\t\t\t\n<h3>Summer job<\/h3>\n<div dir=\"auto\"><span class=\"x3nfvp2 x1j61x8r x1fcty0u xdj266r xhhsvwb xat24cr xgzva0m xxymvpz xlup9mm x1kky2od\"><img loading=\"lazy\" decoding=\"async\" src=\"https:\/\/static.xx.fbcdn.net\/images\/emoji.php\/v9\/t6d\/1\/16\/2600.png\" alt=\"\u2600\ufe0f\" width=\"16\" height=\"16\" \/><\/span>Work with us this summer<span class=\"x3nfvp2 x1j61x8r x1fcty0u xdj266r xhhsvwb xat24cr xgzva0m xxymvpz xlup9mm x1kky2od\"><img loading=\"lazy\" decoding=\"async\" src=\"https:\/\/static.xx.fbcdn.net\/images\/emoji.php\/v9\/t6d\/1\/16\/2600.png\" alt=\"\u2600\ufe0f\" width=\"16\" height=\"16\" \/><\/span><\/div>\n<div dir=\"auto\">\u00a0<\/div>\n<div dir=\"auto\">Are you looking for new exciting challenges and want to work with service and give our guests the very best experience?<br \/>We are now looking for summer staff in most departments.<br \/>We are looking for:<br \/>Runners<\/div>\n<div dir=\"auto\">Dishwasher<br \/>Waitresses\/waiters<br \/>Chefs<br \/>Kitchen assistant<br \/>Head waiter<br \/>Breakfast hosts\/hostesses,<br \/>Receptionists<br \/>Cleaner<br \/>Janitor<br \/>Welcome with your application to rekrytering@tallbergsgarden.se<\/div>\n<a class=\"button primary\" style=\"border-radius:99px;\">\n\t\t<span>Apply Here!<\/span>\n\t<\/a>\n\n\t\t<\/div>\n\t\t\t\t\t<\/div>\n\n\t\n\n\t<div id=\"col-548693086\" class=\"col medium-6 small-12 large-6\"  >\n\t\t\t\t<div class=\"col-inner\"  >\n\t\t\t\n\t\t\t\n\t<div class=\"img has-hover x md-x lg-x y md-y lg-y\" id=\"image_600322210\">\n\t\t\t\t\t\t\t\t<div class=\"img-inner dark\" >\n\t\t\t<img loading=\"lazy\" decoding=\"async\" width=\"300\" height=\"192\" src=\"https:\/\/tallbergsgarden.se\/wp-content\/uploads\/2023\/02\/20220721_163132-300x192.jpg\" class=\"attachment-medium size-medium\" alt=\"\" srcset=\"https:\/\/tallbergsgarden.se\/wp-content\/uploads\/2023\/02\/20220721_163132-300x192.jpg 300w, https:\/\/tallbergsgarden.se\/wp-content\/uploads\/2023\/02\/20220721_163132-1024x655.jpg 1024w, https:\/\/tallbergsgarden.se\/wp-content\/uploads\/2023\/02\/20220721_163132-768x491.jpg 768w, https:\/\/tallbergsgarden.se\/wp-content\/uploads\/2023\/02\/20220721_163132-1536x982.jpg 1536w, https:\/\/tallbergsgarden.se\/wp-content\/uploads\/2023\/02\/20220721_163132-2048x1310.jpg 2048w\" sizes=\"auto, (max-width: 300px) 100vw, 300px\" \/>\t\t\t\t\t\t\n\t\t\t\t\t<\/div>\n\t\t\t\t\t\t\t\t\n<style>\n#image_600322210 {\n  width: 100%;\n}\n<\/style>\n\t<\/div>\n\t\n\t\t<\/div>\n\t\t\t\t\t<\/div>\n\n\t\n<\/div>\n\t<div id=\"gap-1428808920\" class=\"gap-element clearfix\" style=\"display:block; height:auto;\">\n\t\t\n<style>\n#gap-1428808920 {\n  padding-top: 50px;\n}\n<\/style>\n\t<\/div>\n\t\n<h1 class=\"uppercase\">chefs<\/h1>\n<div class=\"\" data-block=\"true\" data-editor=\"u5sr\" data-offset-key=\"b94d8-0-0\">\n<div class=\"public-DraftStyleDefault-block public-DraftStyleDefault-ltr\" data-offset-key=\"b94d8-0-0\">\n<p>We are now looking for a full-time chef with at least three years of professional experience and who has completed a hygiene program (HACCP). Preparation of \u00e0 la carte dishes as well as larger events such as weddings will be your tasks. You must be happy, positive, meticulous, ambitious and stress-resistant and able to work both in a team and independently. You will be offered work both day and evening as well as weekends.<\/p>\n<p>We offer secure employment, varied working hours and conditions according to the collective agreement.<\/p>\n<p>Are you interested? Do not hesitate to contact us! Submit your application today. The recruitment work takes place continuously during the application period. Email rekrytering@tallbergsgarden.se and mark the application with Sous chef or chef.<\/p>\n<p>Interviews take place on an ongoing basis and employment is by agreement.<\/p>\n<\/div>\n<\/div>\n<div class=\"\" data-block=\"true\" data-editor=\"u5sr\" data-offset-key=\"f6iej-0-0\">\n<div data-offset-key=\"f6iej-0-0\">\u00a0<\/div>\n<\/div>\n\t<div id=\"gap-1967557144\" class=\"gap-element clearfix\" style=\"display:block; height:auto;\">\n\t\t\n<style>\n#gap-1967557144 {\n  padding-top: 30px;\n}\n<\/style>\n\t<\/div>\n\t\n<a href=\"mailto:koket@tallbergsgarden.se\" class=\"button primary\" style=\"border-radius:10px;\">\n\t\t<span>apply \/ contact us<\/span>\n\t<\/a>\n\n\t\t<\/div>\n\t\t\t\t\t<\/div>\n\n\t\n<\/div>\n<div class=\"text-center\"><div class=\"is-divider divider clearfix\" style=\"margin-top:3.0em;margin-bottom:3.0em;max-width:800px;height:1px;background-color:rgb(0, 0, 0);\"><\/div><\/div>\n<div class=\"row\"  id=\"row-673373325\">\n\n\t<div id=\"col-182666287\" class=\"col small-12 large-12\"  >\n\t\t\t\t<div class=\"col-inner\"  >\n\t\t\t\n\t\t\t\n<div class=\"\" data-block=\"true\" data-editor=\"u5sr\" data-offset-key=\"b94d8-0-0\">\n<div class=\"public-DraftStyleDefault-block public-DraftStyleDefault-ltr\" data-offset-key=\"b94d8-0-0\">\n<h1 class=\"spacing break-title\" data-read-assistance-title=\"\">Restaurant Manager<\/h1>\n<p>We are looking for you with a good mood and a strong drive for service.<\/p>\n<p>Eye for details and interest in developing the business. We are looking for a person who wants to be responsible for moving the restaurant forward, together with our management team.<\/p>\n<p>During the summer semester, you are responsible for approximately 10 employees and you are expected to lead the work and be responsible for the operations.<\/p>\n<p><span style=\"font-family: georgia-bold;\">Requirement<\/span><br \/>Previous experience in the service and knowledge of wine.<\/p>\n<p>Handle Swedish and English in speech and writing. Basic computer skills as the booking system and contact with guests takes place via e-mail.<\/p>\n<p>Applicants should have experience of having personnel responsibility and restaurant economics.<\/p>\n<p>The position is on a year-round basis, with a focus on the summer semester.<\/p>\n<p>Do you love people, to constantly develop, have experience from the profession and like to provide personal service? Then we have the job for you. All applications are processed on an ongoing basis. The position involves day and evening work as well as weekends.<\/p>\n<p>Send an email to rekrytering@tallbergsgarden.se and mark the application with &#8220;Restaurant manager&#8221;.<\/p>\n<\/div>\n<h1 class=\"spacing break-title\" data-read-assistance-title=\"\">Waitress\/Waiter<\/h1>\n<p><span style=\"font-family: georgia-bold;\">Who are we looking for?<\/span> We are looking for staff for several different positions in our restaurant team who want to join in and create an extraordinary guest experience. We are looking for someone who is knowledgeable, committed, driven and a team player. We are looking for you who have a passion for service, food and beverages.\u00a0<\/p>\n<p><span style=\"font-family: georgia-bold;\">What do we offer?<\/span> We want to create a workplace full of opportunities and creativity. With us, you get to participate in all phases and we want to have fun at work! We offer secure employment, varied working hours and conditions according to the collective agreement.<\/p>\n<p>We can offer permanent employment that starts with a trial or part-time position. You will be offered work both day and evening as well as weekends.<\/p>\n<p><span style=\"font-family: georgia-bold;\"><strong>Are you intrested?<\/strong><\/span> Do not hesitate to contact us! Submit your application today. The recruitment work takes place continuously during the application period.<\/p>\n<p>A warm welcome with your application!<\/p>\n<\/div>\n<a href=\"mailto:matsal@tallbergsgarden.se\" class=\"button primary\" style=\"border-radius:10px;\">\n\t\t<span>apply \/ contact us<\/span>\n\t<\/a>\n\n<h1 class=\"spacing break-title\" data-read-assistance-title=\"\">Cleaner<\/h1>\n<div class=\"\" data-block=\"true\" data-editor=\"u5sr\" data-offset-key=\"b94d8-0-0\">\n<div class=\"public-DraftStyleDefault-block public-DraftStyleDefault-ltr\" data-offset-key=\"b94d8-0-0\">\n<p>We are looking for janitors\/cleaners<\/p>\n<p>Now we need more talented employees for our team.<\/p>\n<p>We are now looking for someone who has previous experience in housekeeping from a hotel. We would like you to have worked for 1-2 years.<\/p>\n<p>Your role is important as you contribute daily by creating experiences for both guests and colleagues. You like to collaborate with the other departments in the hotel, and you have an eye for detail and are of course meticulous.<\/p>\n<p>Good Swedish is a requirement and English is an asset. Driving license and access to a car are meritorious.<\/p>\n<p>We offer a fantastic environment to work in, happy colleagues, favorable employment conditions and of course we have collective agreements and the possibility of extending the employment.<\/p>\n<p>Recruitment takes place continuously and employment takes place when the right candidate is found. So welcome with your application today!<\/p>\n<\/div>\n<h1 class=\"spacing break-title\" data-read-assistance-title=\"\">Breakfast host\/Breakfast hostess<\/h1>\n<p>We are now looking for more employees and want to expand our team with breakfast staff. A part-time position and an extra position (only if needed).<\/p>\n<p><span style=\"font-family: georgia-bold;\">Who are we looking for?<\/span> We are looking for breakfast staff in our restaurant team who want to join in and create an extraordinary guest experience. We are looking for someone who is knowledgeable, committed, driven and a team player. We are looking for someone who has a passion for service and food.<\/p>\n<p><span style=\"font-family: georgia-bold;\">What do we offer?<\/span> We want to create a workplace full of opportunities and creativity. With us, you get to participate in all phases and we want to have fun at work! We offer secure employment, varied working hours and conditions according to the collective agreement.<\/p>\n<p>We can offer a start with trial employment or part-time service. You will be <span style=\"font-family: georgia-regular;\">offered work both weekdays and weekends.<\/span><\/p>\n<p><span style=\"font-family: georgia-bold;\">Are you interested?<\/span> Do not hesitate to contact us! Submit your application today. The recruitment work takes place continuously during the application period.<\/p>\n<p>A warm welcome with your application!<\/p>\n<\/div>\n<h1 class=\"spacing break-title\" data-read-assistance-title=\"\">Part-time job as a Receptionist<\/h1>\n<p><span style=\"font-family: georgia-bold;\"><strong>Scope:<\/strong>\u00a0<span style=\"font-family: georgia-regular;\">Part time<\/span><\/span><br \/><span style=\"font-family: georgia-bold;\"><strong>Duration:<\/strong><\/span>\u00a03 &#8211; 6 months<br \/><span style=\"font-family: georgia-bold;\"><strong>Type of employment:<\/strong><\/span>\u00a0Summer job \/ holiday job<\/p>\n<p>We are now looking for more employees and want to strengthen our team with a receptionist. Both for part-time and for extra if needed.<\/p>\n<p><span style=\"font-family: georgia-bold;\">Who are we looking for?<\/span> We are looking for personnel for several different positions in our team who want to be involved and create an extraordinary guest experience. We are looking for someone who is knowledgeable, committed, driven and a team player. We are looking for you who have a passion for service and social and local knowledge.<\/p>\n<p><span style=\"font-family: georgia-bold;\">What do we offer?<\/span> We want to create a workplace full of opportunities and creativity. With us, you get to participate in all phases and we want to have fun at work! We offer secure employment, varied working hours and conditions according to the collective agreement.<\/p>\n<p>We can offer an employment that starts with a trial employment or part-time position. You will be offered work both day and evening as well as weekends.<\/p>\n<p><span style=\"font-family: georgia-bold;\">Are you interested?<\/span> Do not hesitate to contact us! Submit your application today. The recruitment work takes place continuously during the application period.<\/p>\n\t<div id=\"gap-151646339\" class=\"gap-element clearfix\" style=\"display:block; height:auto;\">\n\t\t\n<style>\n#gap-151646339 {\n  padding-top: 30px;\n}\n<\/style>\n\t<\/div>\n\t\n<a href=\"mailto:matsal@tallbergsgarden.se\" class=\"button primary\" style=\"border-radius:10px;\">\n\t\t<span>apply \/ contact us<\/span>\n\t<\/a>\n\n\t\t<\/div>\n\t\t\t\t\t<\/div>\n\n\t\n<\/div>\n<div class=\"text-center\"><div class=\"is-divider divider clearfix\" style=\"margin-top:3.0em;margin-bottom:3.0em;max-width:800px;height:1px;background-color:rgb(0, 0, 0);\"><\/div><\/div>\n<div class=\"row\"  id=\"row-1602450048\">\n\n\t<div id=\"col-1351947897\" class=\"col small-12 large-12\"  >\n\t\t\t\t<div class=\"col-inner\"  >\n\t\t\t\n\t\t\t\n\t<div id=\"gap-1765283969\" class=\"gap-element clearfix\" style=\"display:block; height:auto;\">\n\t\t\n<style>\n#gap-1765283969 {\n  padding-top: 30px;\n}\n<\/style>\n\t<\/div>\n\t\n\t\t<\/div>\n\t\t\t\t\t<\/div>\n\n\t\n<\/div>\n","protected":false},"excerpt":{"rendered":"","protected":false},"author":3,"featured_media":0,"parent":0,"menu_order":0,"comment_status":"closed","ping_status":"closed","template":"page-blank.php","meta":{"footnotes":""},"class_list":["post-4492","page","type-page","status-publish","hentry"],"yoast_head":"<!-- This site is optimized with the Yoast SEO plugin v27.5 - https:\/\/yoast.com\/product\/yoast-seo-wordpress\/ -->\n<title>Work with us - T\u00e4llbergsg\u00e5rden<\/title>\n<meta name=\"robots\" content=\"index, follow, max-snippet:-1, max-image-preview:large, max-video-preview:-1\" \/>\n<link rel=\"canonical\" href=\"https:\/\/tallbergsgarden.se\/en\/work-with-us\/\" \/>\n<meta property=\"og:locale\" content=\"en_US\" \/>\n<meta property=\"og:type\" content=\"article\" \/>\n<meta property=\"og:title\" content=\"Work with us - T\u00e4llbergsg\u00e5rden\" \/>\n<meta property=\"og:url\" content=\"https:\/\/tallbergsgarden.se\/en\/work-with-us\/\" \/>\n<meta property=\"og:site_name\" content=\"T\u00e4llbergsg\u00e5rden\" \/>\n<meta property=\"article:modified_time\" content=\"2024-07-07T11:19:06+00:00\" \/>\n<meta property=\"og:image\" content=\"https:\/\/static.xx.fbcdn.net\/images\/emoji.php\/v9\/t6d\/1\/16\/2600.png\" \/>\n<meta name=\"twitter:card\" content=\"summary_large_image\" \/>\n<script type=\"application\/ld+json\" class=\"yoast-schema-graph\">{\"@context\":\"https:\\\/\\\/schema.org\",\"@graph\":[{\"@type\":\"WebPage\",\"@id\":\"https:\\\/\\\/tallbergsgarden.se\\\/en\\\/work-with-us\\\/\",\"url\":\"https:\\\/\\\/tallbergsgarden.se\\\/en\\\/work-with-us\\\/\",\"name\":\"Work with us - T\u00e4llbergsg\u00e5rden\",\"isPartOf\":{\"@id\":\"https:\\\/\\\/tallbergsgarden.se\\\/en\\\/#website\"},\"primaryImageOfPage\":{\"@id\":\"https:\\\/\\\/tallbergsgarden.se\\\/en\\\/work-with-us\\\/#primaryimage\"},\"image\":{\"@id\":\"https:\\\/\\\/tallbergsgarden.se\\\/en\\\/work-with-us\\\/#primaryimage\"},\"thumbnailUrl\":\"https:\\\/\\\/static.xx.fbcdn.net\\\/images\\\/emoji.php\\\/v9\\\/t6d\\\/1\\\/16\\\/2600.png\",\"datePublished\":\"2024-07-06T12:03:17+00:00\",\"dateModified\":\"2024-07-07T11:19:06+00:00\",\"breadcrumb\":{\"@id\":\"https:\\\/\\\/tallbergsgarden.se\\\/en\\\/work-with-us\\\/#breadcrumb\"},\"inLanguage\":\"en-US\",\"potentialAction\":[{\"@type\":\"ReadAction\",\"target\":[\"https:\\\/\\\/tallbergsgarden.se\\\/en\\\/work-with-us\\\/\"]}]},{\"@type\":\"ImageObject\",\"inLanguage\":\"en-US\",\"@id\":\"https:\\\/\\\/tallbergsgarden.se\\\/en\\\/work-with-us\\\/#primaryimage\",\"url\":\"https:\\\/\\\/static.xx.fbcdn.net\\\/images\\\/emoji.php\\\/v9\\\/t6d\\\/1\\\/16\\\/2600.png\",\"contentUrl\":\"https:\\\/\\\/static.xx.fbcdn.net\\\/images\\\/emoji.php\\\/v9\\\/t6d\\\/1\\\/16\\\/2600.png\"},{\"@type\":\"BreadcrumbList\",\"@id\":\"https:\\\/\\\/tallbergsgarden.se\\\/en\\\/work-with-us\\\/#breadcrumb\",\"itemListElement\":[{\"@type\":\"ListItem\",\"position\":1,\"name\":\"Home\",\"item\":\"https:\\\/\\\/tallbergsgarden.se\\\/en\\\/\"},{\"@type\":\"ListItem\",\"position\":2,\"name\":\"Work with us\"}]},{\"@type\":\"WebSite\",\"@id\":\"https:\\\/\\\/tallbergsgarden.se\\\/en\\\/#website\",\"url\":\"https:\\\/\\\/tallbergsgarden.se\\\/en\\\/\",\"name\":\"T\u00e4llbergsg\u00e5rden\",\"description\":\"Ett hotell med gamla anor som lyser med riktig dalaatmosf\u00e4r\",\"publisher\":{\"@id\":\"https:\\\/\\\/tallbergsgarden.se\\\/en\\\/#organization\"},\"potentialAction\":[{\"@type\":\"SearchAction\",\"target\":{\"@type\":\"EntryPoint\",\"urlTemplate\":\"https:\\\/\\\/tallbergsgarden.se\\\/en\\\/?s={search_term_string}\"},\"query-input\":{\"@type\":\"PropertyValueSpecification\",\"valueRequired\":true,\"valueName\":\"search_term_string\"}}],\"inLanguage\":\"en-US\"},{\"@type\":\"Organization\",\"@id\":\"https:\\\/\\\/tallbergsgarden.se\\\/en\\\/#organization\",\"name\":\"T\u00e4llbergsg\u00e5rden\",\"url\":\"https:\\\/\\\/tallbergsgarden.se\\\/en\\\/\",\"logo\":{\"@type\":\"ImageObject\",\"inLanguage\":\"en-US\",\"@id\":\"https:\\\/\\\/tallbergsgarden.se\\\/en\\\/#\\\/schema\\\/logo\\\/image\\\/\",\"url\":\"https:\\\/\\\/tallbergsgarden.se\\\/wp-content\\\/uploads\\\/2019\\\/06\\\/tallberg-logo.png\",\"contentUrl\":\"https:\\\/\\\/tallbergsgarden.se\\\/wp-content\\\/uploads\\\/2019\\\/06\\\/tallberg-logo.png\",\"width\":2750,\"height\":661,\"caption\":\"T\u00e4llbergsg\u00e5rden\"},\"image\":{\"@id\":\"https:\\\/\\\/tallbergsgarden.se\\\/en\\\/#\\\/schema\\\/logo\\\/image\\\/\"}}]}<\/script>\n<!-- \/ Yoast SEO plugin. -->","yoast_head_json":{"title":"Work with us - T\u00e4llbergsg\u00e5rden","robots":{"index":"index","follow":"follow","max-snippet":"max-snippet:-1","max-image-preview":"max-image-preview:large","max-video-preview":"max-video-preview:-1"},"canonical":"https:\/\/tallbergsgarden.se\/en\/work-with-us\/","og_locale":"en_US","og_type":"article","og_title":"Work with us - T\u00e4llbergsg\u00e5rden","og_url":"https:\/\/tallbergsgarden.se\/en\/work-with-us\/","og_site_name":"T\u00e4llbergsg\u00e5rden","article_modified_time":"2024-07-07T11:19:06+00:00","og_image":[{"url":"https:\/\/static.xx.fbcdn.net\/images\/emoji.php\/v9\/t6d\/1\/16\/2600.png","type":"","width":"","height":""}],"twitter_card":"summary_large_image","schema":{"@context":"https:\/\/schema.org","@graph":[{"@type":"WebPage","@id":"https:\/\/tallbergsgarden.se\/en\/work-with-us\/","url":"https:\/\/tallbergsgarden.se\/en\/work-with-us\/","name":"Work with us - T\u00e4llbergsg\u00e5rden","isPartOf":{"@id":"https:\/\/tallbergsgarden.se\/en\/#website"},"primaryImageOfPage":{"@id":"https:\/\/tallbergsgarden.se\/en\/work-with-us\/#primaryimage"},"image":{"@id":"https:\/\/tallbergsgarden.se\/en\/work-with-us\/#primaryimage"},"thumbnailUrl":"https:\/\/static.xx.fbcdn.net\/images\/emoji.php\/v9\/t6d\/1\/16\/2600.png","datePublished":"2024-07-06T12:03:17+00:00","dateModified":"2024-07-07T11:19:06+00:00","breadcrumb":{"@id":"https:\/\/tallbergsgarden.se\/en\/work-with-us\/#breadcrumb"},"inLanguage":"en-US","potentialAction":[{"@type":"ReadAction","target":["https:\/\/tallbergsgarden.se\/en\/work-with-us\/"]}]},{"@type":"ImageObject","inLanguage":"en-US","@id":"https:\/\/tallbergsgarden.se\/en\/work-with-us\/#primaryimage","url":"https:\/\/static.xx.fbcdn.net\/images\/emoji.php\/v9\/t6d\/1\/16\/2600.png","contentUrl":"https:\/\/static.xx.fbcdn.net\/images\/emoji.php\/v9\/t6d\/1\/16\/2600.png"},{"@type":"BreadcrumbList","@id":"https:\/\/tallbergsgarden.se\/en\/work-with-us\/#breadcrumb","itemListElement":[{"@type":"ListItem","position":1,"name":"Home","item":"https:\/\/tallbergsgarden.se\/en\/"},{"@type":"ListItem","position":2,"name":"Work with us"}]},{"@type":"WebSite","@id":"https:\/\/tallbergsgarden.se\/en\/#website","url":"https:\/\/tallbergsgarden.se\/en\/","name":"T\u00e4llbergsg\u00e5rden","description":"Ett hotell med gamla anor som lyser med riktig dalaatmosf\u00e4r","publisher":{"@id":"https:\/\/tallbergsgarden.se\/en\/#organization"},"potentialAction":[{"@type":"SearchAction","target":{"@type":"EntryPoint","urlTemplate":"https:\/\/tallbergsgarden.se\/en\/?s={search_term_string}"},"query-input":{"@type":"PropertyValueSpecification","valueRequired":true,"valueName":"search_term_string"}}],"inLanguage":"en-US"},{"@type":"Organization","@id":"https:\/\/tallbergsgarden.se\/en\/#organization","name":"T\u00e4llbergsg\u00e5rden","url":"https:\/\/tallbergsgarden.se\/en\/","logo":{"@type":"ImageObject","inLanguage":"en-US","@id":"https:\/\/tallbergsgarden.se\/en\/#\/schema\/logo\/image\/","url":"https:\/\/tallbergsgarden.se\/wp-content\/uploads\/2019\/06\/tallberg-logo.png","contentUrl":"https:\/\/tallbergsgarden.se\/wp-content\/uploads\/2019\/06\/tallberg-logo.png","width":2750,"height":661,"caption":"T\u00e4llbergsg\u00e5rden"},"image":{"@id":"https:\/\/tallbergsgarden.se\/en\/#\/schema\/logo\/image\/"}}]}},"_links":{"self":[{"href":"https:\/\/tallbergsgarden.se\/en\/wp-json\/wp\/v2\/pages\/4492","targetHints":{"allow":["GET"]}}],"collection":[{"href":"https:\/\/tallbergsgarden.se\/en\/wp-json\/wp\/v2\/pages"}],"about":[{"href":"https:\/\/tallbergsgarden.se\/en\/wp-json\/wp\/v2\/types\/page"}],"author":[{"embeddable":true,"href":"https:\/\/tallbergsgarden.se\/en\/wp-json\/wp\/v2\/users\/3"}],"replies":[{"embeddable":true,"href":"https:\/\/tallbergsgarden.se\/en\/wp-json\/wp\/v2\/comments?post=4492"}],"version-history":[{"count":17,"href":"https:\/\/tallbergsgarden.se\/en\/wp-json\/wp\/v2\/pages\/4492\/revisions"}],"predecessor-version":[{"id":4587,"href":"https:\/\/tallbergsgarden.se\/en\/wp-json\/wp\/v2\/pages\/4492\/revisions\/4587"}],"wp:attachment":[{"href":"https:\/\/tallbergsgarden.se\/en\/wp-json\/wp\/v2\/media?parent=4492"}],"curies":[{"name":"wp","href":"https:\/\/api.w.org\/{rel}","templated":true}]}}