{"id":4466,"date":"2024-07-03T11:43:06","date_gmt":"2024-07-03T09:43:06","guid":{"rendered":"https:\/\/tallbergsgarden.se\/?page_id=4466"},"modified":"2024-07-06T17:55:07","modified_gmt":"2024-07-06T15:55:07","slug":"guest-information-2","status":"publish","type":"page","link":"https:\/\/tallbergsgarden.se\/en\/guest-information-2\/","title":{"rendered":"Guest information"},"content":{"rendered":"\n  <div class=\"banner has-hover\" id=\"banner-159036622\">\n          <div class=\"banner-inner fill\">\n        <div class=\"banner-bg fill\" >\n            <img loading=\"lazy\" decoding=\"async\" width=\"1020\" height=\"679\" src=\"https:\/\/tallbergsgarden.se\/wp-content\/uploads\/2019\/11\/minisvit_m_bubbelbad_oppen_spis_rum2c-1024x682.jpg\" class=\"bg attachment-large size-large\" alt=\"Vy \u00f6ver minisvit\" \/>                        <div class=\"overlay\"><\/div>            \n                    <\/div>\n\t\t\n        <div class=\"banner-layers container\">\n            <div class=\"fill banner-link\"><\/div>            \n   <div id=\"text-box-307978335\" class=\"text-box banner-layer x50 md-x50 lg-x50 y50 md-y50 lg-y50 res-text\">\n                                <div class=\"text-box-content text dark\">\n              \n              <div class=\"text-inner text-center\">\n                  \n<h1 class=\"uppercase\">guest information<\/h1>\n              <\/div>\n           <\/div>\n                            \n<style>\n#text-box-307978335 {\n  width: 80%;\n}\n#text-box-307978335 .text-box-content {\n  font-size: 100%;\n}\n@media (min-width:550px) {\n  #text-box-307978335 {\n    width: 71%;\n  }\n}\n<\/style>\n    <\/div>\n \n        <\/div>\n      <\/div>\n\n            \n<style>\n#banner-159036622 {\n  padding-top: 200px;\n}\n#banner-159036622 .overlay {\n  background-color: rgba(0,0,0,.5);\n}\n@media (min-width:550px) {\n  #banner-159036622 {\n    padding-top: 500px;\n  }\n}\n<\/style>\n  <\/div>\n\n\n\n\t<section class=\"section\" id=\"section_1290572424\">\n\t\t<div class=\"section-bg fill\" >\n\t\t\t\t\t\t\t\t\t\n\t\t\t\n\n\t\t<\/div>\n\n\t\t\n\n\t\t<div class=\"section-content relative\">\n\t\t\t\n<div class=\"row\"  id=\"row-1159235389\">\n\n\t<div id=\"col-1385985851\" class=\"col small-12 large-12\"  >\n\t\t\t\t<div class=\"col-inner\"  >\n\t\t\t\n\t\t\t\n<h4 style=\"text-align: center;\">W E L C O M E<\/h4>\n<p style=\"text-align: center;\">&#8230;to T\u00e4llbergsg\u00e5rden in the middle of beautiful T\u00e4llberg, Dalarna. We are a family-owned three-star boutique hotel with one of Sweden&#8217;s best restaurants. Together, in a personal, friendly and flexible way, we will make an effort to make your stay wonderful, your parties and meetings unforgettable and a memory for life.<\/p>\n<p style=\"text-align: center;\">We always strive to be better and to offer a better experience.<br \/>That&#8217;s why we need your help. Please let us know if there is anything we can help you with<br \/>or that you think we should think about or change.<\/p>\n<h4 style=\"text-align: center;\">RECEPTION<\/h4>\n<p style=\"text-align: center;\">The reception is staffed between 08:00 and 20:00.<br \/>It is also possible to get in touch with authorized personnel even outside regular reception hours for urgent matters. Call 200 for help.<\/p>\n<p style=\"text-align: center;\">We can help you with the following;<br \/>&#8211; Tourist attractions<br \/>&#8211; Travel planning<br \/>&#8211; Laundry<br \/>&#8211; Printing<em><br \/><\/em>&#8211; Healtcare<\/p>\n<p style=\"text-align: center;\">Do not hesitate to contact us if there is anything we can do to make your stay better!<\/p>\n<p style=\"text-align: center;\">\u00a0<\/p>\n\t\t<\/div>\n\t\t\t\t\t<\/div>\n\n\t\n<\/div>\n\t\t<\/div>\n\n\t\t\n<style>\n#section_1290572424 {\n  padding-top: 25px;\n  padding-bottom: 25px;\n}\n<\/style>\n\t<\/section>\n\t\n<div class=\"row row-large\"  id=\"row-1605838313\">\n\n\t<div id=\"col-372288359\" class=\"col medium-6 small-12 large-6\"  >\n\t\t\t\t<div class=\"col-inner text-center\"  >\n\t\t\t\n\t\t\t\n<h4 style=\"text-align: center;\">FOOD &amp; BEVERAGES<\/h4>\n<p style=\"text-align: center;\"><b>Breakfast is served<\/b><br \/>07.00 &#8211; 09.00 monday-friday\u00a0<br \/>08.00-10.00 saturday &amp; sunday and other weekdays<\/p>\n<p style=\"text-align: center;\"><strong>(excluding summer and long weekends)<br \/>During the summer period, breakfast is open between 07.30-10.00<br \/><\/strong><strong><br \/>Earlier breakfast? Contact the reception the day before and we will arrange something simpler<\/strong><\/p>\n<p style=\"text-align: center;\">Breakfast in the room can be ordered at the reception. A fee of SEK 100 per person is added.<\/p>\n<p><strong>The restaurant and bar opening hours<\/strong><\/p>\n<p><strong>A la carte 17.00 &#8211; 21.00<br \/>On some days we have adjusted times for events<br \/><\/strong><\/p>\n<p>Menu<br \/><strong>You can find the menu at the reception or at our<br \/>website:<a href=\"https:\/\/tallbergsgarden.se\/a-la-carte\/\" target=\"_blank\" rel=\"noopener\"> A la carte menu<\/a><\/strong><\/p>\n<p style=\"text-align: center;\">Room service? Contact the reception if you want to eat in the room. A fee of SEK 100 per person is added.<\/p>\n\t\t<\/div>\n\t\t\t\t\t<\/div>\n\n\t\n\n\t<div id=\"col-66798010\" class=\"col medium-6 small-12 large-6\"  >\n\t\t\t\t<div class=\"col-inner text-center\"  >\n\t\t\t\n\t\t\t\n<h4>OUR POLICYS\u00a0<\/h4>\n<p><strong>Check-in from kl 15.00<\/strong>\u00a0<em><br \/><\/em><strong>Check-out from kl 11.00<\/strong>\u00a0<\/p>\n<p><strong>Luggage storage\u00a0<\/strong><em><br \/><\/em>We can take care of your luggage at the reception but are not responsible for valuables.<\/p>\n<p><strong>Smoking<\/strong><strong><br \/><\/strong>The entire house and outdoor dining are non-smoking. Smoking is permitted in designated places in the car park. A cleaning fee of SEK 5,000 is charged if smoking takes place in the hotel room.<\/p>\n<p><strong>Cleaning\/Towels\u00a0<\/strong><em><br \/><\/em>We clean the rooms daily, change the sheets every 4 night and towels as often as desired (if you want to reuse the towels, hang them up). Please let us know if you would like us to change less often. This is appreciated by both us and the environment.<\/p>\n<p><strong>Pets<\/strong><strong><br \/><\/strong>Some rooms allow pets. The cost for this is SEK 300\/night. For details contact the reception. Dogs are only allowed in the lobby or in the outdoor dining area (summer).<\/p>\n\t\t<\/div>\n\t\t\t\t\t<\/div>\n\n\t\n<\/div>\n<div class=\"row\"  id=\"row-1984530542\">\n\n\t<div id=\"col-1346967447\" class=\"col medium-6 small-12 large-6\"  >\n\t\t\t\t<div class=\"col-inner\"  >\n\t\t\t\n\t\t\t\n<h4 style=\"text-align: center;\"><strong>MINIBAR<\/strong><\/h4>\n<p style=\"text-align: center;\">You are welcome to provide yourself with drinks and snacks from the minibar.<br \/>Please read through the price list and upon check-out tell the reception what you have taken.<\/p>\n<p>BEVERAGES\u00a0 \u00a0 \u00a0 \u00a0 \u00a0 \u00a0 \u00a0 \u00a0 \u00a0 \u00a0 \u00a0 \u00a0 \u00a0 \u00a0 \u00a0 \u00a0 \u00a0 \u00a0 \u00a0 \u00a0 \u00a0 \u00a0 \u00a0 \u00a0 \u00a0 \u00a0 \u00a0 \u00a0 \u00a0 \u00a0 \u00a0 \u00a0 \u00a0 \u00a0 \u00a0 \u00a0 \u00a0\u00a0<\/p>\n<ul>\n<li>\n<p>White Wine, half bottle 375ml\u00a0 \u00a0 \u00a0 \u00a0 \u00a0 \u00a0 \u00a0 \u00a0 \u00a0 \u00a0 \u00a0 \u00a0 200 kr\u00a0 \u00a0 \u00a0 \u00a0 \u00a0<\/p>\n<\/li>\n<li>\n<p>Red Wine, half bottle 375ml\u00a0 \u00a0 \u00a0 \u00a0 \u00a0 \u00a0 \u00a0 \u00a0 \u00a0 \u00a0 \u00a0 \u00a0 \u00a0 \u00a0200 kr\u00a0 \u00a0\u00a0<\/p>\n<\/li>\n<li>\n<p>Sparkling Wine, half bottle 375ml\u00a0 \u00a0 \u00a0 \u00a0 \u00a0 \u00a0 \u00a0 \u00a0 250 kr\u00a0 \u00a0 \u00a0 \u00a0 \u00a0 \u00a0 \u00a0 \u00a0<\/p>\n<\/li>\n<li>\n<p>Lager Beer, 330ml\u00a0 \u00a0 \u00a0 \u00a0 \u00a0 \u00a0 \u00a0 \u00a0 \u00a0 \u00a0 \u00a0 \u00a0 \u00a0 \u00a0 \u00a0 \u00a0 \u00a0 \u00a0 \u00a0 \u00a0 \u00a0 \u00a0 \u00a0 65 kr<\/p>\n<\/li>\n<li>\n<p>Cider, 330ml\u00a0 \u00a0 \u00a0 \u00a0 \u00a0 \u00a0 \u00a0 \u00a0 \u00a0 \u00a0 \u00a0 \u00a0 \u00a0 \u00a0 \u00a0 \u00a0 \u00a0 \u00a0 \u00a0 \u00a0 \u00a0 \u00a0 \u00a0 \u00a0 \u00a0 \u00a0 \u00a0 \u00a0 62 kr<\/p>\n<\/li>\n<li>\n<p>Water and Soda, fl 500ml\u00a0 \u00a0 \u00a0 \u00a0 \u00a0 \u00a0 \u00a0 \u00a0 \u00a0 \u00a0 \u00a0 \u00a0 \u00a0 \u00a0 \u00a0 \u00a0 \u00a030 kr<\/p>\n<p>SNACKS\u00a0 \u00a0<\/p>\n<\/li>\n<li>Chips\u00a0 \u00a0 \u00a0 \u00a0 \u00a0 \u00a0 \u00a0 \u00a0 \u00a0 \u00a0 \u00a0 \u00a0 \u00a0 \u00a0 \u00a0 \u00a0 \u00a0 \u00a0 \u00a0 \u00a0 \u00a0 \u00a0 \u00a0 \u00a0 \u00a0 \u00a0 \u00a0 \u00a0 \u00a0 \u00a0 \u00a0 \u00a0 \u00a0 \u00a0 \u00a030 kr<\/li>\n<li>Nuts\u00a0 \u00a0 \u00a0 \u00a0 \u00a0 \u00a0 \u00a0 \u00a0 \u00a0 \u00a0 \u00a0 \u00a0 \u00a0 \u00a0 \u00a0 \u00a0 \u00a0 \u00a0 \u00a0 \u00a0 \u00a0 \u00a0 \u00a0 \u00a0 \u00a0 \u00a0 \u00a0 \u00a0 \u00a0 \u00a0 \u00a0 \u00a0 \u00a0 \u00a0 \u00a0 \u00a020 kr<\/li>\n<li>Marabou chocolate\u00a0 \u00a0 \u00a0 \u00a0 \u00a0 \u00a0 \u00a0 \u00a0 \u00a0 \u00a0 \u00a0 \u00a0 \u00a0 \u00a0 \u00a0 \u00a0 \u00a0 \u00a0 \u00a0 \u00a0 \u00a0 \u00a0 \u00a025 kr<\/li>\n<\/ul>\n<p style=\"text-align: center;\">\u00a0<\/p>\n\t\t<\/div>\n\t\t\t\t\t<\/div>\n\n\t\n\n\t<div id=\"col-1005112471\" class=\"col medium-6 small-12 large-6\"  >\n\t\t\t\t<div class=\"col-inner\"  >\n\t\t\t\n\t\t\t\n<h4 style=\"text-align: center;\">ENTERTAINMEANT<\/h4>\n<p style=\"text-align: center;\"><strong>Billiards<\/strong><em><br \/><\/em>Billiards room is downstairs from the lounges.<br \/>Globes can be picked up at the reception.<\/p>\n<p style=\"text-align: center;\"><strong>Large screen<\/strong><em><br \/><\/em>In the pub there is a large screen and TV room for those who want to see something special, e.g. sports event. Tell reception that you want to watch and what you want to see.<\/p>\n<p style=\"text-align: center;\"><strong>Board Games<\/strong><em><br \/><\/em>In the common room you will find board games.<\/p>\n<p style=\"text-align: center;\"><b>Toys<\/b><em><br \/><\/em>There are toys to borrow at the entrance to the hotel. Ask at reception and they will help you.<\/p>\n<p style=\"text-align: center;\"><strong>Sauna &amp; Relax<\/strong><strong><br \/><\/strong>Our sauna with a view of Siljan can be booked through the reception.<br \/>The sauna is reserved for private parties. Please notify reception at least 45 minutes before use. Towels are available in the sauna.<br \/>Price SEK 300 per 1.5 hours (max. 4 people).<\/p>\n<p style=\"text-align: center;\">\u00c5kerblad&#8217;s SPA: Available at \u00c5kerblad&#8217;s hotel at a reduced price, SEK 195\/person and SEK 75\/child up to 15 years old.<br \/>Applies subject to availability and cannot be pre-booked.<\/p>\n\t\t<\/div>\n\t\t\t\t\t<\/div>\n\n\t\n<\/div>\n<div class=\"row\"  id=\"row-1159970389\">\n\n\t<div id=\"col-272325416\" class=\"col small-12 large-12\"  >\n\t\t\t\t<div class=\"col-inner\"  >\n\t\t\t\n\t\t\t\n<h4 style=\"text-align: center;\">PARKING \/ TRANSPORTATION\u00a0<\/h4>\n<p style=\"text-align: center;\"><strong>Parking<\/strong>; We offer free parking subject to availability (cannot be reserved). Charging stations for electric cars are available in the hotel&#8217;s parking lot. We charge SEK 4\/Kw and you collect the tag at the reception.<\/p>\n<p style=\"text-align: center;\"><strong>Taxi<\/strong>; There are unfortunately not many taxis in the area. It is best to book in advance. Contact either:<br \/>Gagnef Taxi <strong>0241-10055 \/ 070-545 54 11<\/strong><br \/>Green Cab 0247 14000 (only avalible in the summer)<\/p>\n<p style=\"text-align: center;\">Municipal means of transport; Buses to Leksand and R\u00e4ttvik leave from the stop at the crossing next to the May Pole. Trains to Mora, Borl\u00e4nge and Stockholm leave from the train station.<br \/>The reception will be happy to help you with your travel planning.<\/p>\n\t\t<\/div>\n\t\t\t\t\t<\/div>\n\n\t\n<\/div>\n<div class=\"text-center\"><div class=\"is-divider divider clearfix\" style=\"margin-top:2.0em;margin-bottom:2.0em;max-width:800px;height:1px;\"><\/div><\/div>\n\n  <div class=\"banner has-hover\" id=\"banner-1663782691\">\n          <div class=\"banner-inner fill\">\n        <div class=\"banner-bg fill\" >\n            <img loading=\"lazy\" decoding=\"async\" width=\"768\" height=\"512\" src=\"https:\/\/tallbergsgarden.se\/wp-content\/uploads\/2019\/07\/minisvit_rum_22_11.jpg\" class=\"bg attachment-large size-large\" alt=\"Minisvit\" \/>                        <div class=\"overlay\"><\/div>            \n                    <\/div>\n\t\t\n        <div class=\"banner-layers container\">\n            <div class=\"fill banner-link\"><\/div>            \n   <div id=\"text-box-1838964667\" class=\"text-box banner-layer x50 md-x50 lg-x50 y50 md-y50 lg-y50 res-text\">\n                                <div class=\"text-box-content text dark\">\n              \n              <div class=\"text-inner text-center\">\n                  \n\t<div id=\"gap-308871467\" class=\"gap-element clearfix\" style=\"display:block; height:auto;\">\n\t\t\n<style>\n#gap-308871467 {\n  padding-top: 10px;\n}\n<\/style>\n\t<\/div>\n\t\n<h2><span style=\"font-size: 85%;\"><strong>TABLE RESERVATION ONLINE<\/strong><\/span><\/h2>\n\t<div id=\"gap-1701017502\" class=\"gap-element clearfix\" style=\"display:block; height:auto;\">\n\t\t\n<style>\n#gap-1701017502 {\n  padding-top: 10px;\n}\n<\/style>\n\t<\/div>\n\t\n<a href=\"https:\/\/reservations.visbook.com\/8940?lang=se\" target=\"_blank\" class=\"button white is-outline is-larger\" rel=\"noopener\" style=\"border-radius:10px;\">\n\t\t<span>BOOK<\/span>\n\t<i class=\"icon-search\" aria-hidden=\"true\"><\/i><\/a>\n\n              <\/div>\n           <\/div>\n                            \n<style>\n#text-box-1838964667 {\n  width: 90%;\n}\n#text-box-1838964667 .text-box-content {\n  font-size: 100%;\n}\n@media (min-width:550px) {\n  #text-box-1838964667 {\n    width: 60%;\n  }\n}\n<\/style>\n    <\/div>\n \n        <\/div>\n      <\/div>\n\n            \n<style>\n#banner-1663782691 {\n  padding-top: 225px;\n}\n#banner-1663782691 .overlay {\n  background-color: rgba(206, 157, 75, 0.6);\n}\n@media (min-width:550px) {\n  #banner-1663782691 {\n    padding-top: 300px;\n  }\n}\n<\/style>\n  <\/div>\n\n\n<div class=\"text-center\"><div class=\"is-divider divider clearfix\" style=\"margin-top:2.0em;margin-bottom:2.0em;max-width:800px;height:1px;\"><\/div><\/div>\n","protected":false},"excerpt":{"rendered":"","protected":false},"author":3,"featured_media":0,"parent":0,"menu_order":0,"comment_status":"closed","ping_status":"closed","template":"page-blank.php","meta":{"footnotes":""},"class_list":["post-4466","page","type-page","status-publish","hentry"],"yoast_head":"<!-- This site is optimized with the Yoast SEO plugin v27.1.1 - https:\/\/yoast.com\/product\/yoast-seo-wordpress\/ -->\n<title>Guest information - T\u00e4llbergsg\u00e5rden<\/title>\n<meta name=\"robots\" content=\"index, follow, max-snippet:-1, max-image-preview:large, max-video-preview:-1\" \/>\n<link rel=\"canonical\" href=\"https:\/\/tallbergsgarden.se\/en\/guest-information-2\/\" \/>\n<meta property=\"og:locale\" content=\"en_US\" \/>\n<meta property=\"og:type\" content=\"article\" \/>\n<meta property=\"og:title\" content=\"Guest information - T\u00e4llbergsg\u00e5rden\" \/>\n<meta property=\"og:url\" content=\"https:\/\/tallbergsgarden.se\/en\/guest-information-2\/\" \/>\n<meta property=\"og:site_name\" content=\"T\u00e4llbergsg\u00e5rden\" \/>\n<meta property=\"article:modified_time\" content=\"2024-07-06T15:55:07+00:00\" \/>\n<meta name=\"twitter:card\" content=\"summary_large_image\" \/>\n<meta name=\"twitter:label1\" content=\"Est. reading time\" \/>\n\t<meta name=\"twitter:data1\" content=\"4 minutes\" \/>\n<script type=\"application\/ld+json\" class=\"yoast-schema-graph\">{\"@context\":\"https:\/\/schema.org\",\"@graph\":[{\"@type\":\"WebPage\",\"@id\":\"https:\/\/tallbergsgarden.se\/en\/guest-information-2\/\",\"url\":\"https:\/\/tallbergsgarden.se\/en\/guest-information-2\/\",\"name\":\"Guest information - T\u00e4llbergsg\u00e5rden\",\"isPartOf\":{\"@id\":\"https:\/\/tallbergsgarden.se\/en\/#website\"},\"datePublished\":\"2024-07-03T09:43:06+00:00\",\"dateModified\":\"2024-07-06T15:55:07+00:00\",\"breadcrumb\":{\"@id\":\"https:\/\/tallbergsgarden.se\/en\/guest-information-2\/#breadcrumb\"},\"inLanguage\":\"en-US\",\"potentialAction\":[{\"@type\":\"ReadAction\",\"target\":[\"https:\/\/tallbergsgarden.se\/en\/guest-information-2\/\"]}]},{\"@type\":\"BreadcrumbList\",\"@id\":\"https:\/\/tallbergsgarden.se\/en\/guest-information-2\/#breadcrumb\",\"itemListElement\":[{\"@type\":\"ListItem\",\"position\":1,\"name\":\"Home\",\"item\":\"https:\/\/tallbergsgarden.se\/en\/\"},{\"@type\":\"ListItem\",\"position\":2,\"name\":\"Guest information\"}]},{\"@type\":\"WebSite\",\"@id\":\"https:\/\/tallbergsgarden.se\/en\/#website\",\"url\":\"https:\/\/tallbergsgarden.se\/en\/\",\"name\":\"T\u00e4llbergsg\u00e5rden\",\"description\":\"Ett hotell med gamla anor som lyser med riktig dalaatmosf\u00e4r\",\"publisher\":{\"@id\":\"https:\/\/tallbergsgarden.se\/en\/#organization\"},\"potentialAction\":[{\"@type\":\"SearchAction\",\"target\":{\"@type\":\"EntryPoint\",\"urlTemplate\":\"https:\/\/tallbergsgarden.se\/en\/?s={search_term_string}\"},\"query-input\":{\"@type\":\"PropertyValueSpecification\",\"valueRequired\":true,\"valueName\":\"search_term_string\"}}],\"inLanguage\":\"en-US\"},{\"@type\":\"Organization\",\"@id\":\"https:\/\/tallbergsgarden.se\/en\/#organization\",\"name\":\"T\u00e4llbergsg\u00e5rden\",\"url\":\"https:\/\/tallbergsgarden.se\/en\/\",\"logo\":{\"@type\":\"ImageObject\",\"inLanguage\":\"en-US\",\"@id\":\"https:\/\/tallbergsgarden.se\/en\/#\/schema\/logo\/image\/\",\"url\":\"https:\/\/tallbergsgarden.se\/wp-content\/uploads\/2019\/06\/tallberg-logo.png\",\"contentUrl\":\"https:\/\/tallbergsgarden.se\/wp-content\/uploads\/2019\/06\/tallberg-logo.png\",\"width\":2750,\"height\":661,\"caption\":\"T\u00e4llbergsg\u00e5rden\"},\"image\":{\"@id\":\"https:\/\/tallbergsgarden.se\/en\/#\/schema\/logo\/image\/\"}}]}<\/script>\n<!-- \/ Yoast SEO plugin. -->","yoast_head_json":{"title":"Guest information - T\u00e4llbergsg\u00e5rden","robots":{"index":"index","follow":"follow","max-snippet":"max-snippet:-1","max-image-preview":"max-image-preview:large","max-video-preview":"max-video-preview:-1"},"canonical":"https:\/\/tallbergsgarden.se\/en\/guest-information-2\/","og_locale":"en_US","og_type":"article","og_title":"Guest information - T\u00e4llbergsg\u00e5rden","og_url":"https:\/\/tallbergsgarden.se\/en\/guest-information-2\/","og_site_name":"T\u00e4llbergsg\u00e5rden","article_modified_time":"2024-07-06T15:55:07+00:00","twitter_card":"summary_large_image","twitter_misc":{"Est. reading time":"4 minutes"},"schema":{"@context":"https:\/\/schema.org","@graph":[{"@type":"WebPage","@id":"https:\/\/tallbergsgarden.se\/en\/guest-information-2\/","url":"https:\/\/tallbergsgarden.se\/en\/guest-information-2\/","name":"Guest information - T\u00e4llbergsg\u00e5rden","isPartOf":{"@id":"https:\/\/tallbergsgarden.se\/en\/#website"},"datePublished":"2024-07-03T09:43:06+00:00","dateModified":"2024-07-06T15:55:07+00:00","breadcrumb":{"@id":"https:\/\/tallbergsgarden.se\/en\/guest-information-2\/#breadcrumb"},"inLanguage":"en-US","potentialAction":[{"@type":"ReadAction","target":["https:\/\/tallbergsgarden.se\/en\/guest-information-2\/"]}]},{"@type":"BreadcrumbList","@id":"https:\/\/tallbergsgarden.se\/en\/guest-information-2\/#breadcrumb","itemListElement":[{"@type":"ListItem","position":1,"name":"Home","item":"https:\/\/tallbergsgarden.se\/en\/"},{"@type":"ListItem","position":2,"name":"Guest information"}]},{"@type":"WebSite","@id":"https:\/\/tallbergsgarden.se\/en\/#website","url":"https:\/\/tallbergsgarden.se\/en\/","name":"T\u00e4llbergsg\u00e5rden","description":"Ett hotell med gamla anor som lyser med riktig dalaatmosf\u00e4r","publisher":{"@id":"https:\/\/tallbergsgarden.se\/en\/#organization"},"potentialAction":[{"@type":"SearchAction","target":{"@type":"EntryPoint","urlTemplate":"https:\/\/tallbergsgarden.se\/en\/?s={search_term_string}"},"query-input":{"@type":"PropertyValueSpecification","valueRequired":true,"valueName":"search_term_string"}}],"inLanguage":"en-US"},{"@type":"Organization","@id":"https:\/\/tallbergsgarden.se\/en\/#organization","name":"T\u00e4llbergsg\u00e5rden","url":"https:\/\/tallbergsgarden.se\/en\/","logo":{"@type":"ImageObject","inLanguage":"en-US","@id":"https:\/\/tallbergsgarden.se\/en\/#\/schema\/logo\/image\/","url":"https:\/\/tallbergsgarden.se\/wp-content\/uploads\/2019\/06\/tallberg-logo.png","contentUrl":"https:\/\/tallbergsgarden.se\/wp-content\/uploads\/2019\/06\/tallberg-logo.png","width":2750,"height":661,"caption":"T\u00e4llbergsg\u00e5rden"},"image":{"@id":"https:\/\/tallbergsgarden.se\/en\/#\/schema\/logo\/image\/"}}]}},"_links":{"self":[{"href":"https:\/\/tallbergsgarden.se\/en\/wp-json\/wp\/v2\/pages\/4466","targetHints":{"allow":["GET"]}}],"collection":[{"href":"https:\/\/tallbergsgarden.se\/en\/wp-json\/wp\/v2\/pages"}],"about":[{"href":"https:\/\/tallbergsgarden.se\/en\/wp-json\/wp\/v2\/types\/page"}],"author":[{"embeddable":true,"href":"https:\/\/tallbergsgarden.se\/en\/wp-json\/wp\/v2\/users\/3"}],"replies":[{"embeddable":true,"href":"https:\/\/tallbergsgarden.se\/en\/wp-json\/wp\/v2\/comments?post=4466"}],"version-history":[{"count":15,"href":"https:\/\/tallbergsgarden.se\/en\/wp-json\/wp\/v2\/pages\/4466\/revisions"}],"predecessor-version":[{"id":4542,"href":"https:\/\/tallbergsgarden.se\/en\/wp-json\/wp\/v2\/pages\/4466\/revisions\/4542"}],"wp:attachment":[{"href":"https:\/\/tallbergsgarden.se\/en\/wp-json\/wp\/v2\/media?parent=4466"}],"curies":[{"name":"wp","href":"https:\/\/api.w.org\/{rel}","templated":true}]}}