{"id":4456,"date":"2024-07-03T11:07:52","date_gmt":"2024-07-03T09:07:52","guid":{"rendered":"https:\/\/tallbergsgarden.se\/?page_id=4456"},"modified":"2024-07-06T13:28:21","modified_gmt":"2024-07-06T11:28:21","slug":"party","status":"publish","type":"page","link":"https:\/\/tallbergsgarden.se\/en\/party\/","title":{"rendered":"Party"},"content":{"rendered":"\n  <div class=\"banner has-hover\" id=\"banner-255923921\">\n          <div class=\"banner-inner fill\">\n        <div class=\"banner-bg fill\" >\n            <img loading=\"lazy\" decoding=\"async\" width=\"200\" height=\"133\" src=\"https:\/\/tallbergsgarden.se\/wp-content\/uploads\/2019\/11\/Tallbergsgarden034_mini.jpg\" class=\"bg attachment-large size-large\" alt=\"\" \/>                                    \n                    <\/div>\n\t\t\n        <div class=\"banner-layers container\">\n            <div class=\"fill banner-link\"><\/div>            \n   <div id=\"text-box-488542699\" class=\"text-box banner-layer x0 md-x50 lg-x50 y50 md-y50 lg-y50 res-text\">\n                                <div class=\"text-box-content text dark text-shadow-2\">\n              \n              <div class=\"text-inner text-center\">\n                  \n<h1 class=\"uppercase\">Party arrangement<\/h1>\n              <\/div>\n           <\/div>\n                            \n<style>\n#text-box-488542699 {\n  width: 100%;\n}\n#text-box-488542699 .text-box-content {\n  font-size: 70%;\n}\n@media (min-width:550px) {\n  #text-box-488542699 {\n    width: 85%;\n  }\n  #text-box-488542699 .text-box-content {\n    font-size: 100%;\n  }\n}\n<\/style>\n    <\/div>\n \n        <\/div>\n      <\/div>\n\n            \n<style>\n#banner-255923921 {\n  padding-top: 200px;\n}\n@media (min-width:550px) {\n  #banner-255923921 {\n    padding-top: 500px;\n  }\n}\n<\/style>\n  <\/div>\n\n\n\n\t<section class=\"section\" id=\"section_810327946\">\n\t\t<div class=\"section-bg fill\" >\n\t\t\t\t\t\t\t\t\t\n\t\t\t\n\n\t\t<\/div>\n\n\t\t\n\n\t\t<div class=\"section-content relative\">\n\t\t\t\n<div class=\"row\"  id=\"row-449504554\">\n\n\t<div id=\"col-723354935\" class=\"col small-12 large-12\"  >\n\t\t\t\t<div class=\"col-inner\"  >\n\t\t\t\n\t\t\t\n<h2>Arrange a party at T\u00e4llbergsg\u00e5rden?<\/h2>\n<p>Do you want to organize a party out of the ordinary? Regardless of whether it is a large or small event, we would like to be involved in planning the day so that everything turns out just as you dreamed of.<\/p>\n<p><a href=\"https:\/\/tallbergsgarden.se\/brollopfest\/\">For Wedding Party&#8217;s, read more here<\/a>.<\/p>\n<h3>We will be your party fixers<\/h3>\n<p>We have knowledgeable staff who are on hand to make the party personal and tailored to your event. Let life be a party! Contact us regarding the arrangement and we will book a meeting. Welcome!<\/p>\n<h3>What we can contribute<\/h3>\n<p>T\u00e4llbergsg\u00e5rden is located in a classic dala environment, close to lake Siljan. Our premises are furnished in valley style with a fireplace and paintings on the walls. Our accommodations breathe harmony, and you can trust that you and your guests will sleep well here.<\/p>\n<h3>How to arrange a arty at T\u00e4llbergsg\u00e5rden<\/h3>\n<p><a href=\"https:\/\/tallbergsgarden.se\/kontakt\/\">Contact us here<\/a>, and we wil book a meeting. Let&#8217;s take it from there. You can then tell us how you want your dream party to be.<\/p>\n<div class=\"text-center\"><div class=\"is-divider divider clearfix\" style=\"max-width:1208px;background-color:rgb(152, 37, 37);\"><\/div><\/div>\n\t\t<\/div>\n\t\t\t\t\t<\/div>\n\n\t\n<\/div>\n<div class=\"row\"  id=\"row-625189308\">\n\n\t<div id=\"col-1375977152\" class=\"col small-12 large-12\"  >\n\t\t\t\t<div class=\"col-inner\"  >\n\t\t\t\n\t\t\t\n<h4><span style=\"font-family: georgia-bold;\">Cancellation regulations:<\/span><br \/><span style=\"font-family: Georgia, Palatino;\">Sometimes you have to cancel what you planned. If the reason for the cancellation is illness, we can require a certificate from a doctor. Here you can read which rules apply and at the bottom you will also find a link to Visita&#8217;s cancellation regulations.\u00a0<\/span><\/h4>\n<h4><span style=\"font-family: georgia-bold;\">Wedding&#8217;s and private party&#8217;s<\/span><\/h4>\n<p><strong>Cancellation regulations:<\/strong><\/p>\n<p>Cancellation of the entire arrangement can take place up to 6 months before without charge.<br \/>In case of cancellation with less than 6 months notice, the advance payment of SEK 10,000 is not refundable.<br \/>In case of cancellation with less than 3 months to go, 75% of the cost is charged.<br \/>In case of cancellation with less than 1 month remaining, 100% of the cost is charged.<\/p>\n<p>Administration costs of SEK 550\/booking are always charged upon cancellation.\u00a0<\/p>\n<p><a href=\"https:\/\/visita.se\/app\/uploads\/2019\/09\/allmanna-villkor141101_konferenser_gruppbokningar.pdf\" target=\"_blank\" rel=\"noopener\">Visita Cancellation regulations<\/a><\/p>\n<p>\u00a0<\/p>\n<p><span style=\"font-family: georgia-regular;\">\u00a0<\/span><\/p>\n<p>\u00a0<\/p>\n\t\t<\/div>\n\t\t\t\t\t<\/div>\n\n\t\n<\/div>\n\t\t<\/div>\n\n\t\t\n<style>\n#section_810327946 {\n  padding-top: 60px;\n  padding-bottom: 60px;\n}\n<\/style>\n\t<\/section>\n\t\n","protected":false},"excerpt":{"rendered":"","protected":false},"author":3,"featured_media":0,"parent":0,"menu_order":0,"comment_status":"closed","ping_status":"closed","template":"page-blank.php","meta":{"footnotes":""},"class_list":["post-4456","page","type-page","status-publish","hentry"],"yoast_head":"<!-- This site is optimized with the Yoast SEO plugin v27.5 - https:\/\/yoast.com\/product\/yoast-seo-wordpress\/ -->\n<title>Party - T\u00e4llbergsg\u00e5rden<\/title>\n<meta name=\"robots\" content=\"index, follow, max-snippet:-1, max-image-preview:large, max-video-preview:-1\" \/>\n<link rel=\"canonical\" href=\"https:\/\/tallbergsgarden.se\/en\/party\/\" \/>\n<meta property=\"og:locale\" content=\"en_US\" \/>\n<meta property=\"og:type\" content=\"article\" \/>\n<meta property=\"og:title\" content=\"Party - T\u00e4llbergsg\u00e5rden\" \/>\n<meta property=\"og:url\" content=\"https:\/\/tallbergsgarden.se\/en\/party\/\" \/>\n<meta property=\"og:site_name\" content=\"T\u00e4llbergsg\u00e5rden\" \/>\n<meta property=\"article:modified_time\" content=\"2024-07-06T11:28:21+00:00\" \/>\n<meta name=\"twitter:card\" content=\"summary_large_image\" \/>\n<script type=\"application\/ld+json\" class=\"yoast-schema-graph\">{\"@context\":\"https:\\\/\\\/schema.org\",\"@graph\":[{\"@type\":\"WebPage\",\"@id\":\"https:\\\/\\\/tallbergsgarden.se\\\/en\\\/party\\\/\",\"url\":\"https:\\\/\\\/tallbergsgarden.se\\\/en\\\/party\\\/\",\"name\":\"Party - T\u00e4llbergsg\u00e5rden\",\"isPartOf\":{\"@id\":\"https:\\\/\\\/tallbergsgarden.se\\\/en\\\/#website\"},\"datePublished\":\"2024-07-03T09:07:52+00:00\",\"dateModified\":\"2024-07-06T11:28:21+00:00\",\"breadcrumb\":{\"@id\":\"https:\\\/\\\/tallbergsgarden.se\\\/en\\\/party\\\/#breadcrumb\"},\"inLanguage\":\"en-US\",\"potentialAction\":[{\"@type\":\"ReadAction\",\"target\":[\"https:\\\/\\\/tallbergsgarden.se\\\/en\\\/party\\\/\"]}]},{\"@type\":\"BreadcrumbList\",\"@id\":\"https:\\\/\\\/tallbergsgarden.se\\\/en\\\/party\\\/#breadcrumb\",\"itemListElement\":[{\"@type\":\"ListItem\",\"position\":1,\"name\":\"Home\",\"item\":\"https:\\\/\\\/tallbergsgarden.se\\\/en\\\/\"},{\"@type\":\"ListItem\",\"position\":2,\"name\":\"Party\"}]},{\"@type\":\"WebSite\",\"@id\":\"https:\\\/\\\/tallbergsgarden.se\\\/en\\\/#website\",\"url\":\"https:\\\/\\\/tallbergsgarden.se\\\/en\\\/\",\"name\":\"T\u00e4llbergsg\u00e5rden\",\"description\":\"Ett hotell med gamla anor som lyser med riktig dalaatmosf\u00e4r\",\"publisher\":{\"@id\":\"https:\\\/\\\/tallbergsgarden.se\\\/en\\\/#organization\"},\"potentialAction\":[{\"@type\":\"SearchAction\",\"target\":{\"@type\":\"EntryPoint\",\"urlTemplate\":\"https:\\\/\\\/tallbergsgarden.se\\\/en\\\/?s={search_term_string}\"},\"query-input\":{\"@type\":\"PropertyValueSpecification\",\"valueRequired\":true,\"valueName\":\"search_term_string\"}}],\"inLanguage\":\"en-US\"},{\"@type\":\"Organization\",\"@id\":\"https:\\\/\\\/tallbergsgarden.se\\\/en\\\/#organization\",\"name\":\"T\u00e4llbergsg\u00e5rden\",\"url\":\"https:\\\/\\\/tallbergsgarden.se\\\/en\\\/\",\"logo\":{\"@type\":\"ImageObject\",\"inLanguage\":\"en-US\",\"@id\":\"https:\\\/\\\/tallbergsgarden.se\\\/en\\\/#\\\/schema\\\/logo\\\/image\\\/\",\"url\":\"https:\\\/\\\/tallbergsgarden.se\\\/wp-content\\\/uploads\\\/2019\\\/06\\\/tallberg-logo.png\",\"contentUrl\":\"https:\\\/\\\/tallbergsgarden.se\\\/wp-content\\\/uploads\\\/2019\\\/06\\\/tallberg-logo.png\",\"width\":2750,\"height\":661,\"caption\":\"T\u00e4llbergsg\u00e5rden\"},\"image\":{\"@id\":\"https:\\\/\\\/tallbergsgarden.se\\\/en\\\/#\\\/schema\\\/logo\\\/image\\\/\"}}]}<\/script>\n<!-- \/ Yoast SEO plugin. -->","yoast_head_json":{"title":"Party - T\u00e4llbergsg\u00e5rden","robots":{"index":"index","follow":"follow","max-snippet":"max-snippet:-1","max-image-preview":"max-image-preview:large","max-video-preview":"max-video-preview:-1"},"canonical":"https:\/\/tallbergsgarden.se\/en\/party\/","og_locale":"en_US","og_type":"article","og_title":"Party - T\u00e4llbergsg\u00e5rden","og_url":"https:\/\/tallbergsgarden.se\/en\/party\/","og_site_name":"T\u00e4llbergsg\u00e5rden","article_modified_time":"2024-07-06T11:28:21+00:00","twitter_card":"summary_large_image","schema":{"@context":"https:\/\/schema.org","@graph":[{"@type":"WebPage","@id":"https:\/\/tallbergsgarden.se\/en\/party\/","url":"https:\/\/tallbergsgarden.se\/en\/party\/","name":"Party - T\u00e4llbergsg\u00e5rden","isPartOf":{"@id":"https:\/\/tallbergsgarden.se\/en\/#website"},"datePublished":"2024-07-03T09:07:52+00:00","dateModified":"2024-07-06T11:28:21+00:00","breadcrumb":{"@id":"https:\/\/tallbergsgarden.se\/en\/party\/#breadcrumb"},"inLanguage":"en-US","potentialAction":[{"@type":"ReadAction","target":["https:\/\/tallbergsgarden.se\/en\/party\/"]}]},{"@type":"BreadcrumbList","@id":"https:\/\/tallbergsgarden.se\/en\/party\/#breadcrumb","itemListElement":[{"@type":"ListItem","position":1,"name":"Home","item":"https:\/\/tallbergsgarden.se\/en\/"},{"@type":"ListItem","position":2,"name":"Party"}]},{"@type":"WebSite","@id":"https:\/\/tallbergsgarden.se\/en\/#website","url":"https:\/\/tallbergsgarden.se\/en\/","name":"T\u00e4llbergsg\u00e5rden","description":"Ett hotell med gamla anor som lyser med riktig dalaatmosf\u00e4r","publisher":{"@id":"https:\/\/tallbergsgarden.se\/en\/#organization"},"potentialAction":[{"@type":"SearchAction","target":{"@type":"EntryPoint","urlTemplate":"https:\/\/tallbergsgarden.se\/en\/?s={search_term_string}"},"query-input":{"@type":"PropertyValueSpecification","valueRequired":true,"valueName":"search_term_string"}}],"inLanguage":"en-US"},{"@type":"Organization","@id":"https:\/\/tallbergsgarden.se\/en\/#organization","name":"T\u00e4llbergsg\u00e5rden","url":"https:\/\/tallbergsgarden.se\/en\/","logo":{"@type":"ImageObject","inLanguage":"en-US","@id":"https:\/\/tallbergsgarden.se\/en\/#\/schema\/logo\/image\/","url":"https:\/\/tallbergsgarden.se\/wp-content\/uploads\/2019\/06\/tallberg-logo.png","contentUrl":"https:\/\/tallbergsgarden.se\/wp-content\/uploads\/2019\/06\/tallberg-logo.png","width":2750,"height":661,"caption":"T\u00e4llbergsg\u00e5rden"},"image":{"@id":"https:\/\/tallbergsgarden.se\/en\/#\/schema\/logo\/image\/"}}]}},"_links":{"self":[{"href":"https:\/\/tallbergsgarden.se\/en\/wp-json\/wp\/v2\/pages\/4456","targetHints":{"allow":["GET"]}}],"collection":[{"href":"https:\/\/tallbergsgarden.se\/en\/wp-json\/wp\/v2\/pages"}],"about":[{"href":"https:\/\/tallbergsgarden.se\/en\/wp-json\/wp\/v2\/types\/page"}],"author":[{"embeddable":true,"href":"https:\/\/tallbergsgarden.se\/en\/wp-json\/wp\/v2\/users\/3"}],"replies":[{"embeddable":true,"href":"https:\/\/tallbergsgarden.se\/en\/wp-json\/wp\/v2\/comments?post=4456"}],"version-history":[{"count":6,"href":"https:\/\/tallbergsgarden.se\/en\/wp-json\/wp\/v2\/pages\/4456\/revisions"}],"predecessor-version":[{"id":4483,"href":"https:\/\/tallbergsgarden.se\/en\/wp-json\/wp\/v2\/pages\/4456\/revisions\/4483"}],"wp:attachment":[{"href":"https:\/\/tallbergsgarden.se\/en\/wp-json\/wp\/v2\/media?parent=4456"}],"curies":[{"name":"wp","href":"https:\/\/api.w.org\/{rel}","templated":true}]}}