{"id":4423,"date":"2024-07-03T11:17:50","date_gmt":"2024-07-03T09:17:50","guid":{"rendered":"https:\/\/tallbergsgarden.se\/?page_id=4423"},"modified":"2026-01-18T11:48:45","modified_gmt":"2026-01-18T10:48:45","slug":"gardsmeny-eng","status":"publish","type":"page","link":"https:\/\/tallbergsgarden.se\/en\/gardsmeny-eng\/","title":{"rendered":"G\u00e5rdsmeny Engelska"},"content":{"rendered":"\n  <div class=\"banner has-hover\" id=\"banner-2098329335\">\n          <div class=\"banner-inner fill\">\n        <div class=\"banner-bg fill\" >\n            <img loading=\"lazy\" decoding=\"async\" width=\"1020\" height=\"1018\" src=\"https:\/\/tallbergsgarden.se\/wp-content\/uploads\/2023\/09\/20230922_185110-1024x1022.jpg\" class=\"bg attachment-large size-large\" alt=\"\" \/>                                    \n\t<div class=\"is-border\"\n\t\tstyle=\"border-radius:53px;border-width:0px 0px 0px 0px;\">\n\t<\/div>\n                    <\/div>\n\t\t\n        <div class=\"banner-layers container\">\n            <div class=\"fill banner-link\"><\/div>            \n   <div id=\"text-box-533910125\" class=\"text-box banner-layer x50 md-x50 lg-x50 y50 md-y50 lg-y50 res-text\">\n                                <div class=\"text-box-content text dark\">\n              \n              <div class=\"text-inner text-center\">\n                  \n<h2><\/h2>\n<h2 class=\"uppercase\"><strong>G\u00c5RDSMENY<\/strong><\/h2>\n<a href=\"https:\/\/tallbergsgarden.se\/en\/about-us-opening-hours\/?step=MEALS\" target=\"_blank\" class=\"button primary is-larger\" rel=\"noopener\" style=\"border-radius:99px;\">\n\t\t<span>Boka Bord<\/span>\n\t<\/a>\n\n<p>&nbsp;<\/p>\n<p><script type=\"text\/javascript\" src=\"\/\/reservations.bookvisit.com\/widget?type=table-reservation\"><\/script><\/p>\n<p><script>\n    document.getElementById(\"table-reservation\").addEventListener(\"click\", () => {\n        const config = {};\n        config.widgetContainerId = \"widgetContainer\";\n        config.open = true;\n        config.channelId = \"ab2f7586-5e50-4084-b315-f568fa27f1c9\";\n        config.languageCulture = \"sv-SE\";\n        config.mealId = \"43b5a5e6-cc47-4fed-a354-4993cd3227b7\";\n        config.singleMeal = false;\n        config.restaurantId = \"f2e9051f-e0c9-4255-808d-e7488765b01c\";\n        config.singleRestaurant = true;\n        table_reservation_widget.TableReservationWidget({ ...config });\n    });\n<\/script><\/p>\n<p>&nbsp;<\/p>\n              <\/div>\n           <\/div>\n                            \n<style>\n#text-box-533910125 {\n  width: 60%;\n}\n#text-box-533910125 .text-box-content {\n  font-size: 100%;\n}\n<\/style>\n    <\/div>\n \n        <\/div>\n      <\/div>\n\n            \n<style>\n#banner-2098329335 {\n  padding-top: 300px;\n}\n<\/style>\n  <\/div>\n\n\n<div class=\"is-divider divider clearfix\" ><\/div>\n<h3 style=\"text-align: center;\">G\u00e5rdsmeny<br \/>\n18.00 &#8211; 20.00<br \/>\n3-course 665:-kr<br \/>\nWine package 3 glas 365:-kr<\/h3>\n<p style=\"text-align: center;\">\n","protected":false},"excerpt":{"rendered":"<p>G\u00e5rdsmeny 18.00 &#8211; 20.00 3-course 665:-kr Wine package 3 glas 365:-kr<\/p>\n","protected":false},"author":3,"featured_media":0,"parent":0,"menu_order":0,"comment_status":"closed","ping_status":"closed","template":"page-blank.php","meta":{"footnotes":""},"class_list":["post-4423","page","type-page","status-publish","hentry"],"yoast_head":"<!-- This site is optimized with the Yoast SEO plugin v27.5 - https:\/\/yoast.com\/product\/yoast-seo-wordpress\/ -->\n<title>G\u00e5rdsmeny Engelska - T\u00e4llbergsg\u00e5rden<\/title>\n<meta name=\"robots\" content=\"index, follow, max-snippet:-1, max-image-preview:large, max-video-preview:-1\" \/>\n<link rel=\"canonical\" href=\"https:\/\/tallbergsgarden.se\/en\/gardsmeny-eng\/\" \/>\n<meta property=\"og:locale\" content=\"en_US\" \/>\n<meta property=\"og:type\" content=\"article\" \/>\n<meta property=\"og:title\" content=\"G\u00e5rdsmeny Engelska - T\u00e4llbergsg\u00e5rden\" \/>\n<meta property=\"og:description\" content=\"G\u00e5rdsmeny 18.00 &#8211; 20.00 3-course 665:-kr Wine package 3 glas 365:-kr\" \/>\n<meta property=\"og:url\" content=\"https:\/\/tallbergsgarden.se\/en\/gardsmeny-eng\/\" \/>\n<meta property=\"og:site_name\" content=\"T\u00e4llbergsg\u00e5rden\" \/>\n<meta property=\"article:modified_time\" content=\"2026-01-18T10:48:45+00:00\" \/>\n<meta name=\"twitter:card\" content=\"summary_large_image\" \/>\n<meta name=\"twitter:label1\" content=\"Est. reading time\" \/>\n\t<meta name=\"twitter:data1\" content=\"1 minute\" \/>\n<script type=\"application\/ld+json\" class=\"yoast-schema-graph\">{\"@context\":\"https:\\\/\\\/schema.org\",\"@graph\":[{\"@type\":\"WebPage\",\"@id\":\"https:\\\/\\\/tallbergsgarden.se\\\/en\\\/gardsmeny-eng\\\/\",\"url\":\"https:\\\/\\\/tallbergsgarden.se\\\/en\\\/gardsmeny-eng\\\/\",\"name\":\"G\u00e5rdsmeny Engelska - T\u00e4llbergsg\u00e5rden\",\"isPartOf\":{\"@id\":\"https:\\\/\\\/tallbergsgarden.se\\\/en\\\/#website\"},\"datePublished\":\"2024-07-03T09:17:50+00:00\",\"dateModified\":\"2026-01-18T10:48:45+00:00\",\"breadcrumb\":{\"@id\":\"https:\\\/\\\/tallbergsgarden.se\\\/en\\\/gardsmeny-eng\\\/#breadcrumb\"},\"inLanguage\":\"en-US\",\"potentialAction\":[{\"@type\":\"ReadAction\",\"target\":[\"https:\\\/\\\/tallbergsgarden.se\\\/en\\\/gardsmeny-eng\\\/\"]}]},{\"@type\":\"BreadcrumbList\",\"@id\":\"https:\\\/\\\/tallbergsgarden.se\\\/en\\\/gardsmeny-eng\\\/#breadcrumb\",\"itemListElement\":[{\"@type\":\"ListItem\",\"position\":1,\"name\":\"Home\",\"item\":\"https:\\\/\\\/tallbergsgarden.se\\\/en\\\/\"},{\"@type\":\"ListItem\",\"position\":2,\"name\":\"G\u00e5rdsmeny Engelska\"}]},{\"@type\":\"WebSite\",\"@id\":\"https:\\\/\\\/tallbergsgarden.se\\\/en\\\/#website\",\"url\":\"https:\\\/\\\/tallbergsgarden.se\\\/en\\\/\",\"name\":\"T\u00e4llbergsg\u00e5rden\",\"description\":\"Ett hotell med gamla anor som lyser med riktig dalaatmosf\u00e4r\",\"publisher\":{\"@id\":\"https:\\\/\\\/tallbergsgarden.se\\\/en\\\/#organization\"},\"potentialAction\":[{\"@type\":\"SearchAction\",\"target\":{\"@type\":\"EntryPoint\",\"urlTemplate\":\"https:\\\/\\\/tallbergsgarden.se\\\/en\\\/?s={search_term_string}\"},\"query-input\":{\"@type\":\"PropertyValueSpecification\",\"valueRequired\":true,\"valueName\":\"search_term_string\"}}],\"inLanguage\":\"en-US\"},{\"@type\":\"Organization\",\"@id\":\"https:\\\/\\\/tallbergsgarden.se\\\/en\\\/#organization\",\"name\":\"T\u00e4llbergsg\u00e5rden\",\"url\":\"https:\\\/\\\/tallbergsgarden.se\\\/en\\\/\",\"logo\":{\"@type\":\"ImageObject\",\"inLanguage\":\"en-US\",\"@id\":\"https:\\\/\\\/tallbergsgarden.se\\\/en\\\/#\\\/schema\\\/logo\\\/image\\\/\",\"url\":\"https:\\\/\\\/tallbergsgarden.se\\\/wp-content\\\/uploads\\\/2019\\\/06\\\/tallberg-logo.png\",\"contentUrl\":\"https:\\\/\\\/tallbergsgarden.se\\\/wp-content\\\/uploads\\\/2019\\\/06\\\/tallberg-logo.png\",\"width\":2750,\"height\":661,\"caption\":\"T\u00e4llbergsg\u00e5rden\"},\"image\":{\"@id\":\"https:\\\/\\\/tallbergsgarden.se\\\/en\\\/#\\\/schema\\\/logo\\\/image\\\/\"}}]}<\/script>\n<!-- \/ Yoast SEO plugin. -->","yoast_head_json":{"title":"G\u00e5rdsmeny Engelska - T\u00e4llbergsg\u00e5rden","robots":{"index":"index","follow":"follow","max-snippet":"max-snippet:-1","max-image-preview":"max-image-preview:large","max-video-preview":"max-video-preview:-1"},"canonical":"https:\/\/tallbergsgarden.se\/en\/gardsmeny-eng\/","og_locale":"en_US","og_type":"article","og_title":"G\u00e5rdsmeny Engelska - T\u00e4llbergsg\u00e5rden","og_description":"G\u00e5rdsmeny 18.00 &#8211; 20.00 3-course 665:-kr Wine package 3 glas 365:-kr","og_url":"https:\/\/tallbergsgarden.se\/en\/gardsmeny-eng\/","og_site_name":"T\u00e4llbergsg\u00e5rden","article_modified_time":"2026-01-18T10:48:45+00:00","twitter_card":"summary_large_image","twitter_misc":{"Est. reading time":"1 minute"},"schema":{"@context":"https:\/\/schema.org","@graph":[{"@type":"WebPage","@id":"https:\/\/tallbergsgarden.se\/en\/gardsmeny-eng\/","url":"https:\/\/tallbergsgarden.se\/en\/gardsmeny-eng\/","name":"G\u00e5rdsmeny Engelska - T\u00e4llbergsg\u00e5rden","isPartOf":{"@id":"https:\/\/tallbergsgarden.se\/en\/#website"},"datePublished":"2024-07-03T09:17:50+00:00","dateModified":"2026-01-18T10:48:45+00:00","breadcrumb":{"@id":"https:\/\/tallbergsgarden.se\/en\/gardsmeny-eng\/#breadcrumb"},"inLanguage":"en-US","potentialAction":[{"@type":"ReadAction","target":["https:\/\/tallbergsgarden.se\/en\/gardsmeny-eng\/"]}]},{"@type":"BreadcrumbList","@id":"https:\/\/tallbergsgarden.se\/en\/gardsmeny-eng\/#breadcrumb","itemListElement":[{"@type":"ListItem","position":1,"name":"Home","item":"https:\/\/tallbergsgarden.se\/en\/"},{"@type":"ListItem","position":2,"name":"G\u00e5rdsmeny Engelska"}]},{"@type":"WebSite","@id":"https:\/\/tallbergsgarden.se\/en\/#website","url":"https:\/\/tallbergsgarden.se\/en\/","name":"T\u00e4llbergsg\u00e5rden","description":"Ett hotell med gamla anor som lyser med riktig dalaatmosf\u00e4r","publisher":{"@id":"https:\/\/tallbergsgarden.se\/en\/#organization"},"potentialAction":[{"@type":"SearchAction","target":{"@type":"EntryPoint","urlTemplate":"https:\/\/tallbergsgarden.se\/en\/?s={search_term_string}"},"query-input":{"@type":"PropertyValueSpecification","valueRequired":true,"valueName":"search_term_string"}}],"inLanguage":"en-US"},{"@type":"Organization","@id":"https:\/\/tallbergsgarden.se\/en\/#organization","name":"T\u00e4llbergsg\u00e5rden","url":"https:\/\/tallbergsgarden.se\/en\/","logo":{"@type":"ImageObject","inLanguage":"en-US","@id":"https:\/\/tallbergsgarden.se\/en\/#\/schema\/logo\/image\/","url":"https:\/\/tallbergsgarden.se\/wp-content\/uploads\/2019\/06\/tallberg-logo.png","contentUrl":"https:\/\/tallbergsgarden.se\/wp-content\/uploads\/2019\/06\/tallberg-logo.png","width":2750,"height":661,"caption":"T\u00e4llbergsg\u00e5rden"},"image":{"@id":"https:\/\/tallbergsgarden.se\/en\/#\/schema\/logo\/image\/"}}]}},"_links":{"self":[{"href":"https:\/\/tallbergsgarden.se\/en\/wp-json\/wp\/v2\/pages\/4423","targetHints":{"allow":["GET"]}}],"collection":[{"href":"https:\/\/tallbergsgarden.se\/en\/wp-json\/wp\/v2\/pages"}],"about":[{"href":"https:\/\/tallbergsgarden.se\/en\/wp-json\/wp\/v2\/types\/page"}],"author":[{"embeddable":true,"href":"https:\/\/tallbergsgarden.se\/en\/wp-json\/wp\/v2\/users\/3"}],"replies":[{"embeddable":true,"href":"https:\/\/tallbergsgarden.se\/en\/wp-json\/wp\/v2\/comments?post=4423"}],"version-history":[{"count":22,"href":"https:\/\/tallbergsgarden.se\/en\/wp-json\/wp\/v2\/pages\/4423\/revisions"}],"predecessor-version":[{"id":6482,"href":"https:\/\/tallbergsgarden.se\/en\/wp-json\/wp\/v2\/pages\/4423\/revisions\/6482"}],"wp:attachment":[{"href":"https:\/\/tallbergsgarden.se\/en\/wp-json\/wp\/v2\/media?parent=4423"}],"curies":[{"name":"wp","href":"https:\/\/api.w.org\/{rel}","templated":true}]}}