{"id":4387,"date":"2024-06-30T15:17:52","date_gmt":"2024-06-30T13:17:52","guid":{"rendered":"https:\/\/tallbergsgarden.se\/?page_id=4387"},"modified":"2024-07-06T13:27:36","modified_gmt":"2024-07-06T11:27:36","slug":"wedding","status":"publish","type":"page","link":"https:\/\/tallbergsgarden.se\/en\/wedding\/","title":{"rendered":"Wedding"},"content":{"rendered":"\n  <div class=\"banner has-hover\" id=\"banner-663800910\">\n          <div class=\"banner-inner fill\">\n        <div class=\"banner-bg fill\" >\n            <img loading=\"lazy\" decoding=\"async\" width=\"300\" height=\"105\" src=\"https:\/\/tallbergsgarden.se\/wp-content\/uploads\/2021\/10\/blombukettny-300x105.jpg\" class=\"bg attachment-medium size-medium\" alt=\"\" \/>                        <div class=\"overlay\"><\/div>            \n                    <\/div>\n\t\t\n        <div class=\"banner-layers container\">\n            <div class=\"fill banner-link\"><\/div>            \n   <div id=\"text-box-373541709\" class=\"text-box banner-layer x50 md-x50 lg-x50 y50 md-y50 lg-y50 res-text\">\n                                <div class=\"text-box-content text dark text-shadow-2\">\n              \n              <div class=\"text-inner text-center\">\n                  \n<h1 class=\"uppercase\">Wedding at T\u00e4llbergsg\u00e5rden<\/h1>\n              <\/div>\n           <\/div>\n                            \n<style>\n#text-box-373541709 {\n  width: 100%;\n}\n#text-box-373541709 .text-box-content {\n  font-size: 80%;\n}\n@media (min-width:550px) {\n  #text-box-373541709 {\n    width: 98%;\n  }\n  #text-box-373541709 .text-box-content {\n    font-size: 100%;\n  }\n}\n<\/style>\n    <\/div>\n \n        <\/div>\n      <\/div>\n\n            \n<style>\n#banner-663800910 {\n  padding-top: 200px;\n}\n#banner-663800910 .overlay {\n  background-color: rgba(0,0,0,.5);\n}\n@media (min-width:550px) {\n  #banner-663800910 {\n    padding-top: 500px;\n  }\n}\n<\/style>\n  <\/div>\n\n\n\n\t<section class=\"section\" id=\"section_349128865\">\n\t\t<div class=\"section-bg fill\" >\n\t\t\t\t\t\t\t\t\t\n\t\t\t\n\n\t\t<\/div>\n\n\t\t\n\n\t\t<div class=\"section-content relative\">\n\t\t\t\n<div class=\"row\"  id=\"row-604207994\">\n\n\t<div id=\"col-1228065621\" class=\"col small-12 large-12\"  >\n\t\t\t\t<div class=\"col-inner text-center\"  >\n\t\t\t\n\t\t\t\n<h2>Wedding at beautiful lake Siljan\u00a0<\/h2>\n<p>The wedding day is one of the biggest events we experience in our lives. There is a lot to be arranged for the party of life. During a day, a lot will happen, so it is important to have planned thoroughly. We are more than happy to help you ensure that your wedding party becomes a memory for life and something out of the ordinary.<\/p>\n<p><!--more--><\/p>\n\t\t<\/div>\n\t\t\t\t\t<\/div>\n\n\t\n<\/div>\n\t\t<\/div>\n\n\t\t\n<style>\n#section_349128865 {\n  padding-top: 30px;\n  padding-bottom: 30px;\n}\n<\/style>\n\t<\/section>\n\t\n<div class=\"row\"  id=\"row-1046842311\">\n\n\t<div id=\"col-2090380811\" class=\"col medium-4 small-12 large-4\"  >\n\t\t\t\t<div class=\"col-inner\"  >\n\t\t\t\n\t\t\t\n\t<div class=\"img has-hover x md-x lg-x y md-y lg-y\" id=\"image_1149367217\">\n\t\t\t\t\t\t\t\t<div class=\"img-inner image-cover dark\" style=\"padding-top:50%;\">\n\t\t\t<img loading=\"lazy\" decoding=\"async\" width=\"509\" height=\"339\" src=\"https:\/\/tallbergsgarden.se\/wp-content\/uploads\/2021\/10\/brollopsring-2.jpg\" class=\"attachment-large size-large\" alt=\"\" srcset=\"https:\/\/tallbergsgarden.se\/wp-content\/uploads\/2021\/10\/brollopsring-2.jpg 509w, https:\/\/tallbergsgarden.se\/wp-content\/uploads\/2021\/10\/brollopsring-2-300x200.jpg 300w\" sizes=\"auto, (max-width: 509px) 100vw, 509px\" \/>\t\t\t\t\t\t\n\t\t\t\t\t<\/div>\n\t\t\t\t\t\t\t\t\n<style>\n#image_1149367217 {\n  width: 100%;\n}\n<\/style>\n\t<\/div>\n\t\n<h4><span style=\"font-family: georgia-bold;\">WEDDING<\/span><\/h4>\n<p>Many of our brides and grooms choose to get married in one of the churches in Leksand municipality or in R\u00e4ttvik.<br \/>It is also possible to arrange a wedding at Siljan&#8217;s beach or in T\u00e4llbergsg\u00e5rden&#8217;s garden. Remember to book the church in time as there are many who choose weddings in Siljan&#8217;s area.<br \/>After the wedding and possible transport from church or beach, a bridal toast is served on the terrace or in the living room. A glass of champagne with luxurious cuts is a nice alternative.<\/p>\n\t\t<\/div>\n\t\t\t\t\t<\/div>\n\n\t\n\n\t<div id=\"col-538979517\" class=\"col medium-4 small-12 large-4\"  >\n\t\t\t\t<div class=\"col-inner\"  >\n\t\t\t\n\t\t\t\n\t<div class=\"img has-hover x md-x lg-x y md-y lg-y\" id=\"image_1375257460\">\n\t\t\t\t\t\t\t\t<div class=\"img-inner image-cover dark\" style=\"padding-top:50%;\">\n\t\t\t<img loading=\"lazy\" decoding=\"async\" width=\"600\" height=\"449\" src=\"https:\/\/tallbergsgarden.se\/wp-content\/uploads\/2021\/10\/brollsdukning.jpg\" class=\"attachment-large size-large\" alt=\"\" srcset=\"https:\/\/tallbergsgarden.se\/wp-content\/uploads\/2021\/10\/brollsdukning.jpg 600w, https:\/\/tallbergsgarden.se\/wp-content\/uploads\/2021\/10\/brollsdukning-300x225.jpg 300w\" sizes=\"auto, (max-width: 600px) 100vw, 600px\" \/>\t\t\t\t\t\t\n\t\t\t\t\t<\/div>\n\t\t\t\t\t\t\t\t\n<style>\n#image_1375257460 {\n  width: 100%;\n}\n<\/style>\n\t<\/div>\n\t\n<h4><span style=\"font-family: georgia-bold;\">WEDDING DINNER &amp; PARTY<\/span><\/h4>\n<p>In our beautiful dining room with an adorable view of Siljan, we set the table according to your wishes. At the entrances, on the terrace and in the dining room, it is possible to remove leaves if desired for a fee.<\/p>\n<p>Our kitchen composes your wedding menu based on the season and availability. In consultation with our restaurant manager, you will agree on suitable drinks for the dinner. Dancing and entertainment are a natural element during the wedding night.<\/p>\n\t\t<\/div>\n\t\t\t\t\t<\/div>\n\n\t\n\n\t<div id=\"col-1913905244\" class=\"col medium-4 small-12 large-4\"  >\n\t\t\t\t<div class=\"col-inner\"  >\n\t\t\t\n\t\t\t\n\t<div class=\"img has-hover x md-x lg-x y md-y lg-y\" id=\"image_1622145739\">\n\t\t\t\t\t\t\t\t<div class=\"img-inner image-cover dark\" style=\"padding-top:50%;\">\n\t\t\t<img loading=\"lazy\" decoding=\"async\" width=\"1020\" height=\"679\" src=\"https:\/\/tallbergsgarden.se\/wp-content\/uploads\/2019\/11\/svit_m_bubbelbad_oppen_spis_rum4a-1024x682.jpg\" class=\"attachment-large size-large\" alt=\"Lyxig svit p\u00e5 T\u00e4llbergsg\u00e5rden\" srcset=\"https:\/\/tallbergsgarden.se\/wp-content\/uploads\/2019\/11\/svit_m_bubbelbad_oppen_spis_rum4a-1024x682.jpg 1024w, https:\/\/tallbergsgarden.se\/wp-content\/uploads\/2019\/11\/svit_m_bubbelbad_oppen_spis_rum4a-300x200.jpg 300w, https:\/\/tallbergsgarden.se\/wp-content\/uploads\/2019\/11\/svit_m_bubbelbad_oppen_spis_rum4a-768x512.jpg 768w\" sizes=\"auto, (max-width: 1020px) 100vw, 1020px\" \/>\t\t\t\t\t\t\n\t\t\t\t\t<\/div>\n\t\t\t\t\t\t\t\t\n<style>\n#image_1622145739 {\n  width: 100%;\n}\n<\/style>\n\t<\/div>\n\t\n<h4><span style=\"font-family: georgia-bold;\">OUR ROOMS<\/span><\/h4>\n<p><span style=\"font-family: Georgia, Palatino;\">T\u00e4llbergsg\u00e5rden is located in the middle of the village, on the slope down towards Siljan. ligger mitt i byn, p\u00e5 sluttningen ner mot Siljan. Here, the atmosphere is characterized by warmth and familiar welcome.<\/span><\/p>\n<p>The hotel has 30 rooms\/suites and are distributed in the various houses on the farmyard. Everyone looks different and has their own personal touch. We have several suites to choose from. Some have Carpe Diem beds, fireplaces or whirlpool tubs.<\/p>\n<p>In the main building there are cozy and charming little rooms where you can enjoy coffee or tea in front of the fire.<\/p>\n\t\t<\/div>\n\t\t\t\t\t<\/div>\n\n\t\n<\/div>\n<div class=\"row\"  id=\"row-857168448\">\n\n\t<div id=\"col-1391060001\" class=\"col small-12 large-12\"  >\n\t\t\t\t<div class=\"col-inner\"  >\n\t\t\t\n\t\t\t\n<div class=\"is-divider divider clearfix\" style=\"max-width:1092px;background-color:rgb(168, 23, 23);\"><\/div>\n<div class=\"row\"  id=\"row-1874783348\">\n\n\t<div id=\"col-935840679\" class=\"col medium-6 small-12 large-6\"  >\n\t\t\t\t<div class=\"col-inner\"  >\n\t\t\t\n\t\t\t\n\t<div class=\"img has-hover x md-x lg-x y md-y lg-y\" id=\"image_2066740784\">\n\t\t\t\t\t\t\t\t<div class=\"img-inner image-cover dark\" style=\"padding-top:50%;\">\n\t\t\t<img loading=\"lazy\" decoding=\"async\" width=\"370\" height=\"247\" src=\"https:\/\/tallbergsgarden.se\/wp-content\/uploads\/2021\/10\/Tallbergsgarden034.jpg\" class=\"attachment-large size-large\" alt=\"\" srcset=\"https:\/\/tallbergsgarden.se\/wp-content\/uploads\/2021\/10\/Tallbergsgarden034.jpg 370w, https:\/\/tallbergsgarden.se\/wp-content\/uploads\/2021\/10\/Tallbergsgarden034-300x200.jpg 300w\" sizes=\"auto, (max-width: 370px) 100vw, 370px\" \/>\t\t\t\t\t\t\n\t\t\t\t\t<\/div>\n\t\t\t\t\t\t\t\t\n<style>\n#image_2066740784 {\n  width: 100%;\n}\n<\/style>\n\t<\/div>\n\t\n<p><span style=\"font-family: Georgia, Palatino;\"><span style=\"font-family: georgia-bold; font-size: 110%;\">Wedding package Johansson&#8217;s<\/span><\/span><span style=\"font-family: Georgia, Palatino;\">\u00a0 \u00a0 \u00a0 \u00a0 \u00a0 \u00a0 \u00a0 \u00a0 \u00a0 \u00a0 \u00a0 \u00a0 \u00a0 \u00a0 \u00a0 \u00a0 \u00a0 \u00a0 \u00a0 \u00a0 \u00a0\u00a0<\/span><\/p>\n<ul>\n<li>Bridal toast with 1 glass of cava<\/li>\n<li>2 luxurious cuts<\/li>\n<li>3-course wedding dinner<\/li>\n<li>Wine package 3 glasses<\/li>\n<li>Coffee Tea<\/li>\n<li>Avec (4 cl)<\/li>\n<\/ul>\n\t\t<\/div>\n\t\t\t\t\t<\/div>\n\n\t\n\n\t<div id=\"col-1390239356\" class=\"col medium-6 small-12 large-6\"  >\n\t\t\t\t<div class=\"col-inner\"  >\n\t\t\t\n\t\t\t\n\t<div class=\"img has-hover x md-x lg-x y md-y lg-y\" id=\"image_1751640222\">\n\t\t\t\t\t\t\t\t<div class=\"img-inner image-cover dark\" style=\"padding-top:50%;\">\n\t\t\t<img loading=\"lazy\" decoding=\"async\" width=\"1020\" height=\"765\" src=\"https:\/\/tallbergsgarden.se\/wp-content\/uploads\/2019\/11\/utsikt-1024x768.jpg\" class=\"attachment-large size-large\" alt=\"Restaurang i T\u00e4llberg med utsikt \u00f6ver Siljan\" srcset=\"https:\/\/tallbergsgarden.se\/wp-content\/uploads\/2019\/11\/utsikt-1024x768.jpg 1024w, https:\/\/tallbergsgarden.se\/wp-content\/uploads\/2019\/11\/utsikt-300x225.jpg 300w, https:\/\/tallbergsgarden.se\/wp-content\/uploads\/2019\/11\/utsikt-768x576.jpg 768w, https:\/\/tallbergsgarden.se\/wp-content\/uploads\/2019\/11\/utsikt.jpg 2048w\" sizes=\"auto, (max-width: 1020px) 100vw, 1020px\" \/>\t\t\t\t\t\t\n\t\t\t\t\t<\/div>\n\t\t\t\t\t\t\t\t\n<style>\n#image_1751640222 {\n  width: 100%;\n}\n<\/style>\n\t<\/div>\n\t\n<p><span style=\"font-family: georgia-bold; font-size: 110%;\">Wedding package T\u00e4llbergsg\u00e5rden<\/span><\/p>\n<ul>\n<li>Bridal toast with 1 glass of cava<\/li>\n<li>2-course wedding supper<\/li>\n<li>Wine package 2 glasses<\/li>\n<li>Coffee\/tea<\/li>\n<li>Avec (4 cl)<\/li>\n<\/ul>\n\t\t<\/div>\n\t\t\t\t\t<\/div>\n\n\t\n<\/div>\n<div class=\"text-center\"><div class=\"is-divider divider clearfix\" style=\"margin-top:1.7em;margin-bottom:1.7em;max-width:1092px;background-color:rgb(124, 33, 30);\"><\/div><\/div>\n<h4><span style=\"font-family: georgia-bold;\">Cancellation regulations:<\/span><br \/><span style=\"font-family: Georgia, Palatino;\">Sometimes you have to cancel what you planned. If the reason for the cancellation is illness, we can require a certificate from a doctor. Here you can read which rules apply and at the bottom you will also find a link to Visita&#8217;s cancellation regulations.\u00a0<\/span><\/h4>\n<h4><span style=\"font-family: georgia-bold;\">Wedding&#8217;s and private party&#8217;s<\/span><\/h4>\n<p><strong>Cancellation regulations:<\/strong><\/p>\n<p>Cancellation of the entire arrangement can take place up to 6 months before without charge.<br \/>In case of cancellation with less than 6 months notice, the advance payment of SEK 10,000 is not refundable.<br \/>In case of cancellation with less than 3 months to go, 75% of the cost is charged.<br \/>In case of cancellation with less than 1 month remaining, 100% of the cost is charged.<\/p>\n<p>Administration costs of SEK 550\/booking are always charged upon cancellation.\u00a0<\/p>\n<p><a href=\"https:\/\/visita.se\/app\/uploads\/2019\/09\/allmanna-villkor141101_konferenser_gruppbokningar.pdf\" target=\"_blank\" rel=\"noopener\">Visita Cancellation regulations<\/a><\/p>\n<p>\u00a0<\/p>\n<p>\u00a0<\/p>\n\t\t<\/div>\n\t\t\t\t\t<\/div>\n\n\t\n<\/div>\n","protected":false},"excerpt":{"rendered":"<p>Wedding at beautiful lake Siljan\u00a0 The wedding day is one of the biggest events we experience in our lives. There is a lot to be arranged for the party of life. During a day, a lot will happen, so it is important to have planned thoroughly. We are more than happy to help you ensure [&#8230;]\n","protected":false},"author":3,"featured_media":0,"parent":0,"menu_order":0,"comment_status":"closed","ping_status":"closed","template":"page-blank.php","meta":{"footnotes":""},"class_list":["post-4387","page","type-page","status-publish","hentry"],"yoast_head":"<!-- This site is optimized with the Yoast SEO plugin v27.1.1 - https:\/\/yoast.com\/product\/yoast-seo-wordpress\/ -->\n<title>Wedding - T\u00e4llbergsg\u00e5rden<\/title>\n<meta name=\"robots\" content=\"index, follow, max-snippet:-1, max-image-preview:large, max-video-preview:-1\" \/>\n<link rel=\"canonical\" href=\"https:\/\/tallbergsgarden.se\/en\/wedding\/\" \/>\n<meta property=\"og:locale\" content=\"en_US\" \/>\n<meta property=\"og:type\" content=\"article\" \/>\n<meta property=\"og:title\" content=\"Wedding - T\u00e4llbergsg\u00e5rden\" \/>\n<meta property=\"og:description\" content=\"Wedding at beautiful lake Siljan\u00a0 The wedding day is one of the biggest events we experience in our lives. There is a lot to be arranged for the party of life. During a day, a lot will happen, so it is important to have planned thoroughly. We are more than happy to help you ensure [...]\" \/>\n<meta property=\"og:url\" content=\"https:\/\/tallbergsgarden.se\/en\/wedding\/\" \/>\n<meta property=\"og:site_name\" content=\"T\u00e4llbergsg\u00e5rden\" \/>\n<meta property=\"article:modified_time\" content=\"2024-07-06T11:27:36+00:00\" \/>\n<meta name=\"twitter:card\" content=\"summary_large_image\" \/>\n<script type=\"application\/ld+json\" class=\"yoast-schema-graph\">{\"@context\":\"https:\/\/schema.org\",\"@graph\":[{\"@type\":\"WebPage\",\"@id\":\"https:\/\/tallbergsgarden.se\/en\/wedding\/\",\"url\":\"https:\/\/tallbergsgarden.se\/en\/wedding\/\",\"name\":\"Wedding - T\u00e4llbergsg\u00e5rden\",\"isPartOf\":{\"@id\":\"https:\/\/tallbergsgarden.se\/en\/#website\"},\"datePublished\":\"2024-06-30T13:17:52+00:00\",\"dateModified\":\"2024-07-06T11:27:36+00:00\",\"breadcrumb\":{\"@id\":\"https:\/\/tallbergsgarden.se\/en\/wedding\/#breadcrumb\"},\"inLanguage\":\"en-US\",\"potentialAction\":[{\"@type\":\"ReadAction\",\"target\":[\"https:\/\/tallbergsgarden.se\/en\/wedding\/\"]}]},{\"@type\":\"BreadcrumbList\",\"@id\":\"https:\/\/tallbergsgarden.se\/en\/wedding\/#breadcrumb\",\"itemListElement\":[{\"@type\":\"ListItem\",\"position\":1,\"name\":\"Home\",\"item\":\"https:\/\/tallbergsgarden.se\/en\/\"},{\"@type\":\"ListItem\",\"position\":2,\"name\":\"Wedding\"}]},{\"@type\":\"WebSite\",\"@id\":\"https:\/\/tallbergsgarden.se\/en\/#website\",\"url\":\"https:\/\/tallbergsgarden.se\/en\/\",\"name\":\"T\u00e4llbergsg\u00e5rden\",\"description\":\"Ett hotell med gamla anor som lyser med riktig dalaatmosf\u00e4r\",\"publisher\":{\"@id\":\"https:\/\/tallbergsgarden.se\/en\/#organization\"},\"potentialAction\":[{\"@type\":\"SearchAction\",\"target\":{\"@type\":\"EntryPoint\",\"urlTemplate\":\"https:\/\/tallbergsgarden.se\/en\/?s={search_term_string}\"},\"query-input\":{\"@type\":\"PropertyValueSpecification\",\"valueRequired\":true,\"valueName\":\"search_term_string\"}}],\"inLanguage\":\"en-US\"},{\"@type\":\"Organization\",\"@id\":\"https:\/\/tallbergsgarden.se\/en\/#organization\",\"name\":\"T\u00e4llbergsg\u00e5rden\",\"url\":\"https:\/\/tallbergsgarden.se\/en\/\",\"logo\":{\"@type\":\"ImageObject\",\"inLanguage\":\"en-US\",\"@id\":\"https:\/\/tallbergsgarden.se\/en\/#\/schema\/logo\/image\/\",\"url\":\"https:\/\/tallbergsgarden.se\/wp-content\/uploads\/2019\/06\/tallberg-logo.png\",\"contentUrl\":\"https:\/\/tallbergsgarden.se\/wp-content\/uploads\/2019\/06\/tallberg-logo.png\",\"width\":2750,\"height\":661,\"caption\":\"T\u00e4llbergsg\u00e5rden\"},\"image\":{\"@id\":\"https:\/\/tallbergsgarden.se\/en\/#\/schema\/logo\/image\/\"}}]}<\/script>\n<!-- \/ Yoast SEO plugin. -->","yoast_head_json":{"title":"Wedding - T\u00e4llbergsg\u00e5rden","robots":{"index":"index","follow":"follow","max-snippet":"max-snippet:-1","max-image-preview":"max-image-preview:large","max-video-preview":"max-video-preview:-1"},"canonical":"https:\/\/tallbergsgarden.se\/en\/wedding\/","og_locale":"en_US","og_type":"article","og_title":"Wedding - T\u00e4llbergsg\u00e5rden","og_description":"Wedding at beautiful lake Siljan\u00a0 The wedding day is one of the biggest events we experience in our lives. There is a lot to be arranged for the party of life. During a day, a lot will happen, so it is important to have planned thoroughly. We are more than happy to help you ensure [...]","og_url":"https:\/\/tallbergsgarden.se\/en\/wedding\/","og_site_name":"T\u00e4llbergsg\u00e5rden","article_modified_time":"2024-07-06T11:27:36+00:00","twitter_card":"summary_large_image","schema":{"@context":"https:\/\/schema.org","@graph":[{"@type":"WebPage","@id":"https:\/\/tallbergsgarden.se\/en\/wedding\/","url":"https:\/\/tallbergsgarden.se\/en\/wedding\/","name":"Wedding - T\u00e4llbergsg\u00e5rden","isPartOf":{"@id":"https:\/\/tallbergsgarden.se\/en\/#website"},"datePublished":"2024-06-30T13:17:52+00:00","dateModified":"2024-07-06T11:27:36+00:00","breadcrumb":{"@id":"https:\/\/tallbergsgarden.se\/en\/wedding\/#breadcrumb"},"inLanguage":"en-US","potentialAction":[{"@type":"ReadAction","target":["https:\/\/tallbergsgarden.se\/en\/wedding\/"]}]},{"@type":"BreadcrumbList","@id":"https:\/\/tallbergsgarden.se\/en\/wedding\/#breadcrumb","itemListElement":[{"@type":"ListItem","position":1,"name":"Home","item":"https:\/\/tallbergsgarden.se\/en\/"},{"@type":"ListItem","position":2,"name":"Wedding"}]},{"@type":"WebSite","@id":"https:\/\/tallbergsgarden.se\/en\/#website","url":"https:\/\/tallbergsgarden.se\/en\/","name":"T\u00e4llbergsg\u00e5rden","description":"Ett hotell med gamla anor som lyser med riktig dalaatmosf\u00e4r","publisher":{"@id":"https:\/\/tallbergsgarden.se\/en\/#organization"},"potentialAction":[{"@type":"SearchAction","target":{"@type":"EntryPoint","urlTemplate":"https:\/\/tallbergsgarden.se\/en\/?s={search_term_string}"},"query-input":{"@type":"PropertyValueSpecification","valueRequired":true,"valueName":"search_term_string"}}],"inLanguage":"en-US"},{"@type":"Organization","@id":"https:\/\/tallbergsgarden.se\/en\/#organization","name":"T\u00e4llbergsg\u00e5rden","url":"https:\/\/tallbergsgarden.se\/en\/","logo":{"@type":"ImageObject","inLanguage":"en-US","@id":"https:\/\/tallbergsgarden.se\/en\/#\/schema\/logo\/image\/","url":"https:\/\/tallbergsgarden.se\/wp-content\/uploads\/2019\/06\/tallberg-logo.png","contentUrl":"https:\/\/tallbergsgarden.se\/wp-content\/uploads\/2019\/06\/tallberg-logo.png","width":2750,"height":661,"caption":"T\u00e4llbergsg\u00e5rden"},"image":{"@id":"https:\/\/tallbergsgarden.se\/en\/#\/schema\/logo\/image\/"}}]}},"_links":{"self":[{"href":"https:\/\/tallbergsgarden.se\/en\/wp-json\/wp\/v2\/pages\/4387","targetHints":{"allow":["GET"]}}],"collection":[{"href":"https:\/\/tallbergsgarden.se\/en\/wp-json\/wp\/v2\/pages"}],"about":[{"href":"https:\/\/tallbergsgarden.se\/en\/wp-json\/wp\/v2\/types\/page"}],"author":[{"embeddable":true,"href":"https:\/\/tallbergsgarden.se\/en\/wp-json\/wp\/v2\/users\/3"}],"replies":[{"embeddable":true,"href":"https:\/\/tallbergsgarden.se\/en\/wp-json\/wp\/v2\/comments?post=4387"}],"version-history":[{"count":14,"href":"https:\/\/tallbergsgarden.se\/en\/wp-json\/wp\/v2\/pages\/4387\/revisions"}],"predecessor-version":[{"id":4401,"href":"https:\/\/tallbergsgarden.se\/en\/wp-json\/wp\/v2\/pages\/4387\/revisions\/4401"}],"wp:attachment":[{"href":"https:\/\/tallbergsgarden.se\/en\/wp-json\/wp\/v2\/media?parent=4387"}],"curies":[{"name":"wp","href":"https:\/\/api.w.org\/{rel}","templated":true}]}}