{"id":4354,"date":"2024-06-29T19:09:19","date_gmt":"2024-06-29T17:09:19","guid":{"rendered":"https:\/\/tallbergsgarden.se\/?page_id=4354"},"modified":"2026-01-17T13:30:35","modified_gmt":"2026-01-17T12:30:35","slug":"current-information-at-johanssons-restaurant","status":"publish","type":"page","link":"https:\/\/tallbergsgarden.se\/en\/current-information-at-johanssons-restaurant\/","title":{"rendered":"Current information at Johansson&#8217;s restaurant"},"content":{"rendered":"\n  <div class=\"banner has-hover\" id=\"banner-1914766062\">\n          <div class=\"banner-inner fill\">\n        <div class=\"banner-bg fill\" >\n            <img loading=\"lazy\" decoding=\"async\" width=\"768\" height=\"514\" src=\"https:\/\/tallbergsgarden.se\/wp-content\/uploads\/2024\/05\/2008-05-30-211-768x514.jpg\" class=\"bg attachment-medium_large size-medium_large\" alt=\"\" \/>                                    \n                    <\/div>\n\t\t\n        <div class=\"banner-layers container\">\n            <div class=\"fill banner-link\"><\/div>            \n   <div id=\"text-box-661289323\" class=\"text-box banner-layer x50 md-x50 lg-x50 y50 md-y50 lg-y50 res-text\">\n                                <div class=\"text-box-content text dark text-shadow-1\">\n              \n              <div class=\"text-inner text-center\">\n                  \n<h2 class=\"uppercase\"><span style=\"color: #f7f5f5;\"><strong>Current information at Johansson&#8217;s restaurant<\/strong><\/span><\/h2>\n<h4>\u00a0<\/h4>\n              <\/div>\n           <\/div>\n                            \n<style>\n#text-box-661289323 {\n  width: 100%;\n}\n#text-box-661289323 .text-box-content {\n  font-size: 75%;\n}\n@media (min-width:550px) {\n  #text-box-661289323 {\n    width: 60%;\n  }\n  #text-box-661289323 .text-box-content {\n    font-size: 100%;\n  }\n}\n<\/style>\n    <\/div>\n \n        <\/div>\n      <\/div>\n\n            \n<style>\n#banner-1914766062 {\n  padding-top: 200px;\n}\n@media (min-width:550px) {\n  #banner-1914766062 {\n    padding-top: 350px;\n  }\n}\n<\/style>\n  <\/div>\n\n\n<div class=\"row\"  id=\"row-480028209\">\n\n\t<div id=\"col-791336055\" class=\"col small-12 large-12\"  >\n\t\t\t\t<div class=\"col-inner text-center\"  >\n\t\t\t\n\t\t\t\n<h2 data-start=\"121\" data-end=\"136\">\u00c0 la carte<\/h2>\n<p data-start=\"137\" data-end=\"181\"><strong data-start=\"137\" data-end=\"179\">Fridays &amp; Saturdays, 6:00 PM \u2013 9:00 PM<\/strong><\/p>\n<p data-start=\"183\" data-end=\"307\">We have created a warm and atmospheric menu featuring the season\u2019s finest ingredients.<br data-start=\"269\" data-end=\"272\" \/>We look forward to welcoming you!<\/p>\n<hr data-start=\"309\" data-end=\"312\" \/>\n<p data-start=\"396\" data-end=\"478\">\u00a0<\/p>\n<h2 data-start=\"485\" data-end=\"502\">Shrimp Night<\/h2>\n<p data-start=\"503\" data-end=\"527\"><strong data-start=\"503\" data-end=\"525\">Friday, January 23<\/strong><\/p>\n<p data-start=\"529\" data-end=\"789\">Gather a cheerful group of friends for a delightful shrimp evening!<br data-start=\"596\" data-end=\"599\" \/>At our Friday cozy night, you can enjoy as many shrimp as you like, served with delicious accompaniments: freshly baked bread, butter, Rhode Island sauce, aioli, and warming bouillabaisse.<\/p>\n<p data-start=\"791\" data-end=\"922\"><strong data-start=\"791\" data-end=\"801\">Price:<\/strong> 395 SEK per person<br data-start=\"820\" data-end=\"823\" \/><strong data-start=\"823\" data-end=\"832\">Time:<\/strong> 5:00 PM \u2013 8:00 PM (last seating 7:00 PM)<br data-start=\"873\" data-end=\"876\" \/><em data-start=\"876\" data-end=\"920\">Please mention \u201cShrimp Night\u201d when booking<\/em><\/p>\n<hr data-start=\"924\" data-end=\"927\" \/>\n<h2 data-start=\"929\" data-end=\"947\">Afternoon Tea<\/h2>\n<p data-start=\"948\" data-end=\"974\"><strong data-start=\"948\" data-end=\"972\">Saturday, February 7<\/strong><\/p>\n<p data-start=\"976\" data-end=\"1105\">Afternoon Tea is served on beautiful tiered stands in our Dala hall, with views over Lake Siljan and the blue-tinged mountains.<\/p>\n<p data-start=\"1107\" data-end=\"1163\"><strong data-start=\"1107\" data-end=\"1116\">Time:<\/strong> 1:00 PM \u2013 3:00 PM (last reservation 2:00 PM)<\/p>\n<p data-start=\"1165\" data-end=\"1341\">Our Afternoon Tea includes homemade scones with jam, lemon curd, and clotted cream, finger sandwiches, delicious macarons, a slice of cake, plus a variety of teas and coffee.<\/p>\n<p data-start=\"1343\" data-end=\"1374\"><strong data-start=\"1343\" data-end=\"1353\">Price:<\/strong> 325 SEK per person<\/p>\n<hr data-start=\"1376\" data-end=\"1379\" \/>\n<h2 data-start=\"1381\" data-end=\"1402\">Valentine\u2019s Menu<\/h2>\n<p data-start=\"1403\" data-end=\"1450\"><strong data-start=\"1403\" data-end=\"1448\">Saturday, February 14 | 6:00 PM \u2013 9:00 PM<\/strong><\/p>\n<h3 data-start=\"1452\" data-end=\"1465\">Starter<\/h3>\n<p data-start=\"1466\" data-end=\"1573\"><strong data-start=\"1466\" data-end=\"1479\">Leek Soup<\/strong><br data-start=\"1479\" data-end=\"1482\" \/>with smoked perch, baked leek pur\u00e9e, pickled onions, mustard seeds, and potato crisps (M)<\/p>\n<p data-start=\"1575\" data-end=\"1654\"><strong data-start=\"1575\" data-end=\"1592\">Wine pairing:<\/strong> Gustave Lorentz Pinot Gris Evidance, France, Alsace 135 SEK<\/p>\n<h3 data-start=\"1656\" data-end=\"1675\">Second Course<\/h3>\n<p data-start=\"1676\" data-end=\"1825\"><strong data-start=\"1676\" data-end=\"1697\">Sour Cream Br\u00fbl\u00e9e<\/strong><br data-start=\"1697\" data-end=\"1700\" \/>with Kalix roe from Br\u00f6derna Persson, bintje foam, pickled red onion slices, burnt lemon jelly, and pommes allumette (M, \u00c4)<\/p>\n<p data-start=\"1827\" data-end=\"1945\"><strong data-start=\"1827\" data-end=\"1844\">Wine pairing:<\/strong> Mandois Brut Origine Chardonnay, Pinot Noir, Pinot Meunier, France, Pierry, C\u00f4te de Blancs 150 SEK<\/p>\n<h3 data-start=\"1947\" data-end=\"1964\">Main Course<\/h3>\n<p data-start=\"1965\" data-end=\"2123\"><strong data-start=\"1965\" data-end=\"1989\">Reindeer Loin Fillet<\/strong><br data-start=\"1989\" data-end=\"1992\" \/>served with rowanberry jelly, hazelnuts, Jerusalem artichoke pur\u00e9e, cognac and brown butter sauce, and hasselback potatoes (M, N)<\/p>\n<p data-start=\"2125\" data-end=\"2209\"><strong data-start=\"2125\" data-end=\"2142\">Wine pairing:<\/strong> Penfolds Bin 2 Shiraz Mataro, Australia, South Australia 160 SEK<\/p>\n<h3 data-start=\"2211\" data-end=\"2224\">Dessert<\/h3>\n<p data-start=\"2225\" data-end=\"2339\"><strong data-start=\"2225\" data-end=\"2256\">White Chocolate Mousse Cake<\/strong><br data-start=\"2256\" data-end=\"2259\" \/>with queen\u2019s jam on rice cracker, raspberry jelly, and raspberry sorbet (M, L)<\/p>\n<p data-start=\"2341\" data-end=\"2397\"><strong data-start=\"2341\" data-end=\"2358\">Wine pairing:<\/strong> Ceretto Moscato d\u2019Asti, Italy 95 SEK<\/p>\n<p data-start=\"2399\" data-end=\"2496\"><strong data-start=\"2399\" data-end=\"2417\">4-course menu:<\/strong> 775 SEK<br data-start=\"2425\" data-end=\"2428\" \/><strong data-start=\"2428\" data-end=\"2446\">With aperitif:<\/strong> 875 SEK<br data-start=\"2454\" data-end=\"2457\" \/><strong data-start=\"2457\" data-end=\"2486\">Wine package (4 glasses):<\/strong> 395 SEK<\/p>\n<h5>\u00a0<\/h5>\n<p>\u00a0<\/p>\n<p class=\"lead\" style=\"font-size: 20.16px;\">Welcome to make a reservation online or call us on 0247-50850 or send us an email info@tallbergsgarden.se.<\/p>\n<p>\u00a0<\/p>\n<p>To se all of our opening hours: <a href=\"https:\/\/tallbergsgarden.se\/prislista-restaurang\/\" target=\"_blank\" rel=\"noopener\">About us &amp; opening hours<\/a><\/p>\n<p>\u00a0<\/p>\n<p style=\"text-align: center;\">To avoid too many guests and congestion in our dining room at the same time, we kindly ask you to book your dinner time.<\/p>\n<p style=\"text-align: center;\"><strong>It is important that the company of dinner guets arrive at the reservation time so we can give everyone a good experience. Thank you!<\/strong><\/p>\n<a class=\"button primary is-bevel is-large\" style=\"border-radius:99px;\">\n\t\t<span>Reservation<\/span>\n\t<\/a>\n\n<p><\/button><\/p>\n<p><script type=\"text\/javascript\" src=\"\/\/reservations.bookvisit.com\/widget?type=table-reservation\"><\/script><\/p>\n<p><script>\n    document.getElementById(\"table-reservation\").addEventListener(\"click\", () => {\n        const config = {};\n        config.widgetContainerId = \"widgetContainer\";\n        config.open = true;\n        config.channelId = \"ab2f7586-5e50-4084-b315-f568fa27f1c9\";\n        config.languageCulture = \"sv-SE\";\n        config.mealId = \"43b5a5e6-cc47-4fed-a354-4993cd3227b7\";\n        config.singleMeal = false;\n        config.restaurantId = \"f2e9051f-e0c9-4255-808d-e7488765b01c\";\n        config.singleRestaurant = true;\n        table_reservation_widget.TableReservationWidget({ ...config });\n    });\n<\/script><\/p>\n<p><\/body><br \/>\n<\/html><\/p>\n\t\t<\/div>\n\t\t\t\t\t<\/div>\n\n\t\n<\/div>\n","protected":false},"excerpt":{"rendered":"","protected":false},"author":3,"featured_media":0,"parent":0,"menu_order":0,"comment_status":"closed","ping_status":"closed","template":"page-blank.php","meta":{"footnotes":""},"class_list":["post-4354","page","type-page","status-publish","hentry"],"yoast_head":"<!-- This site is optimized with the Yoast SEO plugin v27.5 - https:\/\/yoast.com\/product\/yoast-seo-wordpress\/ -->\n<title>Current information at Johansson&#039;s restaurant - T\u00e4llbergsg\u00e5rden<\/title>\n<meta name=\"robots\" content=\"index, follow, max-snippet:-1, max-image-preview:large, max-video-preview:-1\" \/>\n<link rel=\"canonical\" href=\"https:\/\/tallbergsgarden.se\/en\/current-information-at-johanssons-restaurant\/\" \/>\n<meta property=\"og:locale\" content=\"en_US\" \/>\n<meta property=\"og:type\" content=\"article\" \/>\n<meta property=\"og:title\" content=\"Current information at Johansson&#039;s restaurant - T\u00e4llbergsg\u00e5rden\" \/>\n<meta property=\"og:url\" content=\"https:\/\/tallbergsgarden.se\/en\/current-information-at-johanssons-restaurant\/\" \/>\n<meta property=\"og:site_name\" content=\"T\u00e4llbergsg\u00e5rden\" \/>\n<meta property=\"article:modified_time\" content=\"2026-01-17T12:30:35+00:00\" \/>\n<meta name=\"twitter:card\" content=\"summary_large_image\" \/>\n<script type=\"application\/ld+json\" class=\"yoast-schema-graph\">{\"@context\":\"https:\\\/\\\/schema.org\",\"@graph\":[{\"@type\":\"WebPage\",\"@id\":\"https:\\\/\\\/tallbergsgarden.se\\\/en\\\/current-information-at-johanssons-restaurant\\\/\",\"url\":\"https:\\\/\\\/tallbergsgarden.se\\\/en\\\/current-information-at-johanssons-restaurant\\\/\",\"name\":\"Current information at Johansson's restaurant - T\u00e4llbergsg\u00e5rden\",\"isPartOf\":{\"@id\":\"https:\\\/\\\/tallbergsgarden.se\\\/en\\\/#website\"},\"datePublished\":\"2024-06-29T17:09:19+00:00\",\"dateModified\":\"2026-01-17T12:30:35+00:00\",\"breadcrumb\":{\"@id\":\"https:\\\/\\\/tallbergsgarden.se\\\/en\\\/current-information-at-johanssons-restaurant\\\/#breadcrumb\"},\"inLanguage\":\"en-US\",\"potentialAction\":[{\"@type\":\"ReadAction\",\"target\":[\"https:\\\/\\\/tallbergsgarden.se\\\/en\\\/current-information-at-johanssons-restaurant\\\/\"]}]},{\"@type\":\"BreadcrumbList\",\"@id\":\"https:\\\/\\\/tallbergsgarden.se\\\/en\\\/current-information-at-johanssons-restaurant\\\/#breadcrumb\",\"itemListElement\":[{\"@type\":\"ListItem\",\"position\":1,\"name\":\"Home\",\"item\":\"https:\\\/\\\/tallbergsgarden.se\\\/en\\\/\"},{\"@type\":\"ListItem\",\"position\":2,\"name\":\"Current information at Johansson&#8217;s restaurant\"}]},{\"@type\":\"WebSite\",\"@id\":\"https:\\\/\\\/tallbergsgarden.se\\\/en\\\/#website\",\"url\":\"https:\\\/\\\/tallbergsgarden.se\\\/en\\\/\",\"name\":\"T\u00e4llbergsg\u00e5rden\",\"description\":\"Ett hotell med gamla anor som lyser med riktig dalaatmosf\u00e4r\",\"publisher\":{\"@id\":\"https:\\\/\\\/tallbergsgarden.se\\\/en\\\/#organization\"},\"potentialAction\":[{\"@type\":\"SearchAction\",\"target\":{\"@type\":\"EntryPoint\",\"urlTemplate\":\"https:\\\/\\\/tallbergsgarden.se\\\/en\\\/?s={search_term_string}\"},\"query-input\":{\"@type\":\"PropertyValueSpecification\",\"valueRequired\":true,\"valueName\":\"search_term_string\"}}],\"inLanguage\":\"en-US\"},{\"@type\":\"Organization\",\"@id\":\"https:\\\/\\\/tallbergsgarden.se\\\/en\\\/#organization\",\"name\":\"T\u00e4llbergsg\u00e5rden\",\"url\":\"https:\\\/\\\/tallbergsgarden.se\\\/en\\\/\",\"logo\":{\"@type\":\"ImageObject\",\"inLanguage\":\"en-US\",\"@id\":\"https:\\\/\\\/tallbergsgarden.se\\\/en\\\/#\\\/schema\\\/logo\\\/image\\\/\",\"url\":\"https:\\\/\\\/tallbergsgarden.se\\\/wp-content\\\/uploads\\\/2019\\\/06\\\/tallberg-logo.png\",\"contentUrl\":\"https:\\\/\\\/tallbergsgarden.se\\\/wp-content\\\/uploads\\\/2019\\\/06\\\/tallberg-logo.png\",\"width\":2750,\"height\":661,\"caption\":\"T\u00e4llbergsg\u00e5rden\"},\"image\":{\"@id\":\"https:\\\/\\\/tallbergsgarden.se\\\/en\\\/#\\\/schema\\\/logo\\\/image\\\/\"}}]}<\/script>\n<!-- \/ Yoast SEO plugin. -->","yoast_head_json":{"title":"Current information at Johansson's restaurant - T\u00e4llbergsg\u00e5rden","robots":{"index":"index","follow":"follow","max-snippet":"max-snippet:-1","max-image-preview":"max-image-preview:large","max-video-preview":"max-video-preview:-1"},"canonical":"https:\/\/tallbergsgarden.se\/en\/current-information-at-johanssons-restaurant\/","og_locale":"en_US","og_type":"article","og_title":"Current information at Johansson's restaurant - T\u00e4llbergsg\u00e5rden","og_url":"https:\/\/tallbergsgarden.se\/en\/current-information-at-johanssons-restaurant\/","og_site_name":"T\u00e4llbergsg\u00e5rden","article_modified_time":"2026-01-17T12:30:35+00:00","twitter_card":"summary_large_image","schema":{"@context":"https:\/\/schema.org","@graph":[{"@type":"WebPage","@id":"https:\/\/tallbergsgarden.se\/en\/current-information-at-johanssons-restaurant\/","url":"https:\/\/tallbergsgarden.se\/en\/current-information-at-johanssons-restaurant\/","name":"Current information at Johansson's restaurant - T\u00e4llbergsg\u00e5rden","isPartOf":{"@id":"https:\/\/tallbergsgarden.se\/en\/#website"},"datePublished":"2024-06-29T17:09:19+00:00","dateModified":"2026-01-17T12:30:35+00:00","breadcrumb":{"@id":"https:\/\/tallbergsgarden.se\/en\/current-information-at-johanssons-restaurant\/#breadcrumb"},"inLanguage":"en-US","potentialAction":[{"@type":"ReadAction","target":["https:\/\/tallbergsgarden.se\/en\/current-information-at-johanssons-restaurant\/"]}]},{"@type":"BreadcrumbList","@id":"https:\/\/tallbergsgarden.se\/en\/current-information-at-johanssons-restaurant\/#breadcrumb","itemListElement":[{"@type":"ListItem","position":1,"name":"Home","item":"https:\/\/tallbergsgarden.se\/en\/"},{"@type":"ListItem","position":2,"name":"Current information at Johansson&#8217;s restaurant"}]},{"@type":"WebSite","@id":"https:\/\/tallbergsgarden.se\/en\/#website","url":"https:\/\/tallbergsgarden.se\/en\/","name":"T\u00e4llbergsg\u00e5rden","description":"Ett hotell med gamla anor som lyser med riktig dalaatmosf\u00e4r","publisher":{"@id":"https:\/\/tallbergsgarden.se\/en\/#organization"},"potentialAction":[{"@type":"SearchAction","target":{"@type":"EntryPoint","urlTemplate":"https:\/\/tallbergsgarden.se\/en\/?s={search_term_string}"},"query-input":{"@type":"PropertyValueSpecification","valueRequired":true,"valueName":"search_term_string"}}],"inLanguage":"en-US"},{"@type":"Organization","@id":"https:\/\/tallbergsgarden.se\/en\/#organization","name":"T\u00e4llbergsg\u00e5rden","url":"https:\/\/tallbergsgarden.se\/en\/","logo":{"@type":"ImageObject","inLanguage":"en-US","@id":"https:\/\/tallbergsgarden.se\/en\/#\/schema\/logo\/image\/","url":"https:\/\/tallbergsgarden.se\/wp-content\/uploads\/2019\/06\/tallberg-logo.png","contentUrl":"https:\/\/tallbergsgarden.se\/wp-content\/uploads\/2019\/06\/tallberg-logo.png","width":2750,"height":661,"caption":"T\u00e4llbergsg\u00e5rden"},"image":{"@id":"https:\/\/tallbergsgarden.se\/en\/#\/schema\/logo\/image\/"}}]}},"_links":{"self":[{"href":"https:\/\/tallbergsgarden.se\/en\/wp-json\/wp\/v2\/pages\/4354","targetHints":{"allow":["GET"]}}],"collection":[{"href":"https:\/\/tallbergsgarden.se\/en\/wp-json\/wp\/v2\/pages"}],"about":[{"href":"https:\/\/tallbergsgarden.se\/en\/wp-json\/wp\/v2\/types\/page"}],"author":[{"embeddable":true,"href":"https:\/\/tallbergsgarden.se\/en\/wp-json\/wp\/v2\/users\/3"}],"replies":[{"embeddable":true,"href":"https:\/\/tallbergsgarden.se\/en\/wp-json\/wp\/v2\/comments?post=4354"}],"version-history":[{"count":26,"href":"https:\/\/tallbergsgarden.se\/en\/wp-json\/wp\/v2\/pages\/4354\/revisions"}],"predecessor-version":[{"id":6473,"href":"https:\/\/tallbergsgarden.se\/en\/wp-json\/wp\/v2\/pages\/4354\/revisions\/6473"}],"wp:attachment":[{"href":"https:\/\/tallbergsgarden.se\/en\/wp-json\/wp\/v2\/media?parent=4354"}],"curies":[{"name":"wp","href":"https:\/\/api.w.org\/{rel}","templated":true}]}}