{"id":243,"date":"2017-03-03T16:26:18","date_gmt":"2017-03-03T15:26:18","guid":{"rendered":"https:\/\/tallbergsgarden.se\/start\/"},"modified":"2022-10-14T13:52:34","modified_gmt":"2022-10-14T11:52:34","slug":"start","status":"publish","type":"page","link":"https:\/\/tallbergsgarden.se\/en\/","title":{"rendered":"Start"},"content":{"rendered":"\n  <div class=\"banner has-hover\" id=\"banner-394047442\">\n          <div class=\"banner-inner fill\">\n        <div class=\"banner-bg fill\" >\n                        \t<div class=\"video-overlay no-click fill\"><\/div>\n\t<div id=\"ytplayer-555\" class=\"ux-youtube fill object-fit hide-for-medium\" data-videoid=\"qXGwGOHefSU\" data-loop=\"1\" data-audio=\"0\"><\/div>\n            <div class=\"overlay\"><\/div>            \n                    <\/div>\n\t\t\n        <div class=\"banner-layers container\">\n            <div class=\"fill banner-link\"><\/div>            \n   <div id=\"text-box-1522517380\" class=\"text-box banner-layer x50 md-x50 lg-x50 y25 md-y25 lg-y25 res-text\">\n                                <div class=\"text-box-content text \">\n              \n              <div class=\"text-inner text-center\">\n                  \n<h1 class=\"uppercase\">WELCOME TO<br \/>T\u00c4LLBERGSG\u00c5RDEN\u00b4S HOTEL AND RESTAURANT<\/h1>\n              <\/div>\n           <\/div>\n                            \n<style>\n#text-box-1522517380 {\n  width: 60%;\n}\n#text-box-1522517380 .text-box-content {\n  font-size: 80%;\n}\n@media (min-width:550px) {\n  #text-box-1522517380 {\n    width: 84%;\n  }\n}\n<\/style>\n    <\/div>\n \n   <div id=\"text-box-54629836\" class=\"text-box banner-layer x50 md-x50 lg-x50 y90 md-y90 lg-y90 res-text\">\n                                <div class=\"text-box-content text dark\">\n              \n              <div class=\"text-inner text-center\">\n                  \n<a class=\"button primary\" >\n\t<i class=\"icon-phone\" aria-hidden=\"true\"><\/i>\t<span>Contact us<\/span>\n\t<\/a>\n\n              <\/div>\n           <\/div>\n                            \n<style>\n#text-box-54629836 {\n  width: 60%;\n}\n#text-box-54629836 .text-box-content {\n  font-size: 100%;\n}\n<\/style>\n    <\/div>\n \n        <\/div>\n      <\/div>\n\n            \n<style>\n#banner-394047442 {\n  padding-top: 31.65%;\n  background-color: rgb(255,255,255);\n}\n#banner-394047442 .overlay {\n  background-color: rgba(255, 255, 255, 0.5);\n}\n<\/style>\n  <\/div>\n\n\n<div class=\"row row-large\"  id=\"row-2108010183\">\n\n\t<div id=\"col-1656672843\" class=\"col small-12 large-12\"  >\n\t\t\t\t<div class=\"col-inner text-center\"  >\n\t\t\t\n\t\t\t\n<h2>BOOK ONLINE!<\/h2>\n\t\t<\/div>\n\t\t\t\t\t<\/div>\n\n\t\n\n\t<div id=\"col-1767120505\" class=\"col medium-4 small-12 large-4\"  >\n\t\t\t\t<div class=\"col-inner text-center\"  >\n\t\t\t\n\t\t\t\n<h3 style=\"font-size:95%;\">HOTEL<\/h3>\n\t<div class=\"img has-hover x md-x lg-x y md-y lg-y\" id=\"image_1063901758\">\n\t\t\t\t\t\t\t\t<div class=\"img-inner box-shadow-2 dark\" >\n\t\t\t<img loading=\"lazy\" decoding=\"async\" width=\"768\" height=\"512\" src=\"https:\/\/tallbergsgarden.se\/wp-content\/uploads\/2019\/07\/minisvit_rum_22_11.jpg\" class=\"attachment-large size-large\" alt=\"Minisvit\" srcset=\"https:\/\/tallbergsgarden.se\/wp-content\/uploads\/2019\/07\/minisvit_rum_22_11.jpg 768w, https:\/\/tallbergsgarden.se\/wp-content\/uploads\/2019\/07\/minisvit_rum_22_11-300x200.jpg 300w\" sizes=\"auto, (max-width: 768px) 100vw, 768px\" \/>\t\t\t\t\t\t\n\t\t\t\t\t<\/div>\n\t\t\t\t\t\t\t\t\n<style>\n#image_1063901758 {\n  width: 100%;\n}\n<\/style>\n\t<\/div>\n\t\n\t\t<\/div>\n\t\t\t\t\t<\/div>\n\n\t\n\n\t<div id=\"col-525691312\" class=\"col medium-4 small-12 large-4\"  >\n\t\t\t\t<div class=\"col-inner text-center\"  >\n\t\t\t\n\t\t\t\n<h3 style=\"font-size:95%;\">RESTAURANT<\/h3>\n\t<div class=\"img has-hover x md-x lg-x y md-y lg-y\" id=\"image_1458963103\">\n\t\t\t\t\t\t\t\t<div class=\"img-inner box-shadow-2 dark\" >\n\t\t\t<img loading=\"lazy\" decoding=\"async\" width=\"768\" height=\"512\" src=\"https:\/\/tallbergsgarden.se\/wp-content\/uploads\/2019\/07\/Mat-bild-4-liten.jpg\" class=\"attachment-large size-large\" alt=\"God mat i T\u00e4llberg\" srcset=\"https:\/\/tallbergsgarden.se\/wp-content\/uploads\/2019\/07\/Mat-bild-4-liten.jpg 768w, https:\/\/tallbergsgarden.se\/wp-content\/uploads\/2019\/07\/Mat-bild-4-liten-300x200.jpg 300w\" sizes=\"auto, (max-width: 768px) 100vw, 768px\" \/>\t\t\t\t\t\t\n\t\t\t\t\t<\/div>\n\t\t\t\t\t\t\t\t\n<style>\n#image_1458963103 {\n  width: 100%;\n}\n<\/style>\n\t<\/div>\n\t\n\t\t<\/div>\n\t\t\t\t\t<\/div>\n\n\t\n\n\t<div id=\"col-1736814365\" class=\"col medium-4 small-12 large-4\"  >\n\t\t\t\t<div class=\"col-inner text-center\"  >\n\t\t\t\n\t\t\t\n<h3 style=\"font-size:95%;\">CONFERENCE<\/h3>\n\t<div class=\"img has-hover x md-x lg-x y md-y lg-y\" id=\"image_1930681188\">\n\t\t\t\t\t\t\t\t<div class=\"img-inner box-shadow-2 dark\" >\n\t\t\t<img loading=\"lazy\" decoding=\"async\" width=\"768\" height=\"512\" src=\"https:\/\/tallbergsgarden.se\/wp-content\/uploads\/2019\/07\/lillstuggun_21.jpg\" class=\"attachment-large size-large\" alt=\"Konferens i T\u00e4llberg\" srcset=\"https:\/\/tallbergsgarden.se\/wp-content\/uploads\/2019\/07\/lillstuggun_21.jpg 768w, https:\/\/tallbergsgarden.se\/wp-content\/uploads\/2019\/07\/lillstuggun_21-300x200.jpg 300w\" sizes=\"auto, (max-width: 768px) 100vw, 768px\" \/>\t\t\t\t\t\t\n\t\t\t\t\t<\/div>\n\t\t\t\t\t\t\t\t\n<style>\n#image_1930681188 {\n  width: 100%;\n}\n<\/style>\n\t<\/div>\n\t\n\t\t<\/div>\n\t\t\t\t\t<\/div>\n\n\t\n<\/div>\n<div class=\"text-center\"><div class=\"is-divider divider clearfix\" style=\"max-width:700px;height:1px;background-color:rgb(117, 117, 117);\"><\/div><\/div>\n\n\t<section class=\"section\" id=\"section_1182520456\">\n\t\t<div class=\"section-bg fill\" >\n\t\t\t\t\t\t\t\t\t\n\t\t\t\n\n\t\t<\/div>\n\n\t\t\n\n\t\t<div class=\"section-content relative\">\n\t\t\t\n<div class=\"row align-center\"  id=\"row-241999462\">\n\n\t<div id=\"col-898698294\" class=\"col medium-10 small-12 large-10\"  >\n\t\t\t\t<div class=\"col-inner text-center\"  >\n\t\t\t\n\t\t\t\n<h2>WELCOME TO<br \/>T\u00c4LLBERGSG\u00c5RDEN\u00b4S HOTEL AND RESTAURANT<\/h2>\n<p>By Lake Siljan in Dalarna(\u2018Dalecarlia\u2019) artists and writers have sought inspiration since the early 19th century.<br \/>It is easy to understand when you are in fact here.\u00a0 T\u00e4llbergsg\u00e5rden is a hotel with old traditions and a striking, distinctive Dalarna atmosphere.<\/p>\n<p>Our hallmark is first-rate personal service and making our guests feel at home.<br \/>In our beautiful dining-room with a magnificent view over Lake Siljan and the distant blue hills, we serve everything from traditional Swedish dishes to exciting tasting menus.<\/p>\n<p>Sleep well in some of our charming rooms with Tempur mattress or Carpe diem beds and wake totally refreshed.<br \/>In total we have 30 rooms, everything from cosy suites to elegantly decorated double-rooms.<br \/>If you are looking for relaxation and inspiration then you are most welcome to T\u00e4llbergsg\u00e5rden\u00b4s hotel and the \u00c5kerblad family.<\/p>\n<p>You will receive a warm welcome and have an enjoyable stay with us at T\u00e4llbergsg\u00e5rden.<\/p>\n\t\t<\/div>\n\t\t\t\t\t<\/div>\n\n\t\n<\/div>\n\t\t<\/div>\n\n\t\t\n<style>\n#section_1182520456 {\n  padding-top: 60px;\n  padding-bottom: 60px;\n  min-height: 300px;\n  background-color: rgb(255,255,255);\n}\n<\/style>\n\t<\/section>\n\t\n<div class=\"text-center\"><div class=\"is-divider divider clearfix\" style=\"max-width:700px;height:1px;background-color:rgb(117, 117, 117);\"><\/div><\/div>\n\n\t<section class=\"section\" id=\"section_94032653\">\n\t\t<div class=\"section-bg fill\" >\n\t\t\t\t\t\t\t\t\t<div class=\"section-bg-overlay absolute fill\"><\/div>\n\t\t\t\n\n\t\t<\/div>\n\n\t\t\n\n\t\t<div class=\"section-content relative\">\n\t\t\t\n<div class=\"row row-large align-middle\"  id=\"row-466818796\">\n\n\t<div id=\"col-372980836\" class=\"col medium-6 small-12 large-6\"  >\n\t\t\t\t<div class=\"col-inner text-left\"  >\n\t\t\t\n\t\t\t\n<h2>T\u00c4LLBERGSG\u00c5RDEN\u00b4S RESTAURANT: JOHANSSONS<\/h2>\n<p>Johansson&#8217;s guest house opened in 1908. In March 2018, 110 years later, Johansson&#8217;s Restaurant at T\u00e4llbergsg\u00e5rden was the only restaurant in Leksand to be rated by White Guide, and with its 63 points one of Dalarna&#8217;s best restaurants. We would like to thank all the staff who in recent years have helped us realize the idea of \u200b\u200ba classic restaurant in a modern style with a focus on the local.<\/p>\n<p>Welcome to Johansson\u00b4s Restaurant at T\u00e4llbergsg\u00e5rden!<\/p>\n\t<div class=\"img has-hover x md-x lg-x y md-y lg-y\" id=\"image_514429517\">\n\t\t\t\t\t\t\t\t<div class=\"img-inner dark\" >\n\t\t\t<img loading=\"lazy\" decoding=\"async\" width=\"300\" height=\"82\" src=\"https:\/\/tallbergsgarden.se\/wp-content\/uploads\/2019\/07\/johansson-002-300x82.png\" class=\"attachment-original size-original\" alt=\"\" \/>\t\t\t\t\t\t\n\t\t\t\t\t<\/div>\n\t\t\t\t\t\t\t\t\n<style>\n#image_514429517 {\n  width: 50%;\n}\n<\/style>\n\t<\/div>\n\t\n\t\t<\/div>\n\t\t\t\t\t<\/div>\n\n\t\n\n\t<div id=\"col-504990483\" class=\"col medium-6 small-12 large-6\"  >\n\t\t\t\t<div class=\"col-inner text-center\"  >\n\t\t\t\n\t\t\t\n\t<div class=\"img has-hover x md-x lg-x y md-y lg-y\" id=\"image_1827944673\">\n\t\t\t\t\t\t\t\t<div class=\"img-inner box-shadow-2 dark\" >\n\t\t\t<img loading=\"lazy\" decoding=\"async\" width=\"265\" height=\"168\" src=\"https:\/\/tallbergsgarden.se\/wp-content\/uploads\/2019\/07\/johanssons_pensionat.jpg\" class=\"attachment-large size-large\" alt=\"Johanssons Pensionat i T\u00e4llberg\" \/>\t\t\t\t\t\t\n\t\t\t\t\t<\/div>\n\t\t\t\t\t\t\t\t\n<style>\n#image_1827944673 {\n  width: 70%;\n}\n<\/style>\n\t<\/div>\n\t\n\t\t<\/div>\n\t\t\t\t\t<\/div>\n\n\t\n<\/div>\n\t\t<\/div>\n\n\t\t\n<style>\n#section_94032653 {\n  padding-top: 60px;\n  padding-bottom: 60px;\n}\n#section_94032653 .section-bg-overlay {\n  background-color: rgba(255, 255, 255, 0.85);\n}\n<\/style>\n\t<\/section>\n\t\n<div class=\"text-center\"><div class=\"is-divider divider clearfix\" style=\"max-width:700px;height:1px;background-color:rgb(117, 117, 117);\"><\/div><\/div>\n\n\t<section class=\"section\" id=\"section_1164519854\">\n\t\t<div class=\"section-bg fill\" >\n\t\t\t\t\t\t\t\t\t\n\t\t\t\n\n\t\t<\/div>\n\n\t\t\n\n\t\t<div class=\"section-content relative\">\n\t\t\t\n<div class=\"row row-large align-middle\"  id=\"row-407753471\">\n\n\t<div id=\"col-1259454477\" class=\"col medium-6 small-12 large-6\"  >\n\t\t\t\t<div class=\"col-inner text-center\"  >\n\t\t\t\n\t\t\t\n\t<div class=\"img has-hover x md-x lg-x y md-y lg-y\" id=\"image_1955466385\">\n\t\t\t\t\t\t\t\t<div class=\"img-inner box-shadow-2 dark\" >\n\t\t\t<img loading=\"lazy\" decoding=\"async\" width=\"768\" height=\"512\" src=\"https:\/\/tallbergsgarden.se\/wp-content\/uploads\/2019\/07\/frambrollop.jpg\" class=\"attachment-large size-large\" alt=\"Br\u00f6llop i T\u00e4llberg\" srcset=\"https:\/\/tallbergsgarden.se\/wp-content\/uploads\/2019\/07\/frambrollop.jpg 768w, https:\/\/tallbergsgarden.se\/wp-content\/uploads\/2019\/07\/frambrollop-300x200.jpg 300w\" sizes=\"auto, (max-width: 768px) 100vw, 768px\" \/>\t\t\t\t\t\t\n\t\t\t\t\t<\/div>\n\t\t\t\t\t\t\t\t\n<style>\n#image_1955466385 {\n  width: 70%;\n}\n<\/style>\n\t<\/div>\n\t\n\t\t<\/div>\n\t\t\t\t\t<\/div>\n\n\t\n\n\t<div id=\"col-1845509389\" class=\"col medium-6 small-12 large-6\"  >\n\t\t\t\t<div class=\"col-inner text-left\"  >\n\t\t\t\n\t\t\t\n<h3>WEDDING AT T\u00c4LLBERGSG\u00c5RDEN\u00b4S HOTEL<\/h3>\n<p>Marriage is one of the greatest experiences we have in our lives. There is much to arrange for this great occasion. During one day so much will happen, so it is essential to have planned thoroughly. We would gladly help you to ensure that this occasion will be a lasting memory and something quite exceptional.<\/p>\n\t\t<\/div>\n\t\t\t\t\t<\/div>\n\n\t\n<\/div>\n\t\t<\/div>\n\n\t\t\n<style>\n#section_1164519854 {\n  padding-top: 60px;\n  padding-bottom: 60px;\n}\n<\/style>\n\t<\/section>\n\t\n","protected":false},"excerpt":{"rendered":"","protected":false},"author":1,"featured_media":0,"parent":0,"menu_order":0,"comment_status":"closed","ping_status":"closed","template":"page-blank.php","meta":{"footnotes":""},"class_list":["post-243","page","type-page","status-publish","hentry"],"yoast_head":"<!-- This site is optimized with the Yoast SEO plugin v27.1.1 - https:\/\/yoast.com\/product\/yoast-seo-wordpress\/ -->\n<title>T\u00e4llbergsg\u00e5rden - hotel and restaurant at lake Siljan in T\u00e4llberg, Dalarna<\/title>\n<meta name=\"description\" content=\"Are you looking for a harmonious accommodation in a hotel near Siljan? Welcome to T\u00e4llbergsg\u00e5rden. Stay in a soothing environment.\" \/>\n<meta name=\"robots\" content=\"index, follow, max-snippet:-1, max-image-preview:large, max-video-preview:-1\" \/>\n<link rel=\"canonical\" href=\"https:\/\/tallbergsgarden.se\/en\/\" \/>\n<meta property=\"og:locale\" content=\"en_US\" \/>\n<meta property=\"og:type\" content=\"article\" \/>\n<meta property=\"og:title\" content=\"T\u00e4llbergsg\u00e5rden - hotel and restaurant at lake Siljan in T\u00e4llberg, Dalarna\" \/>\n<meta property=\"og:description\" content=\"Are you looking for a harmonious accommodation in a hotel near Siljan? Welcome to T\u00e4llbergsg\u00e5rden. Stay in a soothing environment.\" \/>\n<meta property=\"og:url\" content=\"https:\/\/tallbergsgarden.se\/en\/\" \/>\n<meta property=\"og:site_name\" content=\"T\u00e4llbergsg\u00e5rden\" \/>\n<meta property=\"article:modified_time\" content=\"2022-10-14T11:52:34+00:00\" \/>\n<meta name=\"twitter:card\" content=\"summary_large_image\" \/>\n<meta name=\"twitter:label1\" content=\"Est. reading time\" \/>\n\t<meta name=\"twitter:data1\" content=\"3 minutes\" \/>\n<script type=\"application\/ld+json\" class=\"yoast-schema-graph\">{\"@context\":\"https:\/\/schema.org\",\"@graph\":[{\"@type\":\"WebPage\",\"@id\":\"https:\/\/tallbergsgarden.se\/en\/\",\"url\":\"https:\/\/tallbergsgarden.se\/en\/\",\"name\":\"T\u00e4llbergsg\u00e5rden - hotel and restaurant at lake Siljan in T\u00e4llberg, Dalarna\",\"isPartOf\":{\"@id\":\"https:\/\/tallbergsgarden.se\/en\/#website\"},\"datePublished\":\"2017-03-03T15:26:18+00:00\",\"dateModified\":\"2022-10-14T11:52:34+00:00\",\"description\":\"Are you looking for a harmonious accommodation in a hotel near Siljan? Welcome to T\u00e4llbergsg\u00e5rden. Stay in a soothing environment.\",\"breadcrumb\":{\"@id\":\"https:\/\/tallbergsgarden.se\/en\/#breadcrumb\"},\"inLanguage\":\"en-US\",\"potentialAction\":[{\"@type\":\"ReadAction\",\"target\":[\"https:\/\/tallbergsgarden.se\/en\/\"]}]},{\"@type\":\"BreadcrumbList\",\"@id\":\"https:\/\/tallbergsgarden.se\/en\/#breadcrumb\",\"itemListElement\":[{\"@type\":\"ListItem\",\"position\":1,\"name\":\"Home\",\"item\":\"https:\/\/tallbergsgarden.se\/en\/\"},{\"@type\":\"ListItem\",\"position\":2,\"name\":\"Start\"}]},{\"@type\":\"WebSite\",\"@id\":\"https:\/\/tallbergsgarden.se\/en\/#website\",\"url\":\"https:\/\/tallbergsgarden.se\/en\/\",\"name\":\"T\u00e4llbergsg\u00e5rden\",\"description\":\"Ett hotell med gamla anor som lyser med riktig dalaatmosf\u00e4r\",\"publisher\":{\"@id\":\"https:\/\/tallbergsgarden.se\/en\/#organization\"},\"potentialAction\":[{\"@type\":\"SearchAction\",\"target\":{\"@type\":\"EntryPoint\",\"urlTemplate\":\"https:\/\/tallbergsgarden.se\/en\/?s={search_term_string}\"},\"query-input\":{\"@type\":\"PropertyValueSpecification\",\"valueRequired\":true,\"valueName\":\"search_term_string\"}}],\"inLanguage\":\"en-US\"},{\"@type\":\"Organization\",\"@id\":\"https:\/\/tallbergsgarden.se\/en\/#organization\",\"name\":\"T\u00e4llbergsg\u00e5rden\",\"url\":\"https:\/\/tallbergsgarden.se\/en\/\",\"logo\":{\"@type\":\"ImageObject\",\"inLanguage\":\"en-US\",\"@id\":\"https:\/\/tallbergsgarden.se\/en\/#\/schema\/logo\/image\/\",\"url\":\"https:\/\/tallbergsgarden.se\/wp-content\/uploads\/2019\/06\/tallberg-logo.png\",\"contentUrl\":\"https:\/\/tallbergsgarden.se\/wp-content\/uploads\/2019\/06\/tallberg-logo.png\",\"width\":2750,\"height\":661,\"caption\":\"T\u00e4llbergsg\u00e5rden\"},\"image\":{\"@id\":\"https:\/\/tallbergsgarden.se\/en\/#\/schema\/logo\/image\/\"}}]}<\/script>\n<!-- \/ Yoast SEO plugin. -->","yoast_head_json":{"title":"T\u00e4llbergsg\u00e5rden - hotel and restaurant at lake Siljan in T\u00e4llberg, Dalarna","description":"Are you looking for a harmonious accommodation in a hotel near Siljan? Welcome to T\u00e4llbergsg\u00e5rden. Stay in a soothing environment.","robots":{"index":"index","follow":"follow","max-snippet":"max-snippet:-1","max-image-preview":"max-image-preview:large","max-video-preview":"max-video-preview:-1"},"canonical":"https:\/\/tallbergsgarden.se\/en\/","og_locale":"en_US","og_type":"article","og_title":"T\u00e4llbergsg\u00e5rden - hotel and restaurant at lake Siljan in T\u00e4llberg, Dalarna","og_description":"Are you looking for a harmonious accommodation in a hotel near Siljan? Welcome to T\u00e4llbergsg\u00e5rden. Stay in a soothing environment.","og_url":"https:\/\/tallbergsgarden.se\/en\/","og_site_name":"T\u00e4llbergsg\u00e5rden","article_modified_time":"2022-10-14T11:52:34+00:00","twitter_card":"summary_large_image","twitter_misc":{"Est. reading time":"3 minutes"},"schema":{"@context":"https:\/\/schema.org","@graph":[{"@type":"WebPage","@id":"https:\/\/tallbergsgarden.se\/en\/","url":"https:\/\/tallbergsgarden.se\/en\/","name":"T\u00e4llbergsg\u00e5rden - hotel and restaurant at lake Siljan in T\u00e4llberg, Dalarna","isPartOf":{"@id":"https:\/\/tallbergsgarden.se\/en\/#website"},"datePublished":"2017-03-03T15:26:18+00:00","dateModified":"2022-10-14T11:52:34+00:00","description":"Are you looking for a harmonious accommodation in a hotel near Siljan? Welcome to T\u00e4llbergsg\u00e5rden. Stay in a soothing environment.","breadcrumb":{"@id":"https:\/\/tallbergsgarden.se\/en\/#breadcrumb"},"inLanguage":"en-US","potentialAction":[{"@type":"ReadAction","target":["https:\/\/tallbergsgarden.se\/en\/"]}]},{"@type":"BreadcrumbList","@id":"https:\/\/tallbergsgarden.se\/en\/#breadcrumb","itemListElement":[{"@type":"ListItem","position":1,"name":"Home","item":"https:\/\/tallbergsgarden.se\/en\/"},{"@type":"ListItem","position":2,"name":"Start"}]},{"@type":"WebSite","@id":"https:\/\/tallbergsgarden.se\/en\/#website","url":"https:\/\/tallbergsgarden.se\/en\/","name":"T\u00e4llbergsg\u00e5rden","description":"Ett hotell med gamla anor som lyser med riktig dalaatmosf\u00e4r","publisher":{"@id":"https:\/\/tallbergsgarden.se\/en\/#organization"},"potentialAction":[{"@type":"SearchAction","target":{"@type":"EntryPoint","urlTemplate":"https:\/\/tallbergsgarden.se\/en\/?s={search_term_string}"},"query-input":{"@type":"PropertyValueSpecification","valueRequired":true,"valueName":"search_term_string"}}],"inLanguage":"en-US"},{"@type":"Organization","@id":"https:\/\/tallbergsgarden.se\/en\/#organization","name":"T\u00e4llbergsg\u00e5rden","url":"https:\/\/tallbergsgarden.se\/en\/","logo":{"@type":"ImageObject","inLanguage":"en-US","@id":"https:\/\/tallbergsgarden.se\/en\/#\/schema\/logo\/image\/","url":"https:\/\/tallbergsgarden.se\/wp-content\/uploads\/2019\/06\/tallberg-logo.png","contentUrl":"https:\/\/tallbergsgarden.se\/wp-content\/uploads\/2019\/06\/tallberg-logo.png","width":2750,"height":661,"caption":"T\u00e4llbergsg\u00e5rden"},"image":{"@id":"https:\/\/tallbergsgarden.se\/en\/#\/schema\/logo\/image\/"}}]}},"_links":{"self":[{"href":"https:\/\/tallbergsgarden.se\/en\/wp-json\/wp\/v2\/pages\/243","targetHints":{"allow":["GET"]}}],"collection":[{"href":"https:\/\/tallbergsgarden.se\/en\/wp-json\/wp\/v2\/pages"}],"about":[{"href":"https:\/\/tallbergsgarden.se\/en\/wp-json\/wp\/v2\/types\/page"}],"author":[{"embeddable":true,"href":"https:\/\/tallbergsgarden.se\/en\/wp-json\/wp\/v2\/users\/1"}],"replies":[{"embeddable":true,"href":"https:\/\/tallbergsgarden.se\/en\/wp-json\/wp\/v2\/comments?post=243"}],"version-history":[{"count":25,"href":"https:\/\/tallbergsgarden.se\/en\/wp-json\/wp\/v2\/pages\/243\/revisions"}],"predecessor-version":[{"id":2849,"href":"https:\/\/tallbergsgarden.se\/en\/wp-json\/wp\/v2\/pages\/243\/revisions\/2849"}],"wp:attachment":[{"href":"https:\/\/tallbergsgarden.se\/en\/wp-json\/wp\/v2\/media?parent=243"}],"curies":[{"name":"wp","href":"https:\/\/api.w.org\/{rel}","templated":true}]}}