{"id":2025,"date":"2021-02-18T11:12:13","date_gmt":"2021-02-18T10:12:13","guid":{"rendered":"https:\/\/tallbergsgarden.se\/?page_id=2025"},"modified":"2021-02-18T11:22:41","modified_gmt":"2021-02-18T10:22:41","slug":"restaurant-in-sweden","status":"publish","type":"page","link":"https:\/\/tallbergsgarden.se\/en\/restaurant-in-sweden\/","title":{"rendered":"Restaurant in Sweden"},"content":{"rendered":"<h1>A Swedish restaurant in Sweden, nearby Lake Siljan<\/h1>\n<p>Are you looking for a restaurant near Siljan? At Johansson\u2019s restaurant in T\u00e4llberg, you can eat world-class food. The restaurant, which has been part of White Guide Sweden since 2015, offers food prepared from locally produced ingredients. Eat a well-cooked diet in a classic Dalecarlian environment.<\/p>\n<p>The dishes are based on the ingredients that the local season offers, and that are available for the day. In this way you can say that we follow the season.<\/p>\n<h2>A Swedish restaurant in T\u00e4llberg, near Siljan<\/h2>\n<p>Here are some examples of how we work with locally produced ingredients.<\/p>\n<p>The beef and pork comes from the animals of the local farmers. The fish in the restaurant has swum in our Swedish waters. The fresh vegetables come from the fields in the immediate area, as do the berries and mushrooms. Some fruits and berries come directly from our Garden here at T\u00e4llbergsg\u00e5rden.\u00a0<\/p>\n<p>The dairy products come from cows in Dalarna. Other products, which are not available here locally, are hand-picked from European subcontractors who maintain quality.<\/p>\n<h2>Hotel and restaurant by Lake Siljan<\/h2>\n<p>Book a weekend trip or business conference in the Siljan area. In addition to being a restaurant, T\u00e4llbergsg\u00e5rden can offer you several advantageous alternatives. Contact us and we will help you find good alternatives.<\/p>\n<p>Relax and be inspired here in T\u00e4llberg, with a view of Lake Siljan. The environment invites you to relax and is inspired by the classic Dalarna atmosphere. Snuggle up in front of the fire in the fireplace in our lounge and enjoy the tranquility.<\/p>\n","protected":false},"excerpt":{"rendered":"<p>A Swedish restaurant in Sweden, nearby Lake Siljan Are you looking for a restaurant near Siljan? At Johansson\u2019s restaurant in T\u00e4llberg, you can eat world-class food. The restaurant, which has been part of White Guide Sweden since 2015, offers food prepared from locally produced ingredients. Eat a well-cooked diet in a classic Dalecarlian environment. The [&#8230;]\n","protected":false},"author":1,"featured_media":0,"parent":0,"menu_order":0,"comment_status":"closed","ping_status":"closed","template":"","meta":{"footnotes":""},"class_list":["post-2025","page","type-page","status-publish","hentry"],"yoast_head":"<!-- This site is optimized with the Yoast SEO plugin v27.1.1 - https:\/\/yoast.com\/product\/yoast-seo-wordpress\/ -->\n<title>A Swedish restaurant in Sweden, nearby Lake Siljan - T\u00e4llbergsg\u00e5rden<\/title>\n<meta name=\"description\" content=\"At Johansson\u2019s restaurant in T\u00e4llberg, you can eat world-class food. It is a part of White Guide Sweden since 2015 and offers food from local ingredients.\" \/>\n<meta name=\"robots\" content=\"index, follow, max-snippet:-1, max-image-preview:large, max-video-preview:-1\" \/>\n<link rel=\"canonical\" href=\"https:\/\/tallbergsgarden.se\/en\/restaurant-in-sweden\/\" \/>\n<meta property=\"og:locale\" content=\"en_US\" \/>\n<meta property=\"og:type\" content=\"article\" \/>\n<meta property=\"og:title\" content=\"A Swedish restaurant in Sweden, nearby Lake Siljan - T\u00e4llbergsg\u00e5rden\" \/>\n<meta property=\"og:description\" content=\"At Johansson\u2019s restaurant in T\u00e4llberg, you can eat world-class food. It is a part of White Guide Sweden since 2015 and offers food from local ingredients.\" \/>\n<meta property=\"og:url\" content=\"https:\/\/tallbergsgarden.se\/en\/restaurant-in-sweden\/\" \/>\n<meta property=\"og:site_name\" content=\"T\u00e4llbergsg\u00e5rden\" \/>\n<meta property=\"article:modified_time\" content=\"2021-02-18T10:22:41+00:00\" \/>\n<meta name=\"twitter:card\" content=\"summary_large_image\" \/>\n<meta name=\"twitter:label1\" content=\"Est. reading time\" \/>\n\t<meta name=\"twitter:data1\" content=\"1 minute\" \/>\n<script type=\"application\/ld+json\" class=\"yoast-schema-graph\">{\"@context\":\"https:\/\/schema.org\",\"@graph\":[{\"@type\":\"WebPage\",\"@id\":\"https:\/\/tallbergsgarden.se\/en\/restaurant-in-sweden\/\",\"url\":\"https:\/\/tallbergsgarden.se\/en\/restaurant-in-sweden\/\",\"name\":\"A Swedish restaurant in Sweden, nearby Lake Siljan - T\u00e4llbergsg\u00e5rden\",\"isPartOf\":{\"@id\":\"https:\/\/tallbergsgarden.se\/en\/#website\"},\"datePublished\":\"2021-02-18T10:12:13+00:00\",\"dateModified\":\"2021-02-18T10:22:41+00:00\",\"description\":\"At Johansson\u2019s restaurant in T\u00e4llberg, you can eat world-class food. It is a part of White Guide Sweden since 2015 and offers food from local ingredients.\",\"breadcrumb\":{\"@id\":\"https:\/\/tallbergsgarden.se\/en\/restaurant-in-sweden\/#breadcrumb\"},\"inLanguage\":\"en-US\",\"potentialAction\":[{\"@type\":\"ReadAction\",\"target\":[\"https:\/\/tallbergsgarden.se\/en\/restaurant-in-sweden\/\"]}]},{\"@type\":\"BreadcrumbList\",\"@id\":\"https:\/\/tallbergsgarden.se\/en\/restaurant-in-sweden\/#breadcrumb\",\"itemListElement\":[{\"@type\":\"ListItem\",\"position\":1,\"name\":\"Home\",\"item\":\"https:\/\/tallbergsgarden.se\/en\/\"},{\"@type\":\"ListItem\",\"position\":2,\"name\":\"Restaurant in Sweden\"}]},{\"@type\":\"WebSite\",\"@id\":\"https:\/\/tallbergsgarden.se\/en\/#website\",\"url\":\"https:\/\/tallbergsgarden.se\/en\/\",\"name\":\"T\u00e4llbergsg\u00e5rden\",\"description\":\"Ett hotell med gamla anor som lyser med riktig dalaatmosf\u00e4r\",\"publisher\":{\"@id\":\"https:\/\/tallbergsgarden.se\/en\/#organization\"},\"potentialAction\":[{\"@type\":\"SearchAction\",\"target\":{\"@type\":\"EntryPoint\",\"urlTemplate\":\"https:\/\/tallbergsgarden.se\/en\/?s={search_term_string}\"},\"query-input\":{\"@type\":\"PropertyValueSpecification\",\"valueRequired\":true,\"valueName\":\"search_term_string\"}}],\"inLanguage\":\"en-US\"},{\"@type\":\"Organization\",\"@id\":\"https:\/\/tallbergsgarden.se\/en\/#organization\",\"name\":\"T\u00e4llbergsg\u00e5rden\",\"url\":\"https:\/\/tallbergsgarden.se\/en\/\",\"logo\":{\"@type\":\"ImageObject\",\"inLanguage\":\"en-US\",\"@id\":\"https:\/\/tallbergsgarden.se\/en\/#\/schema\/logo\/image\/\",\"url\":\"https:\/\/tallbergsgarden.se\/wp-content\/uploads\/2019\/06\/tallberg-logo.png\",\"contentUrl\":\"https:\/\/tallbergsgarden.se\/wp-content\/uploads\/2019\/06\/tallberg-logo.png\",\"width\":2750,\"height\":661,\"caption\":\"T\u00e4llbergsg\u00e5rden\"},\"image\":{\"@id\":\"https:\/\/tallbergsgarden.se\/en\/#\/schema\/logo\/image\/\"}}]}<\/script>\n<!-- \/ Yoast SEO plugin. -->","yoast_head_json":{"title":"A Swedish restaurant in Sweden, nearby Lake Siljan - T\u00e4llbergsg\u00e5rden","description":"At Johansson\u2019s restaurant in T\u00e4llberg, you can eat world-class food. It is a part of White Guide Sweden since 2015 and offers food from local ingredients.","robots":{"index":"index","follow":"follow","max-snippet":"max-snippet:-1","max-image-preview":"max-image-preview:large","max-video-preview":"max-video-preview:-1"},"canonical":"https:\/\/tallbergsgarden.se\/en\/restaurant-in-sweden\/","og_locale":"en_US","og_type":"article","og_title":"A Swedish restaurant in Sweden, nearby Lake Siljan - T\u00e4llbergsg\u00e5rden","og_description":"At Johansson\u2019s restaurant in T\u00e4llberg, you can eat world-class food. It is a part of White Guide Sweden since 2015 and offers food from local ingredients.","og_url":"https:\/\/tallbergsgarden.se\/en\/restaurant-in-sweden\/","og_site_name":"T\u00e4llbergsg\u00e5rden","article_modified_time":"2021-02-18T10:22:41+00:00","twitter_card":"summary_large_image","twitter_misc":{"Est. reading time":"1 minute"},"schema":{"@context":"https:\/\/schema.org","@graph":[{"@type":"WebPage","@id":"https:\/\/tallbergsgarden.se\/en\/restaurant-in-sweden\/","url":"https:\/\/tallbergsgarden.se\/en\/restaurant-in-sweden\/","name":"A Swedish restaurant in Sweden, nearby Lake Siljan - T\u00e4llbergsg\u00e5rden","isPartOf":{"@id":"https:\/\/tallbergsgarden.se\/en\/#website"},"datePublished":"2021-02-18T10:12:13+00:00","dateModified":"2021-02-18T10:22:41+00:00","description":"At Johansson\u2019s restaurant in T\u00e4llberg, you can eat world-class food. It is a part of White Guide Sweden since 2015 and offers food from local ingredients.","breadcrumb":{"@id":"https:\/\/tallbergsgarden.se\/en\/restaurant-in-sweden\/#breadcrumb"},"inLanguage":"en-US","potentialAction":[{"@type":"ReadAction","target":["https:\/\/tallbergsgarden.se\/en\/restaurant-in-sweden\/"]}]},{"@type":"BreadcrumbList","@id":"https:\/\/tallbergsgarden.se\/en\/restaurant-in-sweden\/#breadcrumb","itemListElement":[{"@type":"ListItem","position":1,"name":"Home","item":"https:\/\/tallbergsgarden.se\/en\/"},{"@type":"ListItem","position":2,"name":"Restaurant in Sweden"}]},{"@type":"WebSite","@id":"https:\/\/tallbergsgarden.se\/en\/#website","url":"https:\/\/tallbergsgarden.se\/en\/","name":"T\u00e4llbergsg\u00e5rden","description":"Ett hotell med gamla anor som lyser med riktig dalaatmosf\u00e4r","publisher":{"@id":"https:\/\/tallbergsgarden.se\/en\/#organization"},"potentialAction":[{"@type":"SearchAction","target":{"@type":"EntryPoint","urlTemplate":"https:\/\/tallbergsgarden.se\/en\/?s={search_term_string}"},"query-input":{"@type":"PropertyValueSpecification","valueRequired":true,"valueName":"search_term_string"}}],"inLanguage":"en-US"},{"@type":"Organization","@id":"https:\/\/tallbergsgarden.se\/en\/#organization","name":"T\u00e4llbergsg\u00e5rden","url":"https:\/\/tallbergsgarden.se\/en\/","logo":{"@type":"ImageObject","inLanguage":"en-US","@id":"https:\/\/tallbergsgarden.se\/en\/#\/schema\/logo\/image\/","url":"https:\/\/tallbergsgarden.se\/wp-content\/uploads\/2019\/06\/tallberg-logo.png","contentUrl":"https:\/\/tallbergsgarden.se\/wp-content\/uploads\/2019\/06\/tallberg-logo.png","width":2750,"height":661,"caption":"T\u00e4llbergsg\u00e5rden"},"image":{"@id":"https:\/\/tallbergsgarden.se\/en\/#\/schema\/logo\/image\/"}}]}},"_links":{"self":[{"href":"https:\/\/tallbergsgarden.se\/en\/wp-json\/wp\/v2\/pages\/2025","targetHints":{"allow":["GET"]}}],"collection":[{"href":"https:\/\/tallbergsgarden.se\/en\/wp-json\/wp\/v2\/pages"}],"about":[{"href":"https:\/\/tallbergsgarden.se\/en\/wp-json\/wp\/v2\/types\/page"}],"author":[{"embeddable":true,"href":"https:\/\/tallbergsgarden.se\/en\/wp-json\/wp\/v2\/users\/1"}],"replies":[{"embeddable":true,"href":"https:\/\/tallbergsgarden.se\/en\/wp-json\/wp\/v2\/comments?post=2025"}],"version-history":[{"count":2,"href":"https:\/\/tallbergsgarden.se\/en\/wp-json\/wp\/v2\/pages\/2025\/revisions"}],"predecessor-version":[{"id":2027,"href":"https:\/\/tallbergsgarden.se\/en\/wp-json\/wp\/v2\/pages\/2025\/revisions\/2027"}],"wp:attachment":[{"href":"https:\/\/tallbergsgarden.se\/en\/wp-json\/wp\/v2\/media?parent=2025"}],"curies":[{"name":"wp","href":"https:\/\/api.w.org\/{rel}","templated":true}]}}