{"id":1054,"date":"2019-11-15T09:25:56","date_gmt":"2019-11-15T08:25:56","guid":{"rendered":"https:\/\/tallbergsgarden.se\/?page_id=1054"},"modified":"2019-11-19T13:14:30","modified_gmt":"2019-11-19T12:14:30","slug":"webcam","status":"publish","type":"page","link":"https:\/\/tallbergsgarden.se\/en\/webcam\/","title":{"rendered":"Webcam"},"content":{"rendered":"<h1 style=\"text-align: center;\">T\u00c4LLBERGSG\u00c5RDENS VIEW OVER LAKE SILJAN<\/h1>\n<p><img decoding=\"async\" class=\"aligncenter\" src=\"https:\/\/webcam.tallbergsgarden.se\/img\/utsikt.jpg\" \/><\/p>\n","protected":false},"excerpt":{"rendered":"<p>T\u00c4LLBERGSG\u00c5RDENS VIEW OVER LAKE SILJAN<\/p>\n","protected":false},"author":2,"featured_media":0,"parent":0,"menu_order":0,"comment_status":"closed","ping_status":"closed","template":"","meta":{"footnotes":""},"class_list":["post-1054","page","type-page","status-publish","hentry"],"yoast_head":"<!-- This site is optimized with the Yoast SEO plugin v27.1.1 - https:\/\/yoast.com\/product\/yoast-seo-wordpress\/ -->\n<title>Webcam - T\u00e4llbergsg\u00e5rden<\/title>\n<meta name=\"robots\" content=\"index, follow, max-snippet:-1, max-image-preview:large, max-video-preview:-1\" \/>\n<link rel=\"canonical\" href=\"https:\/\/tallbergsgarden.se\/en\/webcam\/\" \/>\n<meta property=\"og:locale\" content=\"en_US\" \/>\n<meta property=\"og:type\" content=\"article\" \/>\n<meta property=\"og:title\" content=\"Webcam - T\u00e4llbergsg\u00e5rden\" \/>\n<meta property=\"og:description\" content=\"T\u00c4LLBERGSG\u00c5RDENS VIEW OVER LAKE SILJAN\" \/>\n<meta property=\"og:url\" content=\"https:\/\/tallbergsgarden.se\/en\/webcam\/\" \/>\n<meta property=\"og:site_name\" content=\"T\u00e4llbergsg\u00e5rden\" \/>\n<meta property=\"article:modified_time\" content=\"2019-11-19T12:14:30+00:00\" \/>\n<meta property=\"og:image\" content=\"https:\/\/webcam.tallbergsgarden.se\/img\/utsikt.jpg\" \/>\n<meta name=\"twitter:card\" content=\"summary_large_image\" \/>\n<script type=\"application\/ld+json\" class=\"yoast-schema-graph\">{\"@context\":\"https:\/\/schema.org\",\"@graph\":[{\"@type\":\"WebPage\",\"@id\":\"https:\/\/tallbergsgarden.se\/en\/webcam\/\",\"url\":\"https:\/\/tallbergsgarden.se\/en\/webcam\/\",\"name\":\"Webcam - T\u00e4llbergsg\u00e5rden\",\"isPartOf\":{\"@id\":\"https:\/\/tallbergsgarden.se\/en\/#website\"},\"primaryImageOfPage\":{\"@id\":\"https:\/\/tallbergsgarden.se\/en\/webcam\/#primaryimage\"},\"image\":{\"@id\":\"https:\/\/tallbergsgarden.se\/en\/webcam\/#primaryimage\"},\"thumbnailUrl\":\"https:\/\/webcam.tallbergsgarden.se\/img\/utsikt.jpg\",\"datePublished\":\"2019-11-15T08:25:56+00:00\",\"dateModified\":\"2019-11-19T12:14:30+00:00\",\"breadcrumb\":{\"@id\":\"https:\/\/tallbergsgarden.se\/en\/webcam\/#breadcrumb\"},\"inLanguage\":\"en-US\",\"potentialAction\":[{\"@type\":\"ReadAction\",\"target\":[\"https:\/\/tallbergsgarden.se\/en\/webcam\/\"]}]},{\"@type\":\"ImageObject\",\"inLanguage\":\"en-US\",\"@id\":\"https:\/\/tallbergsgarden.se\/en\/webcam\/#primaryimage\",\"url\":\"https:\/\/webcam.tallbergsgarden.se\/img\/utsikt.jpg\",\"contentUrl\":\"https:\/\/webcam.tallbergsgarden.se\/img\/utsikt.jpg\"},{\"@type\":\"BreadcrumbList\",\"@id\":\"https:\/\/tallbergsgarden.se\/en\/webcam\/#breadcrumb\",\"itemListElement\":[{\"@type\":\"ListItem\",\"position\":1,\"name\":\"Home\",\"item\":\"https:\/\/tallbergsgarden.se\/en\/\"},{\"@type\":\"ListItem\",\"position\":2,\"name\":\"Webcam\"}]},{\"@type\":\"WebSite\",\"@id\":\"https:\/\/tallbergsgarden.se\/en\/#website\",\"url\":\"https:\/\/tallbergsgarden.se\/en\/\",\"name\":\"T\u00e4llbergsg\u00e5rden\",\"description\":\"Ett hotell med gamla anor som lyser med riktig dalaatmosf\u00e4r\",\"publisher\":{\"@id\":\"https:\/\/tallbergsgarden.se\/en\/#organization\"},\"potentialAction\":[{\"@type\":\"SearchAction\",\"target\":{\"@type\":\"EntryPoint\",\"urlTemplate\":\"https:\/\/tallbergsgarden.se\/en\/?s={search_term_string}\"},\"query-input\":{\"@type\":\"PropertyValueSpecification\",\"valueRequired\":true,\"valueName\":\"search_term_string\"}}],\"inLanguage\":\"en-US\"},{\"@type\":\"Organization\",\"@id\":\"https:\/\/tallbergsgarden.se\/en\/#organization\",\"name\":\"T\u00e4llbergsg\u00e5rden\",\"url\":\"https:\/\/tallbergsgarden.se\/en\/\",\"logo\":{\"@type\":\"ImageObject\",\"inLanguage\":\"en-US\",\"@id\":\"https:\/\/tallbergsgarden.se\/en\/#\/schema\/logo\/image\/\",\"url\":\"https:\/\/tallbergsgarden.se\/wp-content\/uploads\/2019\/06\/tallberg-logo.png\",\"contentUrl\":\"https:\/\/tallbergsgarden.se\/wp-content\/uploads\/2019\/06\/tallberg-logo.png\",\"width\":2750,\"height\":661,\"caption\":\"T\u00e4llbergsg\u00e5rden\"},\"image\":{\"@id\":\"https:\/\/tallbergsgarden.se\/en\/#\/schema\/logo\/image\/\"}}]}<\/script>\n<!-- \/ Yoast SEO plugin. -->","yoast_head_json":{"title":"Webcam - T\u00e4llbergsg\u00e5rden","robots":{"index":"index","follow":"follow","max-snippet":"max-snippet:-1","max-image-preview":"max-image-preview:large","max-video-preview":"max-video-preview:-1"},"canonical":"https:\/\/tallbergsgarden.se\/en\/webcam\/","og_locale":"en_US","og_type":"article","og_title":"Webcam - T\u00e4llbergsg\u00e5rden","og_description":"T\u00c4LLBERGSG\u00c5RDENS VIEW OVER LAKE SILJAN","og_url":"https:\/\/tallbergsgarden.se\/en\/webcam\/","og_site_name":"T\u00e4llbergsg\u00e5rden","article_modified_time":"2019-11-19T12:14:30+00:00","og_image":[{"url":"https:\/\/webcam.tallbergsgarden.se\/img\/utsikt.jpg","type":"","width":"","height":""}],"twitter_card":"summary_large_image","schema":{"@context":"https:\/\/schema.org","@graph":[{"@type":"WebPage","@id":"https:\/\/tallbergsgarden.se\/en\/webcam\/","url":"https:\/\/tallbergsgarden.se\/en\/webcam\/","name":"Webcam - T\u00e4llbergsg\u00e5rden","isPartOf":{"@id":"https:\/\/tallbergsgarden.se\/en\/#website"},"primaryImageOfPage":{"@id":"https:\/\/tallbergsgarden.se\/en\/webcam\/#primaryimage"},"image":{"@id":"https:\/\/tallbergsgarden.se\/en\/webcam\/#primaryimage"},"thumbnailUrl":"https:\/\/webcam.tallbergsgarden.se\/img\/utsikt.jpg","datePublished":"2019-11-15T08:25:56+00:00","dateModified":"2019-11-19T12:14:30+00:00","breadcrumb":{"@id":"https:\/\/tallbergsgarden.se\/en\/webcam\/#breadcrumb"},"inLanguage":"en-US","potentialAction":[{"@type":"ReadAction","target":["https:\/\/tallbergsgarden.se\/en\/webcam\/"]}]},{"@type":"ImageObject","inLanguage":"en-US","@id":"https:\/\/tallbergsgarden.se\/en\/webcam\/#primaryimage","url":"https:\/\/webcam.tallbergsgarden.se\/img\/utsikt.jpg","contentUrl":"https:\/\/webcam.tallbergsgarden.se\/img\/utsikt.jpg"},{"@type":"BreadcrumbList","@id":"https:\/\/tallbergsgarden.se\/en\/webcam\/#breadcrumb","itemListElement":[{"@type":"ListItem","position":1,"name":"Home","item":"https:\/\/tallbergsgarden.se\/en\/"},{"@type":"ListItem","position":2,"name":"Webcam"}]},{"@type":"WebSite","@id":"https:\/\/tallbergsgarden.se\/en\/#website","url":"https:\/\/tallbergsgarden.se\/en\/","name":"T\u00e4llbergsg\u00e5rden","description":"Ett hotell med gamla anor som lyser med riktig dalaatmosf\u00e4r","publisher":{"@id":"https:\/\/tallbergsgarden.se\/en\/#organization"},"potentialAction":[{"@type":"SearchAction","target":{"@type":"EntryPoint","urlTemplate":"https:\/\/tallbergsgarden.se\/en\/?s={search_term_string}"},"query-input":{"@type":"PropertyValueSpecification","valueRequired":true,"valueName":"search_term_string"}}],"inLanguage":"en-US"},{"@type":"Organization","@id":"https:\/\/tallbergsgarden.se\/en\/#organization","name":"T\u00e4llbergsg\u00e5rden","url":"https:\/\/tallbergsgarden.se\/en\/","logo":{"@type":"ImageObject","inLanguage":"en-US","@id":"https:\/\/tallbergsgarden.se\/en\/#\/schema\/logo\/image\/","url":"https:\/\/tallbergsgarden.se\/wp-content\/uploads\/2019\/06\/tallberg-logo.png","contentUrl":"https:\/\/tallbergsgarden.se\/wp-content\/uploads\/2019\/06\/tallberg-logo.png","width":2750,"height":661,"caption":"T\u00e4llbergsg\u00e5rden"},"image":{"@id":"https:\/\/tallbergsgarden.se\/en\/#\/schema\/logo\/image\/"}}]}},"_links":{"self":[{"href":"https:\/\/tallbergsgarden.se\/en\/wp-json\/wp\/v2\/pages\/1054","targetHints":{"allow":["GET"]}}],"collection":[{"href":"https:\/\/tallbergsgarden.se\/en\/wp-json\/wp\/v2\/pages"}],"about":[{"href":"https:\/\/tallbergsgarden.se\/en\/wp-json\/wp\/v2\/types\/page"}],"author":[{"embeddable":true,"href":"https:\/\/tallbergsgarden.se\/en\/wp-json\/wp\/v2\/users\/2"}],"replies":[{"embeddable":true,"href":"https:\/\/tallbergsgarden.se\/en\/wp-json\/wp\/v2\/comments?post=1054"}],"version-history":[{"count":3,"href":"https:\/\/tallbergsgarden.se\/en\/wp-json\/wp\/v2\/pages\/1054\/revisions"}],"predecessor-version":[{"id":1059,"href":"https:\/\/tallbergsgarden.se\/en\/wp-json\/wp\/v2\/pages\/1054\/revisions\/1059"}],"wp:attachment":[{"href":"https:\/\/tallbergsgarden.se\/en\/wp-json\/wp\/v2\/media?parent=1054"}],"curies":[{"name":"wp","href":"https:\/\/api.w.org\/{rel}","templated":true}]}}