{"id":1025,"date":"2019-11-13T21:34:16","date_gmt":"2019-11-13T20:34:16","guid":{"rendered":"https:\/\/tallbergsgarden.se\/?page_id=1025"},"modified":"2019-11-27T12:22:39","modified_gmt":"2019-11-27T11:22:39","slug":"conference-meetings","status":"publish","type":"page","link":"https:\/\/tallbergsgarden.se\/en\/conference-meetings\/","title":{"rendered":"Conference &#038; meetings"},"content":{"rendered":"\n  <div class=\"banner has-hover\" id=\"banner-135027931\">\n          <div class=\"banner-inner fill\">\n        <div class=\"banner-bg fill\" >\n            <img loading=\"lazy\" decoding=\"async\" width=\"1020\" height=\"357\" src=\"https:\/\/tallbergsgarden.se\/wp-content\/uploads\/2019\/07\/konferens_slide-1024x358.jpg\" class=\"bg attachment-large size-large\" alt=\"H\u00e4r finns en konferensanl\u00e4ggning i T\u00e4llberg\" \/>                        <div class=\"overlay\"><\/div>            \n                    <\/div>\n\t\t\n        <div class=\"banner-layers container\">\n            <div class=\"fill banner-link\"><\/div>            \n   <div id=\"text-box-244369544\" class=\"text-box banner-layer x50 md-x50 lg-x50 y50 md-y50 lg-y50 res-text\">\n                                <div class=\"text-box-content text dark text-shadow-2\">\n              \n              <div class=\"text-inner text-center\">\n                  \n<h1 class=\"uppercase\">Conference &amp; Meetings<\/h1>\n              <\/div>\n           <\/div>\n                            \n<style>\n#text-box-244369544 {\n  width: 100%;\n}\n#text-box-244369544 .text-box-content {\n  font-size: 100%;\n}\n@media (min-width:550px) {\n  #text-box-244369544 {\n    width: 74%;\n  }\n}\n<\/style>\n    <\/div>\n \n        <\/div>\n      <\/div>\n\n            \n<style>\n#banner-135027931 {\n  padding-top: 200px;\n}\n#banner-135027931 .overlay {\n  background-color: rgba(206, 157, 75, 0.8);\n}\n@media (min-width:550px) {\n  #banner-135027931 {\n    padding-top: 500px;\n  }\n}\n<\/style>\n  <\/div>\n\n\n\n\t<section class=\"section\" id=\"section_120613163\">\n\t\t<div class=\"section-bg fill\" >\n\t\t\t\t\t\t\t\t\t\n\t\t\t\n\n\t\t<\/div>\n\n\t\t\n\n\t\t<div class=\"section-content relative\">\n\t\t\t\n<div class=\"row\"  id=\"row-459102175\">\n\n\t<div id=\"col-2031124519\" class=\"col small-12 large-12\"  >\n\t\t\t\t<div class=\"col-inner\"  >\n\t\t\t\n\t\t\t\n<h2 class=\"uppercase\">Conferences are tailor-made to suit your wishes!<\/h2>\n<p>Conference Dalarna \u2013Full board consists of accommodation, breakfast, morning coffee with home-made cake, business lunch with a starter salad and main course, T\u00e4llberg water\/low-alcohol beer, home-baked bread and coffee and biscuits, afternoon coffee with home-made cake, dinner with a 3-course menu, T\u00e4llberg water\/low-alcohol beer and coffee, plus fully equipped conference premises with water, sweets and a large bowl of fruit. We provide a personal and friendly service well above the average! Superb dinners inspired by the season\u00b4s produce are served in our beautiful dining-room with a stunning view over L.Siljan and the distant hills. Here you will enjoy a peaceful and harmonious environment giving a meaningful and creative conference.<\/p>\n<p>A successful conference trip or a week\u00b4s seminar need not involve a trip around the world. The most important thing is a break from the daily routine, where everyday problems totally consume all your time.\u00a0 Away from hour-long meetings, constant telephone conversations and a never-ending stream of visitors.<\/p>\n<p>T\u00e4llbergsg\u00e5rden is situated right in the middle of Dalarna, beside beautiful L.Siljan. The easiest way to reach us is by train(SJ) which stops in T\u00e4llberg. We will gladly pick you up at the station. We have three different conference premises: <strong>G\u00e4stabudssalen, G\u00e5rdskonferensen and Lillstuggu. <\/strong><\/p>\n\t\t<\/div>\n\t\t\t\t\t<\/div>\n\n\t\n<\/div>\n<div class=\"row\"  id=\"row-948233465\">\n\n\t<div id=\"col-354409541\" class=\"col medium-6 small-12 large-6\"  >\n\t\t\t\t<div class=\"col-inner\"  >\n\t\t\t\n\t\t\t\n<h2>G\u00c4STABUDSSALEN<\/h2>\n<p>Can conveniently be divided giving three smaller conference rooms, It is furnished in the classic Dalarna style and is situated in the main building.The premises have a view over L.Siljan\u00a0 and are fully equipped.<\/p>\n<table style=\"border-collapse: collapse; max-width: 400px; height: 100px;\" border=\"0\" cellspacing=\"0\" cellpadding=\"0\">\n<tbody>\n<tr>\n<td width=\"50%\">Maximum number of people<\/td>\n<td width=\"333\"><\/td>\n<\/tr>\n<tr>\n<td width=\"195\">for films<\/td>\n<td width=\"333\">100 people<\/td>\n<\/tr>\n<tr>\n<td width=\"195\">lectures<\/td>\n<td width=\"333\">90 people<\/td>\n<\/tr>\n<tr>\n<td width=\"195\">horse-shoe table<\/td>\n<td width=\"333\">45 people<\/td>\n<\/tr>\n<tr>\n<td width=\"195\">groups<\/td>\n<td width=\"333\">30 people<\/td>\n<\/tr>\n<\/tbody>\n<\/table>\n\t\t<\/div>\n\t\t\t\t\t<\/div>\n\n\t\n\n\t<div id=\"col-437804107\" class=\"col medium-6 small-12 large-6\"  >\n\t\t\t\t<div class=\"col-inner\"  >\n\t\t\t\n\t\t\t\n<h2>G\u00c5RDSKONFERENSEN<\/h2>\n<p>Is situated in one of our annexes. There is an adjoining room for groups. Suitable for the slightly smaller conference. Is fully equipped.<\/p>\n<table style=\"border-collapse: collapse; max-width: 400px; height: 100px;\" border=\"0\" width=\"400\" cellspacing=\"0\" cellpadding=\"0\">\n<tbody>\n<tr>\n<td width=\"194\">Maximum number of people<\/td>\n<td width=\"332\"><\/td>\n<\/tr>\n<tr>\n<td width=\"194\">for films<\/td>\n<td width=\"332\">50 people<\/td>\n<\/tr>\n<tr>\n<td width=\"194\">lectures<\/td>\n<td width=\"332\">30 people<\/td>\n<\/tr>\n<tr>\n<td width=\"50%\">horse-shoe table<\/td>\n<td width=\"332\">20 people<\/td>\n<\/tr>\n<tr>\n<td>groups<\/td>\n<td>25 people<\/td>\n<\/tr>\n<\/tbody>\n<\/table>\n\t\t<\/div>\n\t\t\t\t\t<\/div>\n\n\t\n<\/div>\n<div class=\"row\"  id=\"row-664673581\">\n\n\t<div id=\"col-1475514017\" class=\"col medium-6 small-12 large-6\"  >\n\t\t\t\t<div class=\"col-inner\"  >\n\t\t\t\n\t\t\t\n<h2>LILLSTUGGU<\/h2>\n<p>Is situated in one of our annexes. It is cosy and furnished in an older style with its own open fire-place. These premises are fully equipped.<\/p>\n<table style=\"border-collapse: collapse; height: 100px;\" border=\"0\" cellspacing=\"0\" cellpadding=\"0\">\n<tbody>\n<tr>\n<td width=\"50%\">Maximum number of people<\/td>\n<td width=\"331\"><\/td>\n<\/tr>\n<tr>\n<td width=\"193\">for films<\/td>\n<td width=\"331\">40 people<\/td>\n<\/tr>\n<tr>\n<td width=\"193\">lectures<\/td>\n<td width=\"331\">30 people<\/td>\n<\/tr>\n<tr>\n<td width=\"193\">horse-shoe table<\/td>\n<td width=\"331\">20 people<\/td>\n<\/tr>\n<tr>\n<td width=\"193\">groups<\/td>\n<td width=\"331\">16 people<\/td>\n<\/tr>\n<\/tbody>\n<\/table>\n\t\t<\/div>\n\t\t\t\t\t<\/div>\n\n\t\n\n\t<div id=\"col-271319561\" class=\"col medium-6 small-12 large-6\"  >\n\t\t\t\t<div class=\"col-inner text-center\"  >\n\t\t\t\n\t\t\t\n<h3>Our standard equipment is conference notepads, pens, flipovers, carousel projector, OH-projector, ISDN,DVD,stereo-equipment with amplifier, mixer and microphones. At extra cost you can book an LCD-projector.<\/h3>\n\t\t<\/div>\n\t\t\t\t\t<\/div>\n\n\t\n<\/div>\n\t\t<\/div>\n\n\t\t\n<style>\n#section_120613163 {\n  padding-top: 60px;\n  padding-bottom: 60px;\n}\n<\/style>\n\t<\/section>\n\t\n","protected":false},"excerpt":{"rendered":"","protected":false},"author":2,"featured_media":0,"parent":0,"menu_order":0,"comment_status":"closed","ping_status":"closed","template":"page-blank.php","meta":{"footnotes":""},"class_list":["post-1025","page","type-page","status-publish","hentry"],"yoast_head":"<!-- This site is optimized with the Yoast SEO plugin v27.1.1 - https:\/\/yoast.com\/product\/yoast-seo-wordpress\/ -->\n<title>Conference &amp; meetings - T\u00e4llbergsg\u00e5rden<\/title>\n<meta name=\"robots\" content=\"index, follow, max-snippet:-1, max-image-preview:large, max-video-preview:-1\" \/>\n<link rel=\"canonical\" href=\"https:\/\/tallbergsgarden.se\/en\/conference-meetings\/\" \/>\n<meta property=\"og:locale\" content=\"en_US\" \/>\n<meta property=\"og:type\" content=\"article\" \/>\n<meta property=\"og:title\" content=\"Conference &amp; meetings - T\u00e4llbergsg\u00e5rden\" \/>\n<meta property=\"og:url\" content=\"https:\/\/tallbergsgarden.se\/en\/conference-meetings\/\" \/>\n<meta property=\"og:site_name\" content=\"T\u00e4llbergsg\u00e5rden\" \/>\n<meta property=\"article:modified_time\" content=\"2019-11-27T11:22:39+00:00\" \/>\n<meta name=\"twitter:card\" content=\"summary_large_image\" \/>\n<meta name=\"twitter:label1\" content=\"Est. reading time\" \/>\n\t<meta name=\"twitter:data1\" content=\"2 minutes\" \/>\n<script type=\"application\/ld+json\" class=\"yoast-schema-graph\">{\"@context\":\"https:\/\/schema.org\",\"@graph\":[{\"@type\":\"WebPage\",\"@id\":\"https:\/\/tallbergsgarden.se\/en\/conference-meetings\/\",\"url\":\"https:\/\/tallbergsgarden.se\/en\/conference-meetings\/\",\"name\":\"Conference & meetings - T\u00e4llbergsg\u00e5rden\",\"isPartOf\":{\"@id\":\"https:\/\/tallbergsgarden.se\/en\/#website\"},\"datePublished\":\"2019-11-13T20:34:16+00:00\",\"dateModified\":\"2019-11-27T11:22:39+00:00\",\"breadcrumb\":{\"@id\":\"https:\/\/tallbergsgarden.se\/en\/conference-meetings\/#breadcrumb\"},\"inLanguage\":\"en-US\",\"potentialAction\":[{\"@type\":\"ReadAction\",\"target\":[\"https:\/\/tallbergsgarden.se\/en\/conference-meetings\/\"]}]},{\"@type\":\"BreadcrumbList\",\"@id\":\"https:\/\/tallbergsgarden.se\/en\/conference-meetings\/#breadcrumb\",\"itemListElement\":[{\"@type\":\"ListItem\",\"position\":1,\"name\":\"Home\",\"item\":\"https:\/\/tallbergsgarden.se\/en\/\"},{\"@type\":\"ListItem\",\"position\":2,\"name\":\"Conference &#038; meetings\"}]},{\"@type\":\"WebSite\",\"@id\":\"https:\/\/tallbergsgarden.se\/en\/#website\",\"url\":\"https:\/\/tallbergsgarden.se\/en\/\",\"name\":\"T\u00e4llbergsg\u00e5rden\",\"description\":\"Ett hotell med gamla anor som lyser med riktig dalaatmosf\u00e4r\",\"publisher\":{\"@id\":\"https:\/\/tallbergsgarden.se\/en\/#organization\"},\"potentialAction\":[{\"@type\":\"SearchAction\",\"target\":{\"@type\":\"EntryPoint\",\"urlTemplate\":\"https:\/\/tallbergsgarden.se\/en\/?s={search_term_string}\"},\"query-input\":{\"@type\":\"PropertyValueSpecification\",\"valueRequired\":true,\"valueName\":\"search_term_string\"}}],\"inLanguage\":\"en-US\"},{\"@type\":\"Organization\",\"@id\":\"https:\/\/tallbergsgarden.se\/en\/#organization\",\"name\":\"T\u00e4llbergsg\u00e5rden\",\"url\":\"https:\/\/tallbergsgarden.se\/en\/\",\"logo\":{\"@type\":\"ImageObject\",\"inLanguage\":\"en-US\",\"@id\":\"https:\/\/tallbergsgarden.se\/en\/#\/schema\/logo\/image\/\",\"url\":\"https:\/\/tallbergsgarden.se\/wp-content\/uploads\/2019\/06\/tallberg-logo.png\",\"contentUrl\":\"https:\/\/tallbergsgarden.se\/wp-content\/uploads\/2019\/06\/tallberg-logo.png\",\"width\":2750,\"height\":661,\"caption\":\"T\u00e4llbergsg\u00e5rden\"},\"image\":{\"@id\":\"https:\/\/tallbergsgarden.se\/en\/#\/schema\/logo\/image\/\"}}]}<\/script>\n<!-- \/ Yoast SEO plugin. -->","yoast_head_json":{"title":"Conference & meetings - T\u00e4llbergsg\u00e5rden","robots":{"index":"index","follow":"follow","max-snippet":"max-snippet:-1","max-image-preview":"max-image-preview:large","max-video-preview":"max-video-preview:-1"},"canonical":"https:\/\/tallbergsgarden.se\/en\/conference-meetings\/","og_locale":"en_US","og_type":"article","og_title":"Conference & meetings - T\u00e4llbergsg\u00e5rden","og_url":"https:\/\/tallbergsgarden.se\/en\/conference-meetings\/","og_site_name":"T\u00e4llbergsg\u00e5rden","article_modified_time":"2019-11-27T11:22:39+00:00","twitter_card":"summary_large_image","twitter_misc":{"Est. reading time":"2 minutes"},"schema":{"@context":"https:\/\/schema.org","@graph":[{"@type":"WebPage","@id":"https:\/\/tallbergsgarden.se\/en\/conference-meetings\/","url":"https:\/\/tallbergsgarden.se\/en\/conference-meetings\/","name":"Conference & meetings - T\u00e4llbergsg\u00e5rden","isPartOf":{"@id":"https:\/\/tallbergsgarden.se\/en\/#website"},"datePublished":"2019-11-13T20:34:16+00:00","dateModified":"2019-11-27T11:22:39+00:00","breadcrumb":{"@id":"https:\/\/tallbergsgarden.se\/en\/conference-meetings\/#breadcrumb"},"inLanguage":"en-US","potentialAction":[{"@type":"ReadAction","target":["https:\/\/tallbergsgarden.se\/en\/conference-meetings\/"]}]},{"@type":"BreadcrumbList","@id":"https:\/\/tallbergsgarden.se\/en\/conference-meetings\/#breadcrumb","itemListElement":[{"@type":"ListItem","position":1,"name":"Home","item":"https:\/\/tallbergsgarden.se\/en\/"},{"@type":"ListItem","position":2,"name":"Conference &#038; meetings"}]},{"@type":"WebSite","@id":"https:\/\/tallbergsgarden.se\/en\/#website","url":"https:\/\/tallbergsgarden.se\/en\/","name":"T\u00e4llbergsg\u00e5rden","description":"Ett hotell med gamla anor som lyser med riktig dalaatmosf\u00e4r","publisher":{"@id":"https:\/\/tallbergsgarden.se\/en\/#organization"},"potentialAction":[{"@type":"SearchAction","target":{"@type":"EntryPoint","urlTemplate":"https:\/\/tallbergsgarden.se\/en\/?s={search_term_string}"},"query-input":{"@type":"PropertyValueSpecification","valueRequired":true,"valueName":"search_term_string"}}],"inLanguage":"en-US"},{"@type":"Organization","@id":"https:\/\/tallbergsgarden.se\/en\/#organization","name":"T\u00e4llbergsg\u00e5rden","url":"https:\/\/tallbergsgarden.se\/en\/","logo":{"@type":"ImageObject","inLanguage":"en-US","@id":"https:\/\/tallbergsgarden.se\/en\/#\/schema\/logo\/image\/","url":"https:\/\/tallbergsgarden.se\/wp-content\/uploads\/2019\/06\/tallberg-logo.png","contentUrl":"https:\/\/tallbergsgarden.se\/wp-content\/uploads\/2019\/06\/tallberg-logo.png","width":2750,"height":661,"caption":"T\u00e4llbergsg\u00e5rden"},"image":{"@id":"https:\/\/tallbergsgarden.se\/en\/#\/schema\/logo\/image\/"}}]}},"_links":{"self":[{"href":"https:\/\/tallbergsgarden.se\/en\/wp-json\/wp\/v2\/pages\/1025","targetHints":{"allow":["GET"]}}],"collection":[{"href":"https:\/\/tallbergsgarden.se\/en\/wp-json\/wp\/v2\/pages"}],"about":[{"href":"https:\/\/tallbergsgarden.se\/en\/wp-json\/wp\/v2\/types\/page"}],"author":[{"embeddable":true,"href":"https:\/\/tallbergsgarden.se\/en\/wp-json\/wp\/v2\/users\/2"}],"replies":[{"embeddable":true,"href":"https:\/\/tallbergsgarden.se\/en\/wp-json\/wp\/v2\/comments?post=1025"}],"version-history":[{"count":3,"href":"https:\/\/tallbergsgarden.se\/en\/wp-json\/wp\/v2\/pages\/1025\/revisions"}],"predecessor-version":[{"id":1187,"href":"https:\/\/tallbergsgarden.se\/en\/wp-json\/wp\/v2\/pages\/1025\/revisions\/1187"}],"wp:attachment":[{"href":"https:\/\/tallbergsgarden.se\/en\/wp-json\/wp\/v2\/media?parent=1025"}],"curies":[{"name":"wp","href":"https:\/\/api.w.org\/{rel}","templated":true}]}}