{"id":1006,"date":"2019-11-13T20:43:46","date_gmt":"2019-11-13T19:43:46","guid":{"rendered":"https:\/\/tallbergsgarden.se\/?page_id=1006"},"modified":"2026-01-18T11:42:23","modified_gmt":"2026-01-18T10:42:23","slug":"the-rooms","status":"publish","type":"page","link":"https:\/\/tallbergsgarden.se\/en\/the-rooms\/","title":{"rendered":"The Rooms"},"content":{"rendered":"\n  <div class=\"banner has-hover\" id=\"banner-1525815945\">\n          <div class=\"banner-inner fill\">\n        <div class=\"banner-bg fill\" >\n            <img loading=\"lazy\" decoding=\"async\" width=\"1020\" height=\"682\" src=\"https:\/\/tallbergsgarden.se\/wp-content\/uploads\/2024\/03\/Rum-16-1024x685.jpg\" class=\"bg attachment-large size-large\" alt=\"\" \/>                        <div class=\"overlay\"><\/div>            \n                    <\/div>\n\t\t\n        <div class=\"banner-layers container\">\n            <div class=\"fill banner-link\"><\/div>            \n   <div id=\"text-box-1612984502\" class=\"text-box banner-layer x50 md-x50 lg-x50 y50 md-y50 lg-y50 res-text\">\n                                <div class=\"text-box-content text dark text-shadow-2\">\n              \n              <div class=\"text-inner text-center\">\n                  \n<h1 class=\"uppercase\">Our rooms<\/h1>\n              <\/div>\n           <\/div>\n                            \n<style>\n#text-box-1612984502 {\n  width: 71%;\n}\n#text-box-1612984502 .text-box-content {\n  font-size: 100%;\n}\n<\/style>\n    <\/div>\n \n        <\/div>\n      <\/div>\n\n            \n<style>\n#banner-1525815945 {\n  padding-top: 200px;\n}\n#banner-1525815945 .overlay {\n  background-color: rgba(0,0,0,.5);\n}\n@media (min-width:550px) {\n  #banner-1525815945 {\n    padding-top: 350px;\n  }\n}\n<\/style>\n  <\/div>\n\n\n\n\t<section class=\"section\" id=\"section_1366323869\">\n\t\t<div class=\"section-bg fill\" >\n\t\t\t\t\t\t\t\t\t\n\t\t\t\n\n\t\t<\/div>\n\n\t\t\n\n\t\t<div class=\"section-content relative\">\n\t\t\t\n<div class=\"row\"  id=\"row-495366864\">\n\n\t<div id=\"col-1383681432\" class=\"col small-12 large-12\"  >\n\t\t\t\t<div class=\"col-inner\"  >\n\t\t\t\n\t\t\t\n<h4 data-start=\"129\" data-end=\"583\"><strong data-start=\"129\" data-end=\"191\">T\u00e4llbergsg\u00e5rden \u2013 A Historic Stay in the Heart of T\u00e4llberg<\/strong><\/h4>\n<p data-start=\"129\" data-end=\"583\">T\u00e4llbergsg\u00e5rden is one of the oldest properties offering accommodation in the village. Still family-owned, it now combines the charm of a historic building with modern hotel and restaurant facilities. We offer 30 individually furnished rooms, each with a romantic and personal atmosphere. Options range from spacious suites and mini-suites with Jacuzzis to cozy double and single rooms.<\/p>\n<h4 data-start=\"585\" data-end=\"991\"><strong data-start=\"585\" data-end=\"628\">Unique Rooms Across a Historic Property<\/strong><\/h4>\n<p data-start=\"585\" data-end=\"991\">As a historic property, only a few rooms are located in the main building. The remaining rooms are spread across charming houses throughout the hotel grounds, offering a variety of categories. All rooms include a shower or bath, WC, LCD TV, telephone, and complimentary Wi-Fi. Some rooms also feature Tempur or Carpe Diem beds, balconies, or open fireplaces.<\/p>\n<p data-start=\"993\" data-end=\"1067\">To ensure your preferred room, please inform our reception when booking.<\/p>\n<h4 data-start=\"44\" data-end=\"246\"><strong data-start=\"44\" data-end=\"72\">Extra beds \/ Child rates<\/strong><\/h4>\n<p data-start=\"44\" data-end=\"246\">If you wish to stay with more people in the room, mini suites are usually required.<br data-start=\"158\" data-end=\"161\" \/>Prices for extra beds always include breakfast. Extra beds must be booked in advance.<\/p>\n<p data-start=\"248\" data-end=\"656\">Crib\u00a0 \u00a0 \u00a0 \u00a0 \u00a0 \u00a0 \u00a0 \u00a0 \u00a0 \u00a0 \u00a0 \u00a0 \u00a0 \u00a0 \u00a0 \u00a0 \u00a0 \u00a0 \u00a0 \u00a0 \u00a0 \u00a0 \u00a0 \u00a0 \u00a0 \u00a0 \u00a0 \u00a0 \u00a0 \u00a0 \u00a0 \u00a0 \u00a0 \u00a0 \u00a0 \u00a0 \u00a0 \u00a0 \u00a0 \u00a0SEK 275 per night<br data-start=\"348\" data-end=\"351\" \/>Extra bed\/sofa bed for children 2\u201312 years\u00a0 \u00a0 \u00a0 \u00a0 SEK 375 per night<br data-start=\"419\" data-end=\"422\" \/>Extra bed\/sofa bed for teenagers 13\u201317 years\u00a0 \u00a0SEK 395 per night<br data-start=\"487\" data-end=\"490\" \/>Extra bed\/sofa bed for adults\u00a0 \u00a0 \u00a0 \u00a0 \u00a0 \u00a0 \u00a0 \u00a0 \u00a0 \u00a0 \u00a0 \u00a0 \u00a0 \u00a0 \u00a0 \u00a0 \u00a0 SEK 895 per night<br data-start=\"572\" data-end=\"575\" data-is-only-node=\"\" \/>Child sharing bed with parents\u00a0 \u00a0 \u00a0 \u00a0 \u00a0 \u00a0 \u00a0 \u00a0 \u00a0 \u00a0 \u00a0 \u00a0 \u00a0 \u00a0 \u00a0 \u00a0SEK 125 per night<\/p>\n<h5>Pets<\/h5>\n<p>We accept pets in some of our double rooms and in h\u00e4rbret (not in suites, mini suites and double rooms with a view). The cost of pets is SEK 350\/pet per stay. Inform the reception before arrival.<\/p>\n<h4><strong data-start=\"43\" data-end=\"54\">Smoking<\/strong><\/h4>\n<p>The entire building and the outdoor dining area are smoke-free. Smoking is permitted only in the designated area in the parking lot. A cleaning fee of SEK 2,500 will be charged if smoking occurs in the room.<\/p>\n<h5>Electric cars<\/h5>\n<p>We have 3 electric car chargers in our parking lot. Electric car chargers are available subject to space and cannot be pre-booked. We charge SEK 4 per Kw for charging. To start charging, you need to register at the reception. When you have finished charging, please move the car so that other guests also have the opportunity to charge. Thanks so much.<\/p>\n<h5 data-start=\"48\" data-end=\"397\"><strong data-start=\"48\" data-end=\"88\">Transfer from T\u00e4llberg Train Station<\/strong><\/h5>\n<p data-start=\"48\" data-end=\"397\">Hotel transfer from T\u00e4llberg train station.<br data-start=\"134\" data-end=\"137\" \/>Are you traveling by train? We will be happy to pick you up at T\u00e4llberg station and take you directly to the hotel. Please contact the reception with your train\u2019s arrival time, and we will be ready when you arrive.<br data-start=\"351\" data-end=\"354\" \/>Price: One-way transfer SEK 100 per person.<\/p>\n<hr data-start=\"399\" data-end=\"402\" \/>\n<h5 data-start=\"404\" data-end=\"655\"><strong data-start=\"404\" data-end=\"451\">Going to a game at Tegera Arena in Leksand?<\/strong><\/h5>\n<p data-start=\"404\" data-end=\"655\">The hockey bus is available for booking. It is possible to purchase a bus ticket + match ticket as a package, or just a bus ticket if you already have your match ticket.<br data-start=\"623\" data-end=\"626\" \/>More information: <a href=\"https:\/\/www.leksandsif.se\/match\/hockeybussen\" target=\"_blank\" rel=\"noopener\">Hockey Bus.<\/a><\/p>\n<hr data-start=\"657\" data-end=\"660\" \/>\n<h5 data-start=\"662\" data-end=\"1291\"><strong data-start=\"662\" data-end=\"689\">Taxi in Leksand\/R\u00e4ttvik<\/strong><\/h5>\n<p data-start=\"662\" data-end=\"1291\">Taxi S\u00e4len has operated taxi services in S\u00e4len, Tand\u00e5dalen, and Lindvallen for many years. We have extensive experience and in-depth knowledge of the taxi business. Taxi S\u00e4len provides all types of taxi services, and our drivers will take you safely and comfortably in modern vehicles.<br data-start=\"977\" data-end=\"980\" \/>Travel affordably with Taxi S\u00e4len even during the summer in Leksand and surrounding areas such as R\u00e4ttvik, T\u00e4llberg, Dalhalla, and more.<br data-start=\"1116\" data-end=\"1119\" \/>From week 37, we operate only Thursday\u2013Sunday at lunchtime in Leksand and R\u00e4ttvik.<br data-start=\"1201\" data-end=\"1204\" \/>To book your trip in Leksand, call us at +46 247 14 000.<br data-start=\"1260\" data-end=\"1263\" \/><a href=\"https:\/\/xn--bokataxislen-ocb.se\/leksand\" target=\"_blank\" rel=\"noopener\">More information about Taxi.<\/a><\/p>\n<h5>Options for your booking<br \/>Add a little extra luxury to your stay by choosing one or a few of our options.<\/h5>\n<p>Flowers in the room from SEK 399 (must be ordered at least 2 days before arrival)<br \/>Bottle of Champagne in the room SEK 815<br \/>Bottle of Cava in the room SEK 595<br \/>Bottle of house red wine\/white wine in the room SEK 425<\/p>\n<h5>We match the price<\/h5>\n<p>Have you found a cheaper price for the room elsewhere? We match the price. Contact us on phone 0247 50850 and we will book you in at that price. Feel free to check the checklist.<\/p>\n<h5>Checklist<\/h5>\n<p>The prize must be for the same accommodation and the same accommodation option.<br \/>The price must be valid for the same check-in and check-out date.<br \/>The price must include the same rules and cancellation conditions.<\/p>\n\t\t<\/div>\n\t\t\t\t\t<\/div>\n\n\t\n<\/div>\n\t\t<\/div>\n\n\t\t\n<style>\n#section_1366323869 {\n  padding-top: 25px;\n  padding-bottom: 25px;\n}\n<\/style>\n\t<\/section>\n\t\n<div class=\"text-center\"><div class=\"is-divider divider clearfix\" style=\"margin-top:2.0em;margin-bottom:2.0em;max-width:800px;height:1px;\"><\/div><\/div>\n<div class=\"row row-large\"  id=\"row-838703689\">\n\n\t<div id=\"col-1728500391\" class=\"col medium-6 small-12 large-6\"  >\n\t\t\t\t<div class=\"col-inner text-center\"  >\n\t\t\t\n\t\t\t\n<h4 class=\"uppercase\">SUITES WITH JACUZZI<\/h4>\n\t<div class=\"box has-hover   has-hover box-text-bottom\" >\n\n\t\t<div class=\"box-image\" >\n\t\t\t\t\t\t<div class=\"\" >\n\t\t\t\t<img loading=\"lazy\" decoding=\"async\" width=\"700\" height=\"467\" src=\"https:\/\/tallbergsgarden.se\/wp-content\/uploads\/2019\/07\/svit-bubbelbad.jpg\" class=\"attachment- size-\" alt=\"Lyxa till det med bubbelbad och \u00f6ppen spis p\u00e5 hotellrummet\" srcset=\"https:\/\/tallbergsgarden.se\/wp-content\/uploads\/2019\/07\/svit-bubbelbad.jpg 700w, https:\/\/tallbergsgarden.se\/wp-content\/uploads\/2019\/07\/svit-bubbelbad-300x200.jpg 300w\" sizes=\"auto, (max-width: 700px) 100vw, 700px\" \/>\t\t\t\t\t\t\t\t\t\t\t<\/div>\n\t\t\t\t\t<\/div>\n\n\t\t<div class=\"box-text text-left\" >\n\t\t\t<div class=\"box-text-inner\">\n\t\t\t\t\n<h4 data-start=\"75\" data-end=\"406\"><strong data-start=\"75\" data-end=\"89\">Our Suites<\/strong><\/h4>\n<p data-start=\"75\" data-end=\"406\">Our suites are tastefully decorated, each featuring either a balcony or a private veranda. Some also include a Jacuzzi. Suites 8 and 9 have been recently renovated and offer the finest views of Lake Siljan. Suite 8 features both a bathtub and a shower, while Suite 9 offers a double shower and a separate toilet.<\/p>\n<p data-start=\"408\" data-end=\"670\">Suite 24, located in the main building, boasts a balcony facing two directions. Suite 33, in Lissgattug\u00e5rden, has a slightly more modern design and a large balcony overlooking Lake Siljan. In Mellang\u00e5rden, Suite 4 offers a private terrace and a cozy fireplace.<\/p>\n\t\t\t<\/div>\n\t\t<\/div>\n\t<\/div>\n\t\n\t\t<\/div>\n\t\t\t\t\t<\/div>\n\n\t\n\n\t<div id=\"col-1743309838\" class=\"col medium-6 small-12 large-6\"  >\n\t\t\t\t<div class=\"col-inner text-center\"  >\n\t\t\t\n\t\t\t\n<h4 class=\"uppercase\">MINI-SUITES WITH JACUZZI<\/h4>\n\t<div class=\"box has-hover   has-hover box-text-bottom\" >\n\n\t\t<div class=\"box-image\" >\n\t\t\t\t\t\t<div class=\"\" >\n\t\t\t\t<img loading=\"lazy\" decoding=\"async\" width=\"700\" height=\"467\" src=\"https:\/\/tallbergsgarden.se\/wp-content\/uploads\/2019\/07\/2paket.jpg\" class=\"attachment- size-\" alt=\"Trivselfaktorn \u00e4r h\u00f6g p\u00e5 v\u00e5ra hotellrum\" srcset=\"https:\/\/tallbergsgarden.se\/wp-content\/uploads\/2019\/07\/2paket.jpg 700w, https:\/\/tallbergsgarden.se\/wp-content\/uploads\/2019\/07\/2paket-300x200.jpg 300w\" sizes=\"auto, (max-width: 700px) 100vw, 700px\" \/>\t\t\t\t\t\t\t\t\t\t\t<\/div>\n\t\t\t\t\t<\/div>\n\n\t\t<div class=\"box-text text-left\" >\n\t\t\t<div class=\"box-text-inner\">\n\t\t\t\t\n<h4><strong data-start=\"68\" data-end=\"96\">Mini Suites with Jacuzzi<\/strong><\/h4>\n<p>Our mini suites with Jacuzzi are romantically decorated, perfect for a cozy getaway. We have two mini suites in Mellang\u00e5rden, each featuring a private outdoor terrace with garden views, a fireplace, a Jacuzzi, and a shower.<\/p>\n\t\t\t<\/div>\n\t\t<\/div>\n\t<\/div>\n\t\n\t\t<\/div>\n\t\t\t\t\t<\/div>\n\n\t\n<\/div>\n<div class=\"row row-large\"  id=\"row-1250573683\">\n\n\t<div id=\"col-1770239036\" class=\"col medium-6 small-12 large-6\"  >\n\t\t\t\t<div class=\"col-inner text-center\"  >\n\t\t\t\n\t\t\t\n<h4 class=\"uppercase\">MINI-SUITES<\/h4>\n\t<div class=\"box has-hover   has-hover box-text-bottom\" >\n\n\t\t<div class=\"box-image\" >\n\t\t\t\t\t\t<div class=\"\" >\n\t\t\t\t<img loading=\"lazy\" decoding=\"async\" width=\"700\" height=\"467\" src=\"https:\/\/tallbergsgarden.se\/wp-content\/uploads\/2019\/07\/20paket.jpg\" class=\"attachment- size-\" alt=\"Ett av de mysiga hotellrummen p\u00e5 T\u00e4llbergsg\u00e5rden\" srcset=\"https:\/\/tallbergsgarden.se\/wp-content\/uploads\/2019\/07\/20paket.jpg 700w, https:\/\/tallbergsgarden.se\/wp-content\/uploads\/2019\/07\/20paket-300x200.jpg 300w\" sizes=\"auto, (max-width: 700px) 100vw, 700px\" \/>\t\t\t\t\t\t\t\t\t\t\t<\/div>\n\t\t\t\t\t<\/div>\n\n\t\t<div class=\"box-text text-left\" >\n\t\t\t<div class=\"box-text-inner\">\n\t\t\t\t\n<h4><strong data-start=\"75\" data-end=\"90\">Mini Suites<\/strong><\/h4>\n<p>Our mini suites are charmingly and romantically decorated, with some rooms featuring Tempur mattresses for extra comfort. If you have a specific room in mind, please contact the reception when booking. These rooms are larger than standard double rooms and offer balconies with views over Lake Siljan. Many of the mini suites can also be used as family rooms. We have mini suites located both in the main building and in Lissgattug\u00e5rden.<\/p>\n\t\t\t<\/div>\n\t\t<\/div>\n\t<\/div>\n\t\n\t\t<\/div>\n\t\t\t\t\t<\/div>\n\n\t\n\n\t<div id=\"col-1555490964\" class=\"col medium-6 small-12 large-6\"  >\n\t\t\t\t<div class=\"col-inner text-center\"  >\n\t\t\t\n\t\t\t\n<h4 class=\"uppercase\">DOUBLE-ROOMS<\/h4>\n\t<div class=\"box has-hover   has-hover box-text-bottom\" >\n\n\t\t<div class=\"box-image\" >\n\t\t\t\t\t\t<div class=\"\" >\n\t\t\t\t<img loading=\"lazy\" decoding=\"async\" width=\"700\" height=\"467\" src=\"https:\/\/tallbergsgarden.se\/wp-content\/uploads\/2019\/07\/18paket.jpg\" class=\"attachment- size-\" alt=\"Vy fr\u00e5n boende i T\u00e4llberg\" srcset=\"https:\/\/tallbergsgarden.se\/wp-content\/uploads\/2019\/07\/18paket.jpg 700w, https:\/\/tallbergsgarden.se\/wp-content\/uploads\/2019\/07\/18paket-300x200.jpg 300w\" sizes=\"auto, (max-width: 700px) 100vw, 700px\" \/>\t\t\t\t\t\t\t\t\t\t\t<\/div>\n\t\t\t\t\t<\/div>\n\n\t\t<div class=\"box-text text-left\" >\n\t\t\t<div class=\"box-text-inner\">\n\t\t\t\t\n<h4><strong data-start=\"78\" data-end=\"94\">Double Rooms<\/strong><\/h4>\n<p>Our double rooms are romantically decorated guest rooms, with most offering beautiful views of Lake Siljan. In Lissgattug\u00e5rden, the \u201cDouble Room with View\u201d features a slightly more modern d\u00e9cor while retaining its charming character.<\/p>\n\t\t\t<\/div>\n\t\t<\/div>\n\t<\/div>\n\t\n\t\t<\/div>\n\t\t\t\t\t<\/div>\n\n\t\n<\/div>\n<div class=\"text-center\"><div class=\"is-divider divider clearfix\" style=\"margin-top:2.0em;margin-bottom:2.0em;max-width:800px;height:1px;\"><\/div><\/div>\n\n  <div class=\"banner has-hover\" id=\"banner-73863293\">\n          <div class=\"banner-inner fill\">\n        <div class=\"banner-bg fill\" >\n            <img loading=\"lazy\" decoding=\"async\" width=\"768\" height=\"512\" src=\"https:\/\/tallbergsgarden.se\/wp-content\/uploads\/2019\/07\/minisvit_rum_22_11.jpg\" class=\"bg attachment-large size-large\" alt=\"Minisvit\" \/>                        <div class=\"overlay\"><\/div>            \n                    <\/div>\n\t\t\n        <div class=\"banner-layers container\">\n            <div class=\"fill banner-link\"><\/div>            \n   <div id=\"text-box-642989290\" class=\"text-box banner-layer x50 md-x50 lg-x50 y50 md-y50 lg-y50 res-text\">\n                                <div class=\"text-box-content text dark\">\n              \n              <div class=\"text-inner text-center\">\n                  \n\t<div id=\"gap-1007654133\" class=\"gap-element clearfix\" style=\"display:block; height:auto;\">\n\t\t\n<style>\n#gap-1007654133 {\n  padding-top: 10px;\n}\n<\/style>\n\t<\/div>\n\t\n<h2><span style=\"font-size: 85%;\"><strong>BOOK A ROOM ONLINE<\/strong><\/span><\/h2>\n\t<div id=\"gap-1075133810\" class=\"gap-element clearfix\" style=\"display:block; height:auto;\">\n\t\t\n<style>\n#gap-1075133810 {\n  padding-top: 10px;\n}\n<\/style>\n\t<\/div>\n\t\n<a href=\"\/en\/book-online\/\" class=\"button white is-outline is-larger\" style=\"border-radius:10px;\">\n\t\t<span>BOOK NOW<\/span>\n\t<\/a>\n\n              <\/div>\n           <\/div>\n                            \n<style>\n#text-box-642989290 {\n  width: 90%;\n}\n#text-box-642989290 .text-box-content {\n  font-size: 100%;\n}\n@media (min-width:550px) {\n  #text-box-642989290 {\n    width: 60%;\n  }\n}\n<\/style>\n    <\/div>\n \n        <\/div>\n      <\/div>\n\n            \n<style>\n#banner-73863293 {\n  padding-top: 225px;\n}\n#banner-73863293 .overlay {\n  background-color: rgba(206, 157, 75, 0.6);\n}\n@media (min-width:550px) {\n  #banner-73863293 {\n    padding-top: 300px;\n  }\n}\n<\/style>\n  <\/div>\n\n\n<div class=\"text-center\"><div class=\"is-divider divider clearfix\" style=\"margin-top:2.0em;margin-bottom:2.0em;max-width:800px;height:1px;\"><\/div><\/div>\n<div class=\"row\"  id=\"row-1960571748\">\n<\/div>\n","protected":false},"excerpt":{"rendered":"","protected":false},"author":2,"featured_media":0,"parent":0,"menu_order":0,"comment_status":"closed","ping_status":"closed","template":"page-blank.php","meta":{"footnotes":""},"class_list":["post-1006","page","type-page","status-publish","hentry"],"yoast_head":"<!-- This site is optimized with the Yoast SEO plugin v27.5 - https:\/\/yoast.com\/product\/yoast-seo-wordpress\/ -->\n<title>The Rooms - T\u00e4llbergsg\u00e5rden<\/title>\n<meta name=\"robots\" content=\"index, follow, max-snippet:-1, max-image-preview:large, max-video-preview:-1\" \/>\n<link rel=\"canonical\" href=\"https:\/\/tallbergsgarden.se\/en\/the-rooms\/\" \/>\n<meta property=\"og:locale\" content=\"en_US\" \/>\n<meta property=\"og:type\" content=\"article\" \/>\n<meta property=\"og:title\" content=\"The Rooms - T\u00e4llbergsg\u00e5rden\" \/>\n<meta property=\"og:url\" content=\"https:\/\/tallbergsgarden.se\/en\/the-rooms\/\" \/>\n<meta property=\"og:site_name\" content=\"T\u00e4llbergsg\u00e5rden\" \/>\n<meta property=\"article:modified_time\" content=\"2026-01-18T10:42:23+00:00\" \/>\n<meta name=\"twitter:card\" content=\"summary_large_image\" \/>\n<meta name=\"twitter:label1\" content=\"Est. reading time\" \/>\n\t<meta name=\"twitter:data1\" content=\"6 minutes\" \/>\n<script type=\"application\/ld+json\" class=\"yoast-schema-graph\">{\"@context\":\"https:\\\/\\\/schema.org\",\"@graph\":[{\"@type\":\"WebPage\",\"@id\":\"https:\\\/\\\/tallbergsgarden.se\\\/en\\\/the-rooms\\\/\",\"url\":\"https:\\\/\\\/tallbergsgarden.se\\\/en\\\/the-rooms\\\/\",\"name\":\"The Rooms - T\u00e4llbergsg\u00e5rden\",\"isPartOf\":{\"@id\":\"https:\\\/\\\/tallbergsgarden.se\\\/en\\\/#website\"},\"datePublished\":\"2019-11-13T19:43:46+00:00\",\"dateModified\":\"2026-01-18T10:42:23+00:00\",\"breadcrumb\":{\"@id\":\"https:\\\/\\\/tallbergsgarden.se\\\/en\\\/the-rooms\\\/#breadcrumb\"},\"inLanguage\":\"en-US\",\"potentialAction\":[{\"@type\":\"ReadAction\",\"target\":[\"https:\\\/\\\/tallbergsgarden.se\\\/en\\\/the-rooms\\\/\"]}]},{\"@type\":\"BreadcrumbList\",\"@id\":\"https:\\\/\\\/tallbergsgarden.se\\\/en\\\/the-rooms\\\/#breadcrumb\",\"itemListElement\":[{\"@type\":\"ListItem\",\"position\":1,\"name\":\"Home\",\"item\":\"https:\\\/\\\/tallbergsgarden.se\\\/en\\\/\"},{\"@type\":\"ListItem\",\"position\":2,\"name\":\"The Rooms\"}]},{\"@type\":\"WebSite\",\"@id\":\"https:\\\/\\\/tallbergsgarden.se\\\/en\\\/#website\",\"url\":\"https:\\\/\\\/tallbergsgarden.se\\\/en\\\/\",\"name\":\"T\u00e4llbergsg\u00e5rden\",\"description\":\"Ett hotell med gamla anor som lyser med riktig dalaatmosf\u00e4r\",\"publisher\":{\"@id\":\"https:\\\/\\\/tallbergsgarden.se\\\/en\\\/#organization\"},\"potentialAction\":[{\"@type\":\"SearchAction\",\"target\":{\"@type\":\"EntryPoint\",\"urlTemplate\":\"https:\\\/\\\/tallbergsgarden.se\\\/en\\\/?s={search_term_string}\"},\"query-input\":{\"@type\":\"PropertyValueSpecification\",\"valueRequired\":true,\"valueName\":\"search_term_string\"}}],\"inLanguage\":\"en-US\"},{\"@type\":\"Organization\",\"@id\":\"https:\\\/\\\/tallbergsgarden.se\\\/en\\\/#organization\",\"name\":\"T\u00e4llbergsg\u00e5rden\",\"url\":\"https:\\\/\\\/tallbergsgarden.se\\\/en\\\/\",\"logo\":{\"@type\":\"ImageObject\",\"inLanguage\":\"en-US\",\"@id\":\"https:\\\/\\\/tallbergsgarden.se\\\/en\\\/#\\\/schema\\\/logo\\\/image\\\/\",\"url\":\"https:\\\/\\\/tallbergsgarden.se\\\/wp-content\\\/uploads\\\/2019\\\/06\\\/tallberg-logo.png\",\"contentUrl\":\"https:\\\/\\\/tallbergsgarden.se\\\/wp-content\\\/uploads\\\/2019\\\/06\\\/tallberg-logo.png\",\"width\":2750,\"height\":661,\"caption\":\"T\u00e4llbergsg\u00e5rden\"},\"image\":{\"@id\":\"https:\\\/\\\/tallbergsgarden.se\\\/en\\\/#\\\/schema\\\/logo\\\/image\\\/\"}}]}<\/script>\n<!-- \/ Yoast SEO plugin. -->","yoast_head_json":{"title":"The Rooms - T\u00e4llbergsg\u00e5rden","robots":{"index":"index","follow":"follow","max-snippet":"max-snippet:-1","max-image-preview":"max-image-preview:large","max-video-preview":"max-video-preview:-1"},"canonical":"https:\/\/tallbergsgarden.se\/en\/the-rooms\/","og_locale":"en_US","og_type":"article","og_title":"The Rooms - T\u00e4llbergsg\u00e5rden","og_url":"https:\/\/tallbergsgarden.se\/en\/the-rooms\/","og_site_name":"T\u00e4llbergsg\u00e5rden","article_modified_time":"2026-01-18T10:42:23+00:00","twitter_card":"summary_large_image","twitter_misc":{"Est. reading time":"6 minutes"},"schema":{"@context":"https:\/\/schema.org","@graph":[{"@type":"WebPage","@id":"https:\/\/tallbergsgarden.se\/en\/the-rooms\/","url":"https:\/\/tallbergsgarden.se\/en\/the-rooms\/","name":"The Rooms - T\u00e4llbergsg\u00e5rden","isPartOf":{"@id":"https:\/\/tallbergsgarden.se\/en\/#website"},"datePublished":"2019-11-13T19:43:46+00:00","dateModified":"2026-01-18T10:42:23+00:00","breadcrumb":{"@id":"https:\/\/tallbergsgarden.se\/en\/the-rooms\/#breadcrumb"},"inLanguage":"en-US","potentialAction":[{"@type":"ReadAction","target":["https:\/\/tallbergsgarden.se\/en\/the-rooms\/"]}]},{"@type":"BreadcrumbList","@id":"https:\/\/tallbergsgarden.se\/en\/the-rooms\/#breadcrumb","itemListElement":[{"@type":"ListItem","position":1,"name":"Home","item":"https:\/\/tallbergsgarden.se\/en\/"},{"@type":"ListItem","position":2,"name":"The Rooms"}]},{"@type":"WebSite","@id":"https:\/\/tallbergsgarden.se\/en\/#website","url":"https:\/\/tallbergsgarden.se\/en\/","name":"T\u00e4llbergsg\u00e5rden","description":"Ett hotell med gamla anor som lyser med riktig dalaatmosf\u00e4r","publisher":{"@id":"https:\/\/tallbergsgarden.se\/en\/#organization"},"potentialAction":[{"@type":"SearchAction","target":{"@type":"EntryPoint","urlTemplate":"https:\/\/tallbergsgarden.se\/en\/?s={search_term_string}"},"query-input":{"@type":"PropertyValueSpecification","valueRequired":true,"valueName":"search_term_string"}}],"inLanguage":"en-US"},{"@type":"Organization","@id":"https:\/\/tallbergsgarden.se\/en\/#organization","name":"T\u00e4llbergsg\u00e5rden","url":"https:\/\/tallbergsgarden.se\/en\/","logo":{"@type":"ImageObject","inLanguage":"en-US","@id":"https:\/\/tallbergsgarden.se\/en\/#\/schema\/logo\/image\/","url":"https:\/\/tallbergsgarden.se\/wp-content\/uploads\/2019\/06\/tallberg-logo.png","contentUrl":"https:\/\/tallbergsgarden.se\/wp-content\/uploads\/2019\/06\/tallberg-logo.png","width":2750,"height":661,"caption":"T\u00e4llbergsg\u00e5rden"},"image":{"@id":"https:\/\/tallbergsgarden.se\/en\/#\/schema\/logo\/image\/"}}]}},"_links":{"self":[{"href":"https:\/\/tallbergsgarden.se\/en\/wp-json\/wp\/v2\/pages\/1006","targetHints":{"allow":["GET"]}}],"collection":[{"href":"https:\/\/tallbergsgarden.se\/en\/wp-json\/wp\/v2\/pages"}],"about":[{"href":"https:\/\/tallbergsgarden.se\/en\/wp-json\/wp\/v2\/types\/page"}],"author":[{"embeddable":true,"href":"https:\/\/tallbergsgarden.se\/en\/wp-json\/wp\/v2\/users\/2"}],"replies":[{"embeddable":true,"href":"https:\/\/tallbergsgarden.se\/en\/wp-json\/wp\/v2\/comments?post=1006"}],"version-history":[{"count":19,"href":"https:\/\/tallbergsgarden.se\/en\/wp-json\/wp\/v2\/pages\/1006\/revisions"}],"predecessor-version":[{"id":6481,"href":"https:\/\/tallbergsgarden.se\/en\/wp-json\/wp\/v2\/pages\/1006\/revisions\/6481"}],"wp:attachment":[{"href":"https:\/\/tallbergsgarden.se\/en\/wp-json\/wp\/v2\/media?parent=1006"}],"curies":[{"name":"wp","href":"https:\/\/api.w.org\/{rel}","templated":true}]}}